{"id":113,"date":"2025-05-25T17:13:17","date_gmt":"2025-05-25T17:13:17","guid":{"rendered":"https:\/\/glampex.hu\/about\/"},"modified":"2025-10-25T12:15:29","modified_gmt":"2025-10-25T12:15:29","slug":"about","status":"publish","type":"page","link":"https:\/\/glampex.hu\/hu\/about\/","title":{"rendered":"R\u00f3lunk"},"content":{"rendered":"<div class=\"wp-block-cover is-light force-full-width\"><img loading=\"lazy\" decoding=\"async\" width=\"1024\" height=\"677\" class=\"wp-block-cover__image-background wp-image-1841 size-large\" alt=\"\" src=\"https:\/\/glampex.hu\/wp-content\/uploads\/2025\/07\/WhatsApp-Image-2025-07-26-at-13.12.38_e88fbfe4-e1753528513896-1024x677.jpg\" data-object-fit=\"cover\" srcset=\"https:\/\/glampex.hu\/wp-content\/uploads\/2025\/07\/WhatsApp-Image-2025-07-26-at-13.12.38_e88fbfe4-e1753528513896-1024x677.jpg 1024w, https:\/\/glampex.hu\/wp-content\/uploads\/2025\/07\/WhatsApp-Image-2025-07-26-at-13.12.38_e88fbfe4-e1753528513896-300x198.jpg 300w, https:\/\/glampex.hu\/wp-content\/uploads\/2025\/07\/WhatsApp-Image-2025-07-26-at-13.12.38_e88fbfe4-e1753528513896-768x508.jpg 768w, https:\/\/glampex.hu\/wp-content\/uploads\/2025\/07\/WhatsApp-Image-2025-07-26-at-13.12.38_e88fbfe4-e1753528513896-100x66.jpg 100w, https:\/\/glampex.hu\/wp-content\/uploads\/2025\/07\/WhatsApp-Image-2025-07-26-at-13.12.38_e88fbfe4-e1753528513896-18x12.jpg 18w, https:\/\/glampex.hu\/wp-content\/uploads\/2025\/07\/WhatsApp-Image-2025-07-26-at-13.12.38_e88fbfe4-e1753528513896.jpg 1512w\" sizes=\"auto, (max-width: 1024px) 100vw, 1024px\" \/><span aria-hidden=\"true\" class=\"wp-block-cover__background has-background-dim\" style=\"background-color:#9ca0ab\"><\/span><div class=\"wp-block-cover__inner-container has-global-padding is-layout-constrained wp-block-cover-is-layout-constrained\"><h2 style=\"background-color:#0000004f;\" class=\"has-text-align-center has-link-color wp-elements-d2f36eabb9bfce479a5c81586aeaa293 wp-block-post-title has-text-color has-white-color has-background\">R\u00f3lunk<\/h2><\/div><\/div>\n\n\n\n<div style=\"height:50px\" aria-hidden=\"true\" class=\"wp-block-spacer\"><\/div>\n\n\n\n<div class=\"wp-block-group is-nowrap is-layout-flex wp-container-core-group-is-layout-6c531013 wp-block-group-is-layout-flex\" style=\"min-height:0px\">\n<div class=\"wp-block-group is-vertical is-layout-flex wp-container-core-group-is-layout-fe9cc265 wp-block-group-is-layout-flex\">\n<div class=\"wp-block-group is-vertical is-layout-flex wp-container-core-group-is-layout-fe9cc265 wp-block-group-is-layout-flex\">\n<h2 class=\"wp-block-heading has-border-color has-contrast-dark-border-color has-superbfont-large-font-size\" style=\"border-width:12px\"><strong>A glamping ir\u00e1nti szenved\u00e9ly\u00fcnk \u00e9s a piac potenci\u00e1lja<\/strong><\/h2>\n<\/div>\n<\/div>\n<\/div>\n\n\n\n<div style=\"height:20px\" aria-hidden=\"true\" class=\"wp-block-spacer\"><\/div>\n\n\n\n<p class=\"has-border-color has-contrast-dark-border-color\" style=\"border-width:16px\"><span class=\"has-superb-addons-text-align-justify\">We believe it\u2019s no coincidence that after centuries of urbanization, the desire to reconnect with nature is stronger than ever \u2014 while still not wanting to give up the foundations of 21st-century comfort. We feel the same way. The COVID pandemic accelerated this shift, and glamping has been gaining momentum across the globe, turning beautiful, unique locations into extraordinary accommodation experiences.<br>Hungary is full of breathtaking yet underutilized areas where, with the right level of comfort, people would gladly spend even their entire annual vacation in peace and quiet.<br>Driven by this idea, and following years of research, we found what we believe is the most ideal glamping structure in every respect: the geodesic dome. In partnership with a high-quality manufacturer and holding exclusive distribution rights, Glampex is ready to serve the geodome-based glamping needs of all of Hungary \u2014 with heart and soul.<\/span><\/p>\n\n\n\n<div style=\"height:17px\" aria-hidden=\"true\" class=\"wp-block-spacer\"><\/div>\n\n\n\n<h2 class=\"wp-block-heading has-text-align-left has-border-color has-mono-2-border-color has-white-color has-text-color has-background has-link-color has-superbfont-large-font-size wp-elements-08f963a23083c87edf2c0c6de11d50b8\" style=\"border-width:1px;background-color:#3c4d4bd1;margin-right:0;margin-left:0;padding-top:0;padding-right:var(--wp--preset--spacing--superbspacing-small);padding-bottom:0;padding-left:var(--wp--preset--spacing--superbspacing-small)\">Alap\u00edt\u00f3k<\/h2>\n\n\n\n<div style=\"height:23px\" aria-hidden=\"true\" class=\"wp-block-spacer\"><\/div>\n\n\n\n<div class=\"wp-block-columns is-layout-flex wp-container-core-columns-is-layout-28f84493 wp-block-columns-is-layout-flex\">\n<div class=\"wp-block-column is-layout-flow wp-block-column-is-layout-flow\">\n<h2 class=\"wp-block-heading has-text-align-left has-superbfont-medium-font-size\">Fejes M\u00e1rk<\/h2>\n\n\n\n<figure class=\"wp-block-image size-full is-resized has-custom-border\" style=\"margin-right:var(--wp--preset--spacing--superbspacing-small);margin-left:var(--wp--preset--spacing--superbspacing-small)\"><img loading=\"lazy\" decoding=\"async\" width=\"946\" height=\"2048\" src=\"https:\/\/glampex.hu\/wp-content\/uploads\/2025\/07\/WhatsApp-Image-2025-07-26-at-13.28.12_2a0b0c8e.jpg\" alt=\"\" class=\"wp-image-1846\" style=\"border-width:5px;aspect-ratio:1;object-fit:cover;width:200px\" srcset=\"https:\/\/glampex.hu\/wp-content\/uploads\/2025\/07\/WhatsApp-Image-2025-07-26-at-13.28.12_2a0b0c8e.jpg 946w, https:\/\/glampex.hu\/wp-content\/uploads\/2025\/07\/WhatsApp-Image-2025-07-26-at-13.28.12_2a0b0c8e-139x300.jpg 139w, https:\/\/glampex.hu\/wp-content\/uploads\/2025\/07\/WhatsApp-Image-2025-07-26-at-13.28.12_2a0b0c8e-473x1024.jpg 473w, https:\/\/glampex.hu\/wp-content\/uploads\/2025\/07\/WhatsApp-Image-2025-07-26-at-13.28.12_2a0b0c8e-768x1663.jpg 768w, https:\/\/glampex.hu\/wp-content\/uploads\/2025\/07\/WhatsApp-Image-2025-07-26-at-13.28.12_2a0b0c8e-100x216.jpg 100w, https:\/\/glampex.hu\/wp-content\/uploads\/2025\/07\/WhatsApp-Image-2025-07-26-at-13.28.12_2a0b0c8e-710x1536.jpg 710w, https:\/\/glampex.hu\/wp-content\/uploads\/2025\/07\/WhatsApp-Image-2025-07-26-at-13.28.12_2a0b0c8e-6x12.jpg 6w\" sizes=\"auto, (max-width: 946px) 100vw, 946px\" \/><\/figure>\n<\/div>\n\n\n\n<div class=\"wp-block-column is-layout-flow wp-block-column-is-layout-flow\">\n<h2 class=\"wp-block-heading has-text-align-left has-superbfont-medium-font-size\" style=\"margin-top:0;margin-bottom:0\">Szeber\u00e9nyi S\u00e1ndor<\/h2>\n\n\n\n<figure class=\"wp-block-image size-full is-resized has-custom-border\" style=\"margin-right:var(--wp--preset--spacing--superbspacing-small);margin-left:var(--wp--preset--spacing--superbspacing-small)\"><img loading=\"lazy\" decoding=\"async\" width=\"1192\" height=\"1600\" src=\"https:\/\/glampex.hu\/wp-content\/uploads\/2025\/07\/WhatsApp-Image-2025-07-26-at-13.30.03_038dfc5b.jpg\" alt=\"\" class=\"wp-image-1847\" style=\"border-width:5px;aspect-ratio:1;object-fit:cover;width:200px\" srcset=\"https:\/\/glampex.hu\/wp-content\/uploads\/2025\/07\/WhatsApp-Image-2025-07-26-at-13.30.03_038dfc5b.jpg 1192w, https:\/\/glampex.hu\/wp-content\/uploads\/2025\/07\/WhatsApp-Image-2025-07-26-at-13.30.03_038dfc5b-224x300.jpg 224w, https:\/\/glampex.hu\/wp-content\/uploads\/2025\/07\/WhatsApp-Image-2025-07-26-at-13.30.03_038dfc5b-763x1024.jpg 763w, https:\/\/glampex.hu\/wp-content\/uploads\/2025\/07\/WhatsApp-Image-2025-07-26-at-13.30.03_038dfc5b-768x1031.jpg 768w, https:\/\/glampex.hu\/wp-content\/uploads\/2025\/07\/WhatsApp-Image-2025-07-26-at-13.30.03_038dfc5b-100x134.jpg 100w, https:\/\/glampex.hu\/wp-content\/uploads\/2025\/07\/WhatsApp-Image-2025-07-26-at-13.30.03_038dfc5b-1144x1536.jpg 1144w, https:\/\/glampex.hu\/wp-content\/uploads\/2025\/07\/WhatsApp-Image-2025-07-26-at-13.30.03_038dfc5b-9x12.jpg 9w\" sizes=\"auto, (max-width: 1192px) 100vw, 1192px\" \/><\/figure>\n\n\n\n<h2 class=\"wp-block-heading has-text-align-center has-superbfont-medium-font-size\"><\/h2>\n<\/div>\n<\/div>\n\n\n\n<div class=\"wp-block-columns alignwide are-vertically-aligned-center custom-rounded-group has-mono-3-color has-text-color has-background has-link-color wp-elements-a465a7f57e760e127674ed71b8ee06fc wp-container-content-9cfa9a5a is-layout-flex wp-container-core-columns-is-layout-4ea1b460 wp-block-columns-is-layout-flex\" style=\"border-radius:22px;background-color:#3c4d4be3;padding-top:0;padding-right:0;padding-bottom:0;padding-left:0\">\n<div class=\"wp-block-column is-vertically-aligned-center my-80-columns is-layout-flow wp-container-core-column-is-layout-f016c79b wp-block-column-is-layout-flow\" style=\"padding-top:0;padding-right:0;padding-bottom:0;padding-left:0\">\n<div class=\"wp-block-group is-vertical is-layout-flex wp-container-core-group-is-layout-fe9cc265 wp-block-group-is-layout-flex\" style=\"border-radius:0px\">\n<div id=\"team\" class=\"wp-block-group is-vertical is-layout-flex wp-container-core-group-is-layout-c2310d08 wp-block-group-is-layout-flex\">\n<h2 class=\"wp-block-heading has-text-align-center has-white-color has-text-color has-link-color has-cormorant-garamond-font-family has-superbfont-large-font-size wp-elements-3b4292e07decd1cca13684f97c424a9e\" style=\"margin-top:var(--wp--preset--spacing--superbspacing-xlarge);margin-left:var(--wp--preset--spacing--superbspacing-xsmall);padding-top:0;padding-bottom:0\"><strong>Glampex \u2014 El\u00e9rhet\u0151v\u00e9 tessz\u00fck a pr\u00e9mium sz\u00e1ll\u00e1sfejleszt\u00e9st, a hazai piacon<\/strong><\/h2>\n\n\n\n<p class=\"has-text-align-left has-white-color has-text-color has-link-color has-superbfont-medium-font-size wp-elements-406fc38db7286c6f2e334dcec5bc237a translation-block\" style=\"margin-top:var(--wp--preset--spacing--superbspacing-large);margin-right:var(--wp--preset--spacing--superbspacing-xsmall);margin-bottom:var(--wp--preset--spacing--superbspacing-xsmall);margin-left:var(--wp--preset--spacing--superbspacing-xsmall)\">A Glampexet azzal a c\u00e9llal alap\u00edtottuk, hogy Magyarorsz\u00e1gon \u00e9s a k\u00f6z\u00e9p-kelet-eur\u00f3pai r\u00e9gi\u00f3ban emelj\u00fck a glamping sz\u00ednvonal\u00e1t. Szenved\u00e9ly\u00fcnk a term\u00e9szetk\u00f6zeli, kompromisszummentes kikapcsol\u00f3d\u00e1s, ez\u00e9rt k\u00edn\u00e1lunk pr\u00e9mium min\u0151s\u00e9g\u0171, m\u00e9gis megfizethet\u0151 geod\u00f3mokat glampinghely fejleszt\u0151knek, vend\u00e9gl\u00e1t\u00f3knak \u00e9s mag\u00e1nfelhaszn\u00e1l\u00f3knak egyar\u00e1nt.\n<br> <br>\nMeggy\u0151z\u0151d\u00e9s\u00fcnk, hogy a geod\u00f3m az egyik legide\u00e1lisabb glamping \u00e9p\u00edtm\u00e9ny: rendk\u00edv\u00fcl tart\u00f3s (m\u00e9g f\u00f6ldreng\u00e9s vagy extr\u00e9m id\u0151j\u00e1r\u00e1s eset\u00e9n is), energiatakar\u00e9kos, eszt\u00e9tikus \u00e9s pozit\u00edv \u00e9lettani hat\u00e1sokkal b\u00edr. \u00daj lehet\u0151s\u00e9get k\u00edn\u00e1l a term\u00e9szethez val\u00f3 kapcsol\u00f3d\u00e1sra, mik\u00f6zben k\u00e9nyelmes, eg\u00e9sz \u00e9vben haszn\u00e1lhat\u00f3 sz\u00e1ll\u00e1shelyet biztos\u00edt.\n<br> <br>\nK\u00fcldet\u00e9s\u00fcnk fenntarthat\u00f3, k\u00f6rnyezetbar\u00e1t \u00e9s innovat\u00edv sz\u00e1ll\u00e1smegold\u00e1sokat ny\u00fajtani olyan helysz\u00edneken, ahol az emberi jelenl\u00e9t nem vesz\u00e9lyezteti az \u00f6kosziszt\u00e9m\u00e1t. Jelenleg f\u0151k\u00e9nt k\u00fcl\u00f6nb\u00f6z\u0151 geod\u00f3mokat forgalmazunk, de hamarosan portf\u00f3li\u00f3nkat m\u00e1s glamping strukt\u00far\u00e1kkal is b\u0151v\u00edtj\u00fck.\n<br> <br>\nLegyen sz\u00f3 megl\u00e9v\u0151 v\u00e1llalkoz\u00e1sod egyedi sz\u00e1ll\u00e1slehet\u0151s\u00e9ggel val\u00f3 b\u0151v\u00edt\u00e9s\u00e9r\u0151l, \u00faj glamping projekt tervez\u00e9s\u00e9r\u0151l vagy szem\u00e9lyes haszn\u00e1latra sz\u00e1nt alternat\u00edv otthonr\u00f3l \u2014 keress minket bizalommal, \u00e9s l\u00e9gy r\u00e9szese ennek az izgalmas, folyamatosan fejl\u0151d\u0151 trendnek!<\/p>\n<\/div>\n<\/div>\n<\/div>\n\n\n\n<div class=\"wp-block-column is-vertically-aligned-center is-layout-flow wp-block-column-is-layout-flow\">\n<div class=\"wp-block-cover is-light has-border-color\" style=\"border-color:#ffffff59;border-width:3px;border-radius:124px;min-height:100vh;aspect-ratio:unset;\"><img loading=\"lazy\" decoding=\"async\" width=\"884\" height=\"922\" class=\"wp-block-cover__image-background wp-image-1878 size-full\" alt=\"\" src=\"https:\/\/glampex.hu\/wp-content\/uploads\/2025\/07\/WhatsApp-Image-2025-07-26-at-15.58.35_a36ba60b-e1753538855786.jpg\" data-object-fit=\"cover\" srcset=\"https:\/\/glampex.hu\/wp-content\/uploads\/2025\/07\/WhatsApp-Image-2025-07-26-at-15.58.35_a36ba60b-e1753538855786.jpg 884w, https:\/\/glampex.hu\/wp-content\/uploads\/2025\/07\/WhatsApp-Image-2025-07-26-at-15.58.35_a36ba60b-e1753538855786-288x300.jpg 288w, https:\/\/glampex.hu\/wp-content\/uploads\/2025\/07\/WhatsApp-Image-2025-07-26-at-15.58.35_a36ba60b-e1753538855786-768x801.jpg 768w, https:\/\/glampex.hu\/wp-content\/uploads\/2025\/07\/WhatsApp-Image-2025-07-26-at-15.58.35_a36ba60b-e1753538855786-100x104.jpg 100w, https:\/\/glampex.hu\/wp-content\/uploads\/2025\/07\/WhatsApp-Image-2025-07-26-at-15.58.35_a36ba60b-e1753538855786-12x12.jpg 12w\" sizes=\"auto, (max-width: 884px) 100vw, 884px\" \/><span aria-hidden=\"true\" class=\"wp-block-cover__background has-background-dim-20 has-background-dim\" style=\"background-color:#969295\"><\/span><div class=\"wp-block-cover__inner-container has-global-padding is-layout-constrained wp-block-cover-is-layout-constrained\">\n<p><\/p>\n<\/div><\/div>\n<\/div>\n<\/div>\n\n\n\n<div style=\"height:79px\" aria-hidden=\"true\" class=\"wp-block-spacer\"><\/div>\n\n\n\n<div class=\"wp-block-group alignwide is-content-justification-center is-nowrap is-layout-flex wp-container-core-group-is-layout-23441af8 wp-block-group-is-layout-flex\">\n<figure class=\"wp-block-image size-full is-resized\"><img loading=\"lazy\" decoding=\"async\" width=\"1707\" height=\"2560\" src=\"https:\/\/glampex.hu\/wp-content\/uploads\/2025\/06\/6m6-scaled.jpg\" alt=\"\" class=\"wp-image-1081\" style=\"object-fit:cover;width:612px;height:600px\" srcset=\"https:\/\/glampex.hu\/wp-content\/uploads\/2025\/06\/6m6-scaled.jpg 1707w, https:\/\/glampex.hu\/wp-content\/uploads\/2025\/06\/6m6-200x300.jpg 200w, https:\/\/glampex.hu\/wp-content\/uploads\/2025\/06\/6m6-683x1024.jpg 683w, https:\/\/glampex.hu\/wp-content\/uploads\/2025\/06\/6m6-768x1152.jpg 768w, https:\/\/glampex.hu\/wp-content\/uploads\/2025\/06\/6m6-100x150.jpg 100w, https:\/\/glampex.hu\/wp-content\/uploads\/2025\/06\/6m6-1024x1536.jpg 1024w, https:\/\/glampex.hu\/wp-content\/uploads\/2025\/06\/6m6-1365x2048.jpg 1365w, https:\/\/glampex.hu\/wp-content\/uploads\/2025\/06\/6m6-8x12.jpg 8w\" sizes=\"auto, (max-width: 1707px) 100vw, 1707px\" \/><\/figure>\n\n\n\n<div class=\"forminator-guttenberg\"><div class=\"forminator-ui forminator-custom-form forminator-custom-form-497 forminator-design--material  forminator_ajax\" data-forminator-render=\"0\" data-form=\"forminator-module-497\" data-uid=\"69ff71715fdde\"><br\/><\/div><form\n\t\t\t\tid=\"forminator-module-497\"\n\t\t\t\tclass=\"forminator-ui forminator-custom-form forminator-custom-form-497 forminator-design--material  forminator_ajax\"\n\t\t\t\tmethod=\"post\"\n\t\t\t\tdata-forminator-render=\"0\"\n\t\t\t\tdata-form-id=\"497\"\n\t\t\t\t data-color-option=\"theme\" data-design=\"material\" data-grid=\"open\" style=\"display: none;\"\n\t\t\t\tdata-uid=\"69ff71715fdde\" action=\"\"\n\t\t\t><div role=\"alert\" aria-live=\"polite\" class=\"forminator-response-message forminator-error\" aria-hidden=\"true\"><\/div><div class=\"forminator-row\"><div id=\"section-1\" class=\"forminator-field-section forminator-col forminator-col-12\"><div class=\"forminator-field\"><h2 class=\"forminator-title\">\ud83c\udf3f K\u00e9rdezz minket k\u00f6zvetlen\u00fcl<\/h2><h3 class=\"forminator-subtitle\">*:sz\u00fcks\u00e9ges mez\u0151<\/h3><\/div><\/div><\/div><div class=\"forminator-row\"><div id=\"name-1\" class=\"forminator-field-name forminator-col forminator-col-12\"><div class=\"forminator-field\"><label for=\"forminator-field-name-1_69ff71715fdde\" id=\"forminator-field-name-1_69ff71715fdde-label\" class=\"forminator-label\">Keresztn\u00e9v <span class=\"forminator-required\">*<\/span><\/label><input type=\"text\" name=\"name-1\" value=\"\" placeholder=\"\" id=\"forminator-field-name-1_69ff71715fdde\" class=\"forminator-input forminator-name--field\" aria-required=\"true\" autocomplete=\"name\" \/><\/div><\/div><\/div><div class=\"forminator-row\"><div id=\"email-1\" class=\"forminator-field-email forminator-col forminator-col-12\"><div class=\"forminator-field\"><label for=\"forminator-field-email-1_69ff71715fdde\" id=\"forminator-field-email-1_69ff71715fdde-label\" class=\"forminator-label\">Email c\u00edm <span class=\"forminator-required\">*<\/span><\/label><input type=\"email\" name=\"email-1\" value=\"\" placeholder=\"\" id=\"forminator-field-email-1_69ff71715fdde\" class=\"forminator-input forminator-email--field\" data-required=\"true\" aria-required=\"true\" autocomplete=\"email\" \/><\/div><\/div><\/div><div class=\"forminator-row\"><div id=\"textarea-1\" class=\"forminator-field-textarea forminator-col forminator-col-12\"><div class=\"forminator-field\"><label for=\"forminator-field-textarea-1_69ff71715fdde\" id=\"forminator-field-textarea-1_69ff71715fdde-label\" class=\"forminator-label\">\u00cdrjon b\u00e1rmit <span class=\"forminator-required\">*<\/span><\/label><textarea name=\"textarea-1\" placeholder=\"\" id=\"forminator-field-textarea-1_69ff71715fdde\" class=\"forminator-textarea\" rows=\"6\" style=\"--forminator-textarea-min-height:140px;\" ><\/textarea><\/div><\/div><\/div><input type=\"hidden\" name=\"referer_url\" value=\"\" \/><div class=\"forminator-row forminator-row-last\"><div class=\"forminator-col\"><div class=\"forminator-field\"><button class=\"forminator-button forminator-button-submit\"><span>K\u00fcld\u00e9s<\/span><span aria-hidden=\"true\"><\/span><\/button><\/div><\/div><\/div><input type=\"hidden\" id=\"forminator_nonce\" name=\"forminator_nonce\" value=\"7a8b11140e\" \/><input type=\"hidden\" name=\"_wp_http_referer\" value=\"\/hu\/wp-json\/wp\/v2\/pages\/113\" \/><input type=\"hidden\" name=\"form_id\" value=\"497\"><input type=\"hidden\" name=\"page_id\" value=\"113\"><input type=\"hidden\" name=\"form_type\" value=\"default\"><input type=\"hidden\" name=\"current_url\" value=\"https:\/\/glampex.hu\/hu\/about\/\"><input type=\"hidden\" name=\"render_id\" value=\"0\"><input type=\"hidden\" name=\"action\" value=\"forminator_submit_form_custom-forms\"><input type=\"hidden\" name=\"trp-form-language\" value=\"hu\"\/><\/form><\/div>\n<\/div>\n\n\n\n<p><\/p>","protected":false},"excerpt":{"rendered":"<p>Our Passion for Glamping and the Market&#8217;s Potential We believe it\u2019s no coincidence that after centuries of urbanization, the desire to reconnect with nature is stronger than ever \u2014 while still not wanting to give up the foundations of 21st-century comfort. We feel the same way. The COVID pandemic accelerated this shift, and glamping has [&hellip;]<\/p>","protected":false},"author":1,"featured_media":0,"parent":0,"menu_order":0,"comment_status":"closed","ping_status":"closed","template":"wp-custom-template-pages-not-front","meta":{"om_disable_all_campaigns":false,"_monsterinsights_skip_tracking":false,"_monsterinsights_sitenote_active":false,"_monsterinsights_sitenote_note":"","_monsterinsights_sitenote_category":0,"footnotes":""},"class_list":["post-113","page","type-page","status-publish","hentry"],"aioseo_notices":[],"_links":{"self":[{"href":"https:\/\/glampex.hu\/hu\/wp-json\/wp\/v2\/pages\/113","targetHints":{"allow":["GET"]}}],"collection":[{"href":"https:\/\/glampex.hu\/hu\/wp-json\/wp\/v2\/pages"}],"about":[{"href":"https:\/\/glampex.hu\/hu\/wp-json\/wp\/v2\/types\/page"}],"author":[{"embeddable":true,"href":"https:\/\/glampex.hu\/hu\/wp-json\/wp\/v2\/users\/1"}],"replies":[{"embeddable":true,"href":"https:\/\/glampex.hu\/hu\/wp-json\/wp\/v2\/comments?post=113"}],"version-history":[{"count":118,"href":"https:\/\/glampex.hu\/hu\/wp-json\/wp\/v2\/pages\/113\/revisions"}],"predecessor-version":[{"id":2014,"href":"https:\/\/glampex.hu\/hu\/wp-json\/wp\/v2\/pages\/113\/revisions\/2014"}],"wp:attachment":[{"href":"https:\/\/glampex.hu\/hu\/wp-json\/wp\/v2\/media?parent=113"}],"curies":[{"name":"wp","href":"https:\/\/api.w.org\/{rel}","templated":true}]}}