{"id":39,"date":"2025-05-23T20:59:31","date_gmt":"2025-05-23T20:59:31","guid":{"rendered":"https:\/\/glampex.hu\/?page_id=39"},"modified":"2025-07-26T12:14:42","modified_gmt":"2025-07-26T12:14:42","slug":"galeria","status":"publish","type":"page","link":"https:\/\/glampex.hu\/hu\/galeria\/","title":{"rendered":"Gal\u00e9ria"},"content":{"rendered":"<div class=\"wp-block-cover alignfull force-full-width\" style=\"margin-top:0;margin-bottom:0;padding-top:0;padding-bottom:0\"><img loading=\"lazy\" decoding=\"async\" width=\"2560\" height=\"1920\" class=\"wp-block-cover__image-background wp-image-1090 size-full\" alt=\"\" src=\"https:\/\/glampex.hu\/wp-content\/uploads\/2025\/06\/20211023_203100-scaled.jpg\" data-object-fit=\"cover\" srcset=\"https:\/\/glampex.hu\/wp-content\/uploads\/2025\/06\/20211023_203100-scaled.jpg 2560w, https:\/\/glampex.hu\/wp-content\/uploads\/2025\/06\/20211023_203100-300x225.jpg 300w, https:\/\/glampex.hu\/wp-content\/uploads\/2025\/06\/20211023_203100-1024x768.jpg 1024w, https:\/\/glampex.hu\/wp-content\/uploads\/2025\/06\/20211023_203100-768x576.jpg 768w, https:\/\/glampex.hu\/wp-content\/uploads\/2025\/06\/20211023_203100-100x75.jpg 100w, https:\/\/glampex.hu\/wp-content\/uploads\/2025\/06\/20211023_203100-1536x1152.jpg 1536w, https:\/\/glampex.hu\/wp-content\/uploads\/2025\/06\/20211023_203100-2048x1536.jpg 2048w, https:\/\/glampex.hu\/wp-content\/uploads\/2025\/06\/20211023_203100-16x12.jpg 16w\" sizes=\"auto, (max-width: 2560px) 100vw, 2560px\" \/><span aria-hidden=\"true\" class=\"wp-block-cover__background has-background-dim\" style=\"background-color:#50494c\"><\/span><div class=\"wp-block-cover__inner-container has-global-padding is-layout-constrained wp-block-cover-is-layout-constrained\">\n<div class=\"wp-block-group is-vertical is-layout-flex wp-container-core-group-is-layout-363bff37 wp-block-group-is-layout-flex\"><h2 class=\"has-text-align-left wp-block-post-title\">Gal\u00e9ria<\/h2>\n\n\n<p class=\"has-background\" style=\"background-color:#00000057\">Fedezd fel n\u00e9h\u00e1ny elk\u00e9sz\u00fclt d\u00f3munkat! Minden projektben t\u00fckr\u00f6z\u0151dik elk\u00f6telezetts\u00e9g\u00fcnk a min\u0151s\u00e9g, a k\u00e9nyelem \u00e9s a v\u00e1s\u00e1rl\u00f3ink egy\u00e9ni elk\u00e9pzel\u00e9seihez igaz\u00edtott, k\u00fcl\u00f6nleges diz\u00e1jn ir\u00e1nt.<\/p>\n<\/div>\n<\/div><\/div>\n\n\n<style type=\"text\/css\" scoped>.rbs_gallery_69ff71332be68Spinner{\r\n\t\t\t\tmargin: 50px auto;\r\n\t\t\t\twidth: 50px;\r\n\t\t\t\theight: 40px;\r\n\t\t\t\ttext-align: center;\r\n\t\t\t\tfont-size: 10px;\r\n\t\t\t}\r\n\t\t\t.rbs_gallery_69ff71332be68Spinner > div{\r\n\t\t\t  background-color: #333;\r\n\t\t\t  height: 100%;\r\n\t\t\t  width: 6px;\r\n\t\t\t  display: inline-block;\r\n\t\t\t  -webkit-animation: rbs_gallery_69ff71332be68-stretchdelay 1.2s infinite ease-in-out;\r\n\t\t\t  animation: rbs_gallery_69ff71332be68-stretchdelay 1.2s infinite ease-in-out;\r\n\t\t\t}\r\n\t\t\t.rbs_gallery_69ff71332be68Spinner .rbs_gallery_69ff71332be68Rect2 {\r\n\t\t\t  -webkit-animation-delay: -1.1s;\r\n\t\t\t  animation-delay: -1.1s;\r\n\t\t\t}\r\n\t\t\t.rbs_gallery_69ff71332be68Spinner .rbs_gallery_69ff71332be68Rect3 {\r\n\t\t\t  -webkit-animation-delay: -1.0s;\r\n\t\t\t  animation-delay: -1.0s;\r\n\t\t\t}\r\n\t\t\t.rbs_gallery_69ff71332be68Spinner .rbs_gallery_69ff71332be68Rect4 {\r\n\t\t\t  -webkit-animation-delay: -0.9s;\r\n\t\t\t  animation-delay: -0.9s;\r\n\t\t\t}\r\n\t\t\t.rbs_gallery_69ff71332be68Spinner .rbs_gallery_69ff71332be68Rect5 {\r\n\t\t\t  -webkit-animation-delay: -0.8s;\r\n\t\t\t  animation-delay: -0.8s;\r\n\t\t\t}\r\n\t\t\t@-webkit-keyframes rbs_gallery_69ff71332be68-stretchdelay {\r\n\t\t\t  0%, 40%, 100% { -webkit-transform: scaleY(0.4) }  \r\n\t\t\t  20% { -webkit-transform: scaleY(1.0) }\r\n\t\t\t}\r\n\t\t\t@keyframes rbs_gallery_69ff71332be68-stretchdelay {\r\n\t\t\t  0%, 40%, 100% { \r\n\t\t\t    transform: scaleY(0.4);\r\n\t\t\t    -webkit-transform: scaleY(0.4);\r\n\t\t\t  }  20% { \r\n\t\t\t    transform: scaleY(1.0);\r\n\t\t\t    -webkit-transform: scaleY(1.0);\r\n\t\t\t  }\r\n\t\t\t}\r\n\t\t<\/style><div class=\"robo-gallery-wrap robo-gallery-wrap-id1176 robo-gallery-grid\" ><div id=\"rbs_gallery_69ff71332be68-block-loader\" class=\"rbs_gallery_69ff71332be68Spinner\"><div class=\"rbs_gallery_69ff71332be68Rect1\"><\/div> <div class=\"rbs_gallery_69ff71332be68Rect2\"><\/div> <div class=\"rbs_gallery_69ff71332be68Rect3\"><\/div> <div class=\"rbs_gallery_69ff71332be68Rect4\"><\/div> <div class=\"rbs_gallery_69ff71332be68Rect5\"><\/div><\/div><div id=\"robo_gallery_main_block_rbs_gallery_69ff71332be68\" class=\"robogallery-gallery-1176\" style=\"width:100%;  display: none;\"><div id=\"rbs_gallery_69ff71332be68\" data-options=\"rbs_gallery_69ff71332be68\" style=\"width:100%;\" class=\"robo_gallery\"><div class=\"rbs-img  category1176\" ><div class=\"rbs-img-image   rbs-lightbox\" ><div class=\"rbs-img-thumbs\"  data-thumbnail=\"https:\/\/glampex.hu\/wp-content\/uploads\/2025\/06\/20220603_135556-1-300x225.jpg\"  title=\"glampex dome inside\"  data-width=\"300\"  data-height=\"225\" ><\/div><div class=\"rbs-img-data-popup\"  data-popup=\"https:\/\/glampex.hu\/wp-content\/uploads\/2025\/06\/20220603_135556-1-scaled.jpg\"  title=\"glampex dome inside\"  data-alt=\"glampex dome inside\" ><\/div><div class=\"thumbnail-overlay\"><div class=\"rbsIcons\"><i class=\"fa fa-search-plus rbsZoomIcon\" ><\/i><\/div><\/div><\/div><\/div><div class=\"rbs-img  category1176\" ><div class=\"rbs-img-image   rbs-lightbox\" ><div class=\"rbs-img-thumbs\"  data-thumbnail=\"https:\/\/glampex.hu\/wp-content\/uploads\/2025\/06\/6m1-1-300x169.jpg\"  title=\"6m1\"  data-width=\"300\"  data-height=\"169\" ><\/div><div class=\"rbs-img-data-popup\"  data-popup=\"https:\/\/glampex.hu\/wp-content\/uploads\/2025\/06\/6m1-1-scaled.jpg\"  title=\"6m1\"  data-alt=\"6m1\" ><\/div><div class=\"thumbnail-overlay\"><div class=\"rbsIcons\"><i class=\"fa fa-search-plus rbsZoomIcon\" ><\/i><\/div><\/div><\/div><\/div><div class=\"rbs-img  category1176\" ><div class=\"rbs-img-image   rbs-lightbox\" ><div class=\"rbs-img-thumbs\"  data-thumbnail=\"https:\/\/glampex.hu\/wp-content\/uploads\/2025\/06\/IMG-20221205-WA0021-1-300x225.jpg\"  title=\"glampex dome inside\"  data-width=\"300\"  data-height=\"225\" ><\/div><div class=\"rbs-img-data-popup\"  data-popup=\"https:\/\/glampex.hu\/wp-content\/uploads\/2025\/06\/IMG-20221205-WA0021-1.jpg\"  title=\"glampex dome inside\"  data-alt=\"glampex dome inside\" ><\/div><div class=\"thumbnail-overlay\"><div class=\"rbsIcons\"><i class=\"fa fa-search-plus rbsZoomIcon\" ><\/i><\/div><\/div><\/div><\/div><div class=\"rbs-img  category1176\" ><div class=\"rbs-img-image   rbs-lightbox\" ><div class=\"rbs-img-thumbs\"  data-thumbnail=\"https:\/\/glampex.hu\/wp-content\/uploads\/2025\/06\/20211023_203100-300x225.jpg\"  title=\"glampex dome under construction\"  data-width=\"300\"  data-height=\"225\" ><\/div><div class=\"rbs-img-data-popup\"  data-popup=\"https:\/\/glampex.hu\/wp-content\/uploads\/2025\/06\/20211023_203100-scaled.jpg\"  title=\"glampex dome under construction\"  data-alt=\"glampex dome under construction\" ><\/div><div class=\"thumbnail-overlay\"><div class=\"rbsIcons\"><i class=\"fa fa-search-plus rbsZoomIcon\" ><\/i><\/div><\/div><\/div><\/div><div class=\"rbs-img  category1176\" ><div class=\"rbs-img-image   rbs-lightbox\" ><div class=\"rbs-img-thumbs\"  data-thumbnail=\"https:\/\/glampex.hu\/wp-content\/uploads\/2025\/06\/IMG-20221205-WA0032-1-300x225.jpg\"  title=\"glampex dome\"  data-width=\"300\"  data-height=\"225\" ><\/div><div class=\"rbs-img-data-popup\"  data-popup=\"https:\/\/glampex.hu\/wp-content\/uploads\/2025\/06\/IMG-20221205-WA0032-1.jpg\"  title=\"glampex dome\"  data-alt=\"glampex dome\" ><\/div><div class=\"thumbnail-overlay\"><div class=\"rbsIcons\"><i class=\"fa fa-search-plus rbsZoomIcon\" ><\/i><\/div><\/div><\/div><\/div><div class=\"rbs-img  category1176\" ><div class=\"rbs-img-image   rbs-lightbox\" ><div class=\"rbs-img-thumbs\"  data-thumbnail=\"https:\/\/glampex.hu\/wp-content\/uploads\/2025\/06\/DJI_20231009_121112_39_pano-1-300x223.jpg\"  title=\"glampex dome inside\"  data-width=\"300\"  data-height=\"223\" ><\/div><div class=\"rbs-img-data-popup\"  data-popup=\"https:\/\/glampex.hu\/wp-content\/uploads\/2025\/06\/DJI_20231009_121112_39_pano-1-scaled.jpg\"  title=\"glampex dome inside\"  data-alt=\"glampex dome inside\" ><\/div><div class=\"thumbnail-overlay\"><div class=\"rbsIcons\"><i class=\"fa fa-search-plus rbsZoomIcon\" ><\/i><\/div><\/div><\/div><\/div><div class=\"rbs-img  category1176\" ><div class=\"rbs-img-image   rbs-lightbox\" ><div class=\"rbs-img-thumbs\"  data-thumbnail=\"https:\/\/glampex.hu\/wp-content\/uploads\/2025\/06\/DJI_0715-Copy-2-300x169.jpg\"  title=\"default\"  data-width=\"300\"  data-height=\"169\" ><\/div><div class=\"rbs-img-data-popup\"  data-popup=\"https:\/\/glampex.hu\/wp-content\/uploads\/2025\/06\/DJI_0715-Copy-2-scaled.jpg\"  title=\"default\"  data-alt=\"M6 DOME\" ><\/div><div class=\"thumbnail-overlay\"><div class=\"rbsIcons\"><i class=\"fa fa-search-plus rbsZoomIcon\" ><\/i><\/div><\/div><\/div><\/div><div class=\"rbs-img  category1176\" ><div class=\"rbs-img-image   rbs-lightbox\" ><div class=\"rbs-img-thumbs\"  data-thumbnail=\"https:\/\/glampex.hu\/wp-content\/uploads\/2025\/06\/7m-King-Dome-Cover-Colour-2-300x259.jpg\"  title=\"7m King Dome Cover Colour\"  data-width=\"300\"  data-height=\"259\" ><\/div><div class=\"rbs-img-data-popup\"  data-popup=\"https:\/\/glampex.hu\/wp-content\/uploads\/2025\/06\/7m-King-Dome-Cover-Colour-2.jpg\"  title=\"7m King Dome Cover Colour\"  data-alt=\"7m King Dome Cover Colour\" ><\/div><div class=\"thumbnail-overlay\"><div class=\"rbsIcons\"><i class=\"fa fa-search-plus rbsZoomIcon\" ><\/i><\/div><\/div><\/div><\/div><div class=\"rbs-img  category1176\" ><div class=\"rbs-img-image   rbs-lightbox\" ><div class=\"rbs-img-thumbs\"  data-thumbnail=\"https:\/\/glampex.hu\/wp-content\/uploads\/2025\/06\/6m7-300x200.jpg\"  title=\"6m7\"  data-width=\"300\"  data-height=\"200\" ><\/div><div class=\"rbs-img-data-popup\"  data-popup=\"https:\/\/glampex.hu\/wp-content\/uploads\/2025\/06\/6m7-scaled.jpg\"  title=\"6m7\"  data-alt=\"6m7\" ><\/div><div class=\"thumbnail-overlay\"><div class=\"rbsIcons\"><i class=\"fa fa-search-plus rbsZoomIcon\" ><\/i><\/div><\/div><\/div><\/div><div class=\"rbs-img  category1176\" ><div class=\"rbs-img-image   rbs-lightbox\" ><div class=\"rbs-img-thumbs\"  data-thumbnail=\"https:\/\/glampex.hu\/wp-content\/uploads\/2025\/06\/6m6-200x300.jpg\"  title=\"chill\"  data-width=\"200\"  data-height=\"300\" ><\/div><div class=\"rbs-img-data-popup\"  data-popup=\"https:\/\/glampex.hu\/wp-content\/uploads\/2025\/06\/6m6-scaled.jpg\"  title=\"chill\"  data-alt=\"chill\" ><\/div><div class=\"thumbnail-overlay\"><div class=\"rbsIcons\"><i class=\"fa fa-search-plus rbsZoomIcon\" ><\/i><\/div><\/div><\/div><\/div><div class=\"rbs-img  category1176\" ><div class=\"rbs-img-image   rbs-lightbox\" ><div class=\"rbs-img-thumbs\"  data-thumbnail=\"https:\/\/glampex.hu\/wp-content\/uploads\/2025\/06\/6m4-300x169.jpg\"  title=\"domes from above\"  data-width=\"300\"  data-height=\"169\" ><\/div><div class=\"rbs-img-data-popup\"  data-popup=\"https:\/\/glampex.hu\/wp-content\/uploads\/2025\/06\/6m4-scaled.jpg\"  title=\"domes from above\"  data-alt=\"domes from above\" ><\/div><div class=\"thumbnail-overlay\"><div class=\"rbsIcons\"><i class=\"fa fa-search-plus rbsZoomIcon\" ><\/i><\/div><\/div><\/div><\/div><div class=\"rbs-img  category1176\" ><div class=\"rbs-img-image   rbs-lightbox\" ><div class=\"rbs-img-thumbs\"  data-thumbnail=\"https:\/\/glampex.hu\/wp-content\/uploads\/2025\/06\/6m3-300x169.jpg\"  title=\"domes from above\"  data-width=\"300\"  data-height=\"169\" ><\/div><div class=\"rbs-img-data-popup\"  data-popup=\"https:\/\/glampex.hu\/wp-content\/uploads\/2025\/06\/6m3-scaled.jpg\"  title=\"domes from above\"  data-alt=\"domes from above\" ><\/div><div class=\"thumbnail-overlay\"><div class=\"rbsIcons\"><i class=\"fa fa-search-plus rbsZoomIcon\" ><\/i><\/div><\/div><\/div><\/div><div class=\"rbs-img  category1176\" ><div class=\"rbs-img-image   rbs-lightbox\" ><div class=\"rbs-img-thumbs\"  data-thumbnail=\"https:\/\/glampex.hu\/wp-content\/uploads\/2025\/06\/6m2-300x169.jpg\"  title=\"domes from above\"  data-width=\"300\"  data-height=\"169\" ><\/div><div class=\"rbs-img-data-popup\"  data-popup=\"https:\/\/glampex.hu\/wp-content\/uploads\/2025\/06\/6m2-scaled.jpg\"  title=\"domes from above\"  data-alt=\"domes from above\" ><\/div><div class=\"thumbnail-overlay\"><div class=\"rbsIcons\"><i class=\"fa fa-search-plus rbsZoomIcon\" ><\/i><\/div><\/div><\/div><\/div><div class=\"rbs-img  category1176\" ><div class=\"rbs-img-image   rbs-lightbox\" ><div class=\"rbs-img-thumbs\"  data-thumbnail=\"https:\/\/glampex.hu\/wp-content\/uploads\/2025\/06\/5m6-300x169.jpg\"  title=\"5m6\"  data-width=\"300\"  data-height=\"169\" ><\/div><div class=\"rbs-img-data-popup\"  data-popup=\"https:\/\/glampex.hu\/wp-content\/uploads\/2025\/06\/5m6.jpg\"  title=\"5m6\"  data-alt=\"domes in the distance\" ><\/div><div class=\"thumbnail-overlay\"><div class=\"rbsIcons\"><i class=\"fa fa-search-plus rbsZoomIcon\" ><\/i><\/div><\/div><\/div><\/div><div class=\"rbs-img  category1176\" ><div class=\"rbs-img-image   rbs-lightbox\" ><div class=\"rbs-img-thumbs\"  data-thumbnail=\"https:\/\/glampex.hu\/wp-content\/uploads\/2025\/06\/DSC_0473-2-300x200.jpg\"  title=\"DSC_0473\"  data-width=\"300\"  data-height=\"200\" ><\/div><div class=\"rbs-img-data-popup\"  data-popup=\"https:\/\/glampex.hu\/wp-content\/uploads\/2025\/06\/DSC_0473-2-scaled.jpg\"  title=\"DSC_0473\"  data-alt=\"dome\" ><\/div><div class=\"thumbnail-overlay\"><div class=\"rbsIcons\"><i class=\"fa fa-search-plus rbsZoomIcon\" ><\/i><\/div><\/div><\/div><\/div><div class=\"rbs-img  category1176\" ><div class=\"rbs-img-image   rbs-lightbox\" ><div class=\"rbs-img-thumbs\"  data-thumbnail=\"https:\/\/glampex.hu\/wp-content\/uploads\/2025\/06\/DSC_0505-1-300x200.jpg\"  title=\"dome\"  data-width=\"300\"  data-height=\"200\" ><\/div><div class=\"rbs-img-data-popup\"  data-popup=\"https:\/\/glampex.hu\/wp-content\/uploads\/2025\/06\/DSC_0505-1-scaled.jpg\"  title=\"dome\"  data-alt=\"dome\" ><\/div><div class=\"thumbnail-overlay\"><div class=\"rbsIcons\"><i class=\"fa fa-search-plus rbsZoomIcon\" ><\/i><\/div><\/div><\/div><\/div><div class=\"rbs-img  category1176\" ><div class=\"rbs-img-image   rbs-lightbox\" ><div class=\"rbs-img-thumbs\"  data-thumbnail=\"https:\/\/glampex.hu\/wp-content\/uploads\/2025\/06\/DJI_0715-Copy-1-300x169.jpg\"  title=\"default\"  data-width=\"300\"  data-height=\"169\" ><\/div><div class=\"rbs-img-data-popup\"  data-popup=\"https:\/\/glampex.hu\/wp-content\/uploads\/2025\/06\/DJI_0715-Copy-1-scaled.jpg\"  title=\"default\"  data-alt=\"dome nice\" ><\/div><div class=\"thumbnail-overlay\"><div class=\"rbsIcons\"><i class=\"fa fa-search-plus rbsZoomIcon\" ><\/i><\/div><\/div><\/div><\/div><div class=\"rbs-img  category1176\" ><div class=\"rbs-img-image   rbs-lightbox\" ><div class=\"rbs-img-thumbs\"  data-thumbnail=\"https:\/\/glampex.hu\/wp-content\/uploads\/2025\/06\/DJI_0741-Copy-300x169.jpg\"  title=\"default\"  data-width=\"300\"  data-height=\"169\" ><\/div><div class=\"rbs-img-data-popup\"  data-popup=\"https:\/\/glampex.hu\/wp-content\/uploads\/2025\/06\/DJI_0741-Copy-scaled.jpg\"  title=\"default\"  data-alt=\"dome in distance\" ><\/div><div class=\"thumbnail-overlay\"><div class=\"rbsIcons\"><i class=\"fa fa-search-plus rbsZoomIcon\" ><\/i><\/div><\/div><\/div><\/div><div class=\"rbs-img  category1176\" ><div class=\"rbs-img-image   rbs-lightbox\" ><div class=\"rbs-img-thumbs\"  data-thumbnail=\"https:\/\/glampex.hu\/wp-content\/uploads\/2025\/06\/IMG-20221205-WA0031-300x225.jpg\"  title=\"IMG-20221205-WA0031\"  data-width=\"300\"  data-height=\"225\" ><\/div><div class=\"rbs-img-data-popup\"  data-popup=\"https:\/\/glampex.hu\/wp-content\/uploads\/2025\/06\/IMG-20221205-WA0031.jpg\"  title=\"IMG-20221205-WA0031\"  data-alt=\"dome in distance\" ><\/div><div class=\"thumbnail-overlay\"><div class=\"rbsIcons\"><i class=\"fa fa-search-plus rbsZoomIcon\" ><\/i><\/div><\/div><\/div><\/div><div class=\"rbs-img  category1176\" ><div class=\"rbs-img-image   rbs-lightbox\" ><div class=\"rbs-img-thumbs\"  data-thumbnail=\"https:\/\/glampex.hu\/wp-content\/uploads\/2025\/06\/20230411_062951-1-300x169.jpg\"  title=\"20230411_062951\"  data-width=\"300\"  data-height=\"169\" ><\/div><div class=\"rbs-img-data-popup\"  data-popup=\"https:\/\/glampex.hu\/wp-content\/uploads\/2025\/06\/20230411_062951-1-scaled.jpg\"  title=\"20230411_062951\"  data-alt=\"dome in distance\" ><\/div><div class=\"thumbnail-overlay\"><div class=\"rbsIcons\"><i class=\"fa fa-search-plus rbsZoomIcon\" ><\/i><\/div><\/div><\/div><\/div><div class=\"rbs-img  category1176\" ><div class=\"rbs-img-image   rbs-lightbox\" ><div class=\"rbs-img-thumbs\"  data-thumbnail=\"https:\/\/glampex.hu\/wp-content\/uploads\/2025\/06\/20230411_141457-1-300x169.jpg\"  title=\"20230411_141457\"  data-width=\"300\"  data-height=\"169\" ><\/div><div class=\"rbs-img-data-popup\"  data-popup=\"https:\/\/glampex.hu\/wp-content\/uploads\/2025\/06\/20230411_141457-1-scaled.jpg\"  title=\"20230411_141457\"  data-alt=\"dome\" ><\/div><div class=\"thumbnail-overlay\"><div class=\"rbsIcons\"><i class=\"fa fa-search-plus rbsZoomIcon\" ><\/i><\/div><\/div><\/div><\/div><div class=\"rbs-img  category1176\" ><div class=\"rbs-img-image   rbs-lightbox\" ><div class=\"rbs-img-thumbs\"  data-thumbnail=\"https:\/\/glampex.hu\/wp-content\/uploads\/2025\/06\/20230920_151003-2-300x169.jpg\"  title=\"20230920_151003\"  data-width=\"300\"  data-height=\"169\" ><\/div><div class=\"rbs-img-data-popup\"  data-popup=\"https:\/\/glampex.hu\/wp-content\/uploads\/2025\/06\/20230920_151003-2-scaled.jpg\"  title=\"20230920_151003\"  data-alt=\"dome\" ><\/div><div class=\"thumbnail-overlay\"><div class=\"rbsIcons\"><i class=\"fa fa-search-plus rbsZoomIcon\" ><\/i><\/div><\/div><\/div><\/div><div class=\"rbs-img  category1176\" ><div class=\"rbs-img-image   rbs-lightbox\" ><div class=\"rbs-img-thumbs\"  data-thumbnail=\"https:\/\/glampex.hu\/wp-content\/uploads\/2025\/06\/5m4-300x200.jpg\"  title=\"5m4\"  data-width=\"300\"  data-height=\"200\" ><\/div><div class=\"rbs-img-data-popup\"  data-popup=\"https:\/\/glampex.hu\/wp-content\/uploads\/2025\/06\/5m4-scaled.jpg\"  title=\"5m4\"  data-alt=\"5m4\" ><\/div><div class=\"thumbnail-overlay\"><div class=\"rbsIcons\"><i class=\"fa fa-search-plus rbsZoomIcon\" ><\/i><\/div><\/div><\/div><\/div><div class=\"rbs-img  category1176\" ><div class=\"rbs-img-image   rbs-lightbox\" ><div class=\"rbs-img-thumbs\"  data-thumbnail=\"https:\/\/glampex.hu\/wp-content\/uploads\/2025\/06\/5m3-300x200.jpg\"  title=\"5m3\"  data-width=\"300\"  data-height=\"200\" ><\/div><div class=\"rbs-img-data-popup\"  data-popup=\"https:\/\/glampex.hu\/wp-content\/uploads\/2025\/06\/5m3-scaled.jpg\"  title=\"5m3\"  data-alt=\"5m4\" ><\/div><div class=\"thumbnail-overlay\"><div class=\"rbsIcons\"><i class=\"fa fa-search-plus rbsZoomIcon\" ><\/i><\/div><\/div><\/div><\/div><div class=\"rbs-img  category1176\" ><div class=\"rbs-img-image   rbs-lightbox\" ><div class=\"rbs-img-thumbs\"  data-thumbnail=\"https:\/\/glampex.hu\/wp-content\/uploads\/2025\/06\/20220727_082656-169x300.jpg\"  title=\"dome closeup\"  data-width=\"169\"  data-height=\"300\" ><\/div><div class=\"rbs-img-data-popup\"  data-popup=\"https:\/\/glampex.hu\/wp-content\/uploads\/2025\/06\/20220727_082656-scaled.jpg\"  title=\"dome closeup\"  data-alt=\"dome closeup\" ><\/div><div class=\"thumbnail-overlay\"><div class=\"rbsIcons\"><i class=\"fa fa-search-plus rbsZoomIcon\" ><\/i><\/div><\/div><\/div><\/div><div class=\"rbs-img  category1176\" ><div class=\"rbs-img-image   rbs-lightbox\" ><div class=\"rbs-img-thumbs\"  data-thumbnail=\"https:\/\/glampex.hu\/wp-content\/uploads\/2025\/06\/20220603_103043-300x225.jpg\"  title=\"20220603_103043\"  data-width=\"300\"  data-height=\"225\" ><\/div><div class=\"rbs-img-data-popup\"  data-popup=\"https:\/\/glampex.hu\/wp-content\/uploads\/2025\/06\/20220603_103043-scaled.jpg\"  title=\"20220603_103043\"  data-alt=\"M10 dome outside\" ><\/div><div class=\"thumbnail-overlay\"><div class=\"rbsIcons\"><i class=\"fa fa-search-plus rbsZoomIcon\" ><\/i><\/div><\/div><\/div><\/div><div class=\"rbs-img  category1176\" ><div class=\"rbs-img-image   rbs-lightbox\" ><div class=\"rbs-img-thumbs\"  data-thumbnail=\"https:\/\/glampex.hu\/wp-content\/uploads\/2025\/06\/DSC_0505-300x200.jpg\"  title=\"DSC_0505\"  data-width=\"300\"  data-height=\"200\" ><\/div><div class=\"rbs-img-data-popup\"  data-popup=\"https:\/\/glampex.hu\/wp-content\/uploads\/2025\/06\/DSC_0505-scaled.jpg\"  title=\"DSC_0505\"  data-alt=\"dome\" ><\/div><div class=\"thumbnail-overlay\"><div class=\"rbsIcons\"><i class=\"fa fa-search-plus rbsZoomIcon\" ><\/i><\/div><\/div><\/div><\/div><div class=\"rbs-img  category1176\" ><div class=\"rbs-img-image   rbs-lightbox\" ><div class=\"rbs-img-thumbs\"  data-thumbnail=\"https:\/\/glampex.hu\/wp-content\/uploads\/2025\/06\/drift-63-300x200.jpg\"  title=\"drift-63\"  data-width=\"300\"  data-height=\"200\" ><\/div><div class=\"rbs-img-data-popup\"  data-popup=\"https:\/\/glampex.hu\/wp-content\/uploads\/2025\/06\/drift-63-scaled.jpg\"  title=\"drift-63\"  data-alt=\"dome inside, chill bed\" ><\/div><div class=\"thumbnail-overlay\"><div class=\"rbsIcons\"><i class=\"fa fa-search-plus rbsZoomIcon\" ><\/i><\/div><\/div><\/div><\/div><div class=\"rbs-img  category1176\" ><div class=\"rbs-img-image   rbs-lightbox\" ><div class=\"rbs-img-thumbs\"  data-thumbnail=\"https:\/\/glampex.hu\/wp-content\/uploads\/2025\/06\/DJI_0238-300x169.jpg\"  title=\"default\"  data-width=\"300\"  data-height=\"169\" ><\/div><div class=\"rbs-img-data-popup\"  data-popup=\"https:\/\/glampex.hu\/wp-content\/uploads\/2025\/06\/DJI_0238-scaled.jpg\"  title=\"default\"  data-alt=\"Domes from above\" ><\/div><div class=\"thumbnail-overlay\"><div class=\"rbsIcons\"><i class=\"fa fa-search-plus rbsZoomIcon\" ><\/i><\/div><\/div><\/div><\/div><div class=\"rbs-img  category1176\" ><div class=\"rbs-img-image   rbs-lightbox\" ><div class=\"rbs-img-thumbs\"  data-thumbnail=\"https:\/\/glampex.hu\/wp-content\/uploads\/2025\/06\/DJI_0215-300x169.jpg\"  title=\"default\"  data-width=\"300\"  data-height=\"169\" ><\/div><div class=\"rbs-img-data-popup\"  data-popup=\"https:\/\/glampex.hu\/wp-content\/uploads\/2025\/06\/DJI_0215-scaled.jpg\"  title=\"default\"  data-alt=\"Domes from above\" ><\/div><div class=\"thumbnail-overlay\"><div class=\"rbsIcons\"><i class=\"fa fa-search-plus rbsZoomIcon\" ><\/i><\/div><\/div><\/div><\/div><\/div><\/div><\/div><script>var rbs_gallery_69ff71332be68 = {\"version\":\"5.1.4\",\"id\":1176,\"class\":\"id1176\",\"roboGalleryDelay\":1000,\"mainContainer\":\"#robo_gallery_main_block_rbs_gallery_69ff71332be68\",\"loadingContainer\":\"#rbs_gallery_69ff71332be68-block-loader\",\"loadingContainerObj\":\"rbs_gallery_69ff71332be68-block-loader\",\"columnWidth\":\"auto\",\"columns\":3,\"resolutions\":[{\"columnWidth\":\"auto\",\"columns\":3,\"maxWidth\":960},{\"columnWidth\":\"auto\",\"columns\":2,\"maxWidth\":650},{\"columnWidth\":\"auto\",\"columns\":1,\"maxWidth\":450}],\"hideTitle\":true,\"lightboxOptions\":{\"gallery\":{\"enabled\":true,\"tCounter\":\"%curr% of %total%\"}},\"overlayEffect\":\"direction-aware-fade\",\"boxesToLoadStart\":12,\"boxesToLoad\":8,\"waitUntilThumbLoads\":1,\"LoadingWord\":\"Loading...\",\"loadMoreWord\":\"Load More\",\"noMoreEntriesWord\":\"No More Entries\",\"horizontalSpaceBetweenBoxes\":15,\"verticalSpaceBetweenBoxes\":15,\"lazyLoad\":1,\"wrapContainer\":\"#robo-gallery-wrap-rbs_gallery_69ff71332be68\"};<\/script>","protected":false},"excerpt":{"rendered":"","protected":false},"author":1,"featured_media":0,"parent":0,"menu_order":0,"comment_status":"closed","ping_status":"closed","template":"wp-custom-template-pages-not-front","meta":{"om_disable_all_campaigns":false,"_monsterinsights_skip_tracking":false,"_monsterinsights_sitenote_active":false,"_monsterinsights_sitenote_note":"","_monsterinsights_sitenote_category":0,"footnotes":""},"class_list":["post-39","page","type-page","status-publish","hentry"],"aioseo_notices":[],"_links":{"self":[{"href":"https:\/\/glampex.hu\/hu\/wp-json\/wp\/v2\/pages\/39","targetHints":{"allow":["GET"]}}],"collection":[{"href":"https:\/\/glampex.hu\/hu\/wp-json\/wp\/v2\/pages"}],"about":[{"href":"https:\/\/glampex.hu\/hu\/wp-json\/wp\/v2\/types\/page"}],"author":[{"embeddable":true,"href":"https:\/\/glampex.hu\/hu\/wp-json\/wp\/v2\/users\/1"}],"replies":[{"embeddable":true,"href":"https:\/\/glampex.hu\/hu\/wp-json\/wp\/v2\/comments?post=39"}],"version-history":[{"count":8,"href":"https:\/\/glampex.hu\/hu\/wp-json\/wp\/v2\/pages\/39\/revisions"}],"predecessor-version":[{"id":1867,"href":"https:\/\/glampex.hu\/hu\/wp-json\/wp\/v2\/pages\/39\/revisions\/1867"}],"wp:attachment":[{"href":"https:\/\/glampex.hu\/hu\/wp-json\/wp\/v2\/media?parent=39"}],"curies":[{"name":"wp","href":"https:\/\/api.w.org\/{rel}","templated":true}]}}