{"id":401,"date":"2025-05-27T14:23:48","date_gmt":"2025-05-27T14:23:48","guid":{"rendered":"https:\/\/glampex.hu\/prepare-your-site\/"},"modified":"2025-10-15T12:27:48","modified_gmt":"2025-10-15T12:27:48","slug":"prepare-your-site","status":"publish","type":"page","link":"https:\/\/glampex.hu\/hu\/prepare-your-site\/","title":{"rendered":"Telek el\u0151k\u00e9sz\u00edt\u00e9se"},"content":{"rendered":"<div class=\"wp-block-cover is-light force-full-width\"><img loading=\"lazy\" decoding=\"async\" width=\"969\" height=\"600\" class=\"wp-block-cover__image-background wp-image-1294 size-full\" alt=\"construction\" src=\"https:\/\/glampex.hu\/wp-content\/uploads\/2025\/07\/gfsdf.png\" data-object-fit=\"cover\" srcset=\"https:\/\/glampex.hu\/wp-content\/uploads\/2025\/07\/gfsdf.png 969w, https:\/\/glampex.hu\/wp-content\/uploads\/2025\/07\/gfsdf-300x186.png 300w, https:\/\/glampex.hu\/wp-content\/uploads\/2025\/07\/gfsdf-768x476.png 768w, https:\/\/glampex.hu\/wp-content\/uploads\/2025\/07\/gfsdf-100x62.png 100w, https:\/\/glampex.hu\/wp-content\/uploads\/2025\/07\/gfsdf-18x12.png 18w\" sizes=\"auto, (max-width: 969px) 100vw, 969px\" \/><span aria-hidden=\"true\" class=\"wp-block-cover__background has-background-dim\" style=\"background-color:#ae8a65\"><\/span><div class=\"wp-block-cover__inner-container has-global-padding is-layout-constrained wp-block-cover-is-layout-constrained\"><h2 style=\"background-color:#0000004f;\" class=\"has-text-align-center has-link-color wp-elements-d2f36eabb9bfce479a5c81586aeaa293 wp-block-post-title has-text-color has-white-color has-background\">Telek el\u0151k\u00e9sz\u00edt\u00e9se<\/h2><\/div><\/div>\n\n\n\n<div style=\"height:33px\" aria-hidden=\"true\" class=\"wp-block-spacer\"><\/div>\n\n\n\n<h2 class=\"wp-block-heading has-text-align-center has-superbfont-xlarge-font-size\">Az ide\u00e1lis helysz\u00edn kiv\u00e1laszt\u00e1sa<\/h2>\n\n\n\n<div style=\"height:48px\" aria-hidden=\"true\" class=\"wp-block-spacer\"><\/div>\n\n\n\n<h2 class=\"wp-block-heading has-superbfont-large-font-size\">Hozz\u00e1f\u00e9r\u00e9s a telekhez<\/h2>\n\n\n\n<p style=\"padding-right:var(--wp--preset--spacing--superbspacing-small);padding-left:var(--wp--preset--spacing--superbspacing-small)\" class=\"translation-block\">Nemcsak a vend\u00e9gek megk\u00f6zel\u00edt\u00e9se fontos (gondoljunk a kis v\u00e1rosi aut\u00f3kkal vagy motorral \u00e9rkez\u0151 h\u00e9tv\u00e9gi l\u00e1togat\u00f3kra), hanem a kivitelez\u00e9s \u00e9s a k\u00e9s\u0151bbi karbantart\u00e1s is. Ha a helysz\u00edn csak egy keskeny, nehezen j\u00e1rhat\u00f3 \u00f6sv\u00e9nyen k\u00f6zel\u00edthet\u0151 meg, az megnehez\u00edti az \u00e9p\u00edt\u0151anyagok \u2013 p\u00e9ld\u00e1ul beton vagy tart\u00f3szerkezetek \u2013 odasz\u00e1ll\u00edt\u00e1s\u00e1t. Gondoljunk arra is, hogy ut\u00e1nfut\u00f3val vagy kisebb teheraut\u00f3val is el\u00e9rhet\u0151nek kell lennie a ter\u00fcletnek.\n A telep\u00edt\u00e9s ut\u00e1n pedig rendszeres takar\u00edt\u00e1sra \u00e9s karbantart\u00e1sra is sz\u00fcks\u00e9g lesz \u2013 egy s\u00e1ros, es\u0151s napon p\u00e9ld\u00e1ul nem ide\u00e1lis friss, feh\u00e9r t\u00f6r\u00f6lk\u00f6z\u0151kkel vagy porsz\u00edv\u00f3val \u00e1tv\u00e1gni az erd\u0151n.<\/p>\n\n\n\n<div style=\"height:33px\" aria-hidden=\"true\" class=\"wp-block-spacer\"><\/div>\n\n\n\n<h2 class=\"wp-block-heading has-superbfont-large-font-size\">K\u00f6zm\u0171vek elhelyez\u00e9se<\/h2>\n\n\n\n<p style=\"padding-right:var(--wp--preset--spacing--superbspacing-small);padding-left:var(--wp--preset--spacing--superbspacing-small)\" class=\"translation-block\">Fontos megtervezni, hova ker\u00fclnek a v\u00edztart\u00e1lyok \u2013 van-e s\u00edk ter\u00fclet, ahov\u00e1 le lehet tenni, \u00e9s megoldhat\u00f3-e a gravit\u00e1ci\u00f3s elvezet\u00e9s a d\u00f3mba vagy a gy\u0171jt\u00e9si pontr\u00f3l? Ugyanez vonatkozik a napelemekre is: kap-e a kijel\u00f6lt ter\u00fclet elegend\u0151 napf\u00e9nyt? A legt\u00f6bb szak\u00e9rt\u0151 azt javasolja, hogy a panelek \u00e9szak fel\u00e9 n\u00e9zzenek \u2013 \u00e9rdemes ezt is figyelembe venni.\n Ne feledj\u00fck, hogy a Nap ny\u00e1ron \u00e9s t\u00e9len m\u00e1s-m\u00e1s p\u00e1ly\u00e1n mozog. Emellett a napf\u00e9ny el\u00e9r\u00e9s\u00e9t akad\u00e1lyozhatj\u00e1k f\u00e1k vagy domborzati elemek. Egyre t\u00f6bben aj\u00e1nlj\u00e1k az \u201e50\/50\u201d kelet\u2013nyugati t\u00e1jol\u00e1st, ami a reggeli \u00e9s d\u00e9lut\u00e1ni naps\u00fct\u00e9st is kihaszn\u00e1lja, \u00e9s felh\u0151s id\u0151ben is kiegyens\u00falyozottabb t\u00f6lt\u00e9st biztos\u00edt.<\/p>\n\n\n\n<div style=\"height:32px\" aria-hidden=\"true\" class=\"wp-block-spacer\"><\/div>\n\n\n\n<h2 class=\"wp-block-heading has-superbfont-large-font-size\">Talajmin\u0151s\u00e9g<\/h2>\n\n\n\n<p style=\"padding-right:var(--wp--preset--spacing--superbspacing-small);padding-left:var(--wp--preset--spacing--superbspacing-small)\"><span class=\"has-superb-addons-text-align-justify\">A ter\u00fclet kem\u00e9ny, stabil talajon fekszik, vagy puh\u00e1bb, esetleg s\u00fcllyed\u00e9sre, er\u00f3zi\u00f3ra hajlamos? Ha igen, sz\u00fcks\u00e9g lehet m\u00e9lyebb alapoz\u00e1sra, hogy el\u00e9rj\u00fck a szil\u00e1rd r\u00e9teget. Fontos tudni, milyen anyag\u00fa a talaj, mert ez befoly\u00e1solja az alapoz\u00e1s \u00e9s a szerkezet stabilit\u00e1s\u00e1t.<\/span><\/p>\n\n\n\n<div style=\"height:33px\" aria-hidden=\"true\" class=\"wp-block-spacer\"><\/div>\n\n\n\n<h2 class=\"wp-block-heading has-superbfont-large-font-size\">Naps\u00fct\u00e9s mennyis\u00e9ge ny\u00e1ron \u00e9s t\u00e9len<\/h2>\n\n\n\n<p style=\"padding-right:var(--wp--preset--spacing--superbspacing-small);padding-left:var(--wp--preset--spacing--superbspacing-small)\" class=\"translation-block\">A Glampex D\u00f3m modelljeink alapfelszerelts\u00e9gk\u00e9nt sz\u00e1mos h\u0151m\u00e9rs\u00e9klet-szab\u00e1lyoz\u00f3 elemmel rendelkeznek, \u00edgy az \u00e9v minden szakasz\u00e1ban kellemes kl\u00edm\u00e1t biztos\u00edtanak. Ugyanakkor \u00e9rdemes figyelembe venni, hogy a nagy ny\u00e1ri h\u0151s\u00e9g kih\u00edv\u00e1s lehet \u2013 javasoljuk, hogy a nagy panor\u00e1maablak ne a ny\u00e1ri d\u00e9lut\u00e1ni nap fel\u00e9 n\u00e9zzen, mivel ez jelent\u0151s mennyis\u00e9g\u0171 h\u0151t vezet be az \u00e9p\u00edtm\u00e9nybe.\nA forr\u00f3 ny\u00e1ri napokon a bent rekedt leveg\u0151 jelent\u0151sen felmeleg\u00edtheti a d\u00f3m bels\u0151 ter\u00e9t, ez\u00e9rt elengedhetetlen a hat\u00e9kony szell\u0151ztet\u00e9s. Ennek legegyszer\u0171bb m\u00f3dja az ablakok \u00e9s ajt\u00f3k kinyit\u00e1sa, de haszn\u00e1lhatunk ventil\u00e1torokat vagy ak\u00e1r l\u00e9gkondicion\u00e1l\u00f3 berendez\u00e9st is a leveg\u0151 keringet\u00e9s\u00e9re \u00e9s a h\u0151m\u00e9rs\u00e9klet cs\u00f6kkent\u00e9s\u00e9re.<\/p>\n\n\n\n<div style=\"height:32px\" aria-hidden=\"true\" class=\"wp-block-spacer\"><\/div>\n\n\n\n<h2 class=\"wp-block-heading has-superbfont-large-font-size\">V\u00edzelvezet\u00e9s \u00e9s tereplejt\u00e9s<\/h2>\n\n\n\n<p style=\"padding-right:var(--wp--preset--spacing--superbspacing-small);padding-left:var(--wp--preset--spacing--superbspacing-small)\"><span class=\"has-superb-addons-text-align-justify\">A csapad\u00e9k elfolyik a helysz\u00ednr\u0151l, vagy ink\u00e1bb meg\u00e1ll, felgy\u00fclemlik? Ha t\u00fal meredek a lejt\u00e9s, a betonalap ki\u00e9p\u00edt\u00e9se jelent\u0151s biztons\u00e1gi kih\u00edv\u00e1sokat jelenthet (pl. v\u00edzelvezet\u00e9s, t\u00e1mfalak stb.). Ilyen esetekben \u00e9rdemesebb fa teraszt, azaz emelt padl\u00f3szintet v\u00e1lasztani.<\/span><\/p>\n\n\n\n<div style=\"height:33px\" aria-hidden=\"true\" class=\"wp-block-spacer\"><\/div>\n\n\n\n<h2 class=\"wp-block-heading has-superbfont-large-font-size\">F\u00e1k \u00e9s n\u00f6v\u00e9nyzet<\/h2>\n\n\n\n<p style=\"padding-right:var(--wp--preset--spacing--superbspacing-small);padding-left:var(--wp--preset--spacing--superbspacing-small)\"><span class=\"has-superb-addons-text-align-justify\">A f\u00e1k nemcsak \u00e1rny\u00e9kot \u00e9s term\u00e9szetk\u00f6zeli hangulatot biztos\u00edtanak, de l\u00e1tv\u00e1nyos h\u00e1tteret is ny\u00fajtanak. Ugyanakkor fontos figyelembe venni, hogy p\u00e9ld\u00e1ul komoly vesz\u00e9lyforr\u00e1st jelenthetnek a lehull\u00f3 nagy \u00e1gak vagy az erd\u0151t\u00fczek. A d\u00f3m bor\u00edt\u00e1sa j\u00f3l ellen\u00e1ll a tompa behat\u00e1soknak, de hegyes, \u00e9les t\u00e1rgyak \u2013 p\u00e9ld\u00e1ul let\u00f6rt \u00e1gak \u2013 \u00e1tsz\u00farhatj\u00e1k azt, ez\u00e9rt k\u00fcl\u00f6n\u00f6sen figyelj\u00fcnk az elhelyez\u00e9sn\u00e9l a k\u00f6zvetlen k\u00f6rnyez\u0151 n\u00f6v\u00e9nyzetre.<\/span><\/p>\n\n\n\n<div style=\"height:33px\" aria-hidden=\"true\" class=\"wp-block-spacer\"><\/div>\n\n\n\n<h2 class=\"wp-block-heading has-superbfont-large-font-size\">Kil\u00e1t\u00e1s a D\u00f3m-b\u00f3l<\/h2>\n\n\n\n<p style=\"padding-right:var(--wp--preset--spacing--superbspacing-small);padding-left:var(--wp--preset--spacing--superbspacing-small)\" class=\"translation-block\">A vend\u00e9gek sz\u00e1m\u00e1ra az \u00e9lm\u00e9ny egyik kulcseleme a kil\u00e1t\u00e1s. Szeretn\u00e9d, ha a napfelkelt\u00e9re vagy naplement\u00e9re n\u00e9zne a d\u00f3m? Van-e k\u00fcl\u00f6nleges panor\u00e1ma a helysz\u00ednen, ami a nagy ablakb\u00f3l vagy a teraszr\u00f3l is l\u00e1that\u00f3?\n A Glampex k\u00edn\u00e1lat\u00e1ban szerepl\u0151 d\u00f3m t\u00edpusok (pl. M6, M8) eset\u00e9n egyedi be\u00e9p\u00edt\u00e9si tervet is k\u00e9sz\u00edt\u00fcnk, hogy a lehet\u0151 legjobb kil\u00e1t\u00e1st biztos\u00edtsuk a bels\u0151 t\u00e9rb\u0151l \u2013 \u00edgy garant\u00e1lva a maxim\u00e1lis \u00e9lm\u00e9nyt vend\u00e9geid sz\u00e1m\u00e1ra.<\/p>\n\n\n\n<div style=\"height:50px\" aria-hidden=\"true\" class=\"wp-block-spacer\"><\/div>\n\n\n\n<div class=\"card\">\n  <h2>K\u00f6vetkez\u0151 l\u00e9p\u00e9sek<\/h2>\n  <p>Folytasd a k\u00f6vetkez\u0151 l\u00e9p\u00e9ssel, vagy l\u00e9pj vissza<\/p>\n  <div class=\"card-buttons\">\n    <a href=\"\/hu\/connecting-your-services\/\">K\u00f6vetkez\u0151<\/a>\n  <\/div>\n<\/div>","protected":false},"excerpt":{"rendered":"<p>Selecting your ideal site Access to site It&#8217;s not just about ensuring easy access for guests (think of weekend visitors arriving in small city cars or on motorcycles), but also for construction and future maintenance. If the site is only accessible via a narrow, difficult path, it will complicate the delivery of building materials\u2014such as [&hellip;]<\/p>","protected":false},"author":1,"featured_media":7,"parent":0,"menu_order":0,"comment_status":"closed","ping_status":"closed","template":"wp-custom-template-pages-not-front","meta":{"om_disable_all_campaigns":false,"_monsterinsights_skip_tracking":false,"_monsterinsights_sitenote_active":false,"_monsterinsights_sitenote_note":"","_monsterinsights_sitenote_category":0,"footnotes":""},"class_list":["post-401","page","type-page","status-publish","has-post-thumbnail","hentry"],"aioseo_notices":[],"_links":{"self":[{"href":"https:\/\/glampex.hu\/hu\/wp-json\/wp\/v2\/pages\/401","targetHints":{"allow":["GET"]}}],"collection":[{"href":"https:\/\/glampex.hu\/hu\/wp-json\/wp\/v2\/pages"}],"about":[{"href":"https:\/\/glampex.hu\/hu\/wp-json\/wp\/v2\/types\/page"}],"author":[{"embeddable":true,"href":"https:\/\/glampex.hu\/hu\/wp-json\/wp\/v2\/users\/1"}],"replies":[{"embeddable":true,"href":"https:\/\/glampex.hu\/hu\/wp-json\/wp\/v2\/comments?post=401"}],"version-history":[{"count":28,"href":"https:\/\/glampex.hu\/hu\/wp-json\/wp\/v2\/pages\/401\/revisions"}],"predecessor-version":[{"id":1950,"href":"https:\/\/glampex.hu\/hu\/wp-json\/wp\/v2\/pages\/401\/revisions\/1950"}],"wp:featuredmedia":[{"embeddable":true,"href":"https:\/\/glampex.hu\/hu\/wp-json\/wp\/v2\/media\/7"}],"wp:attachment":[{"href":"https:\/\/glampex.hu\/hu\/wp-json\/wp\/v2\/media?parent=401"}],"curies":[{"name":"wp","href":"https:\/\/api.w.org\/{rel}","templated":true}]}}