{"id":413,"date":"2025-05-28T08:08:22","date_gmt":"2025-05-28T08:08:22","guid":{"rendered":"https:\/\/glampex.hu\/connecting-your-services\/"},"modified":"2025-10-15T12:30:51","modified_gmt":"2025-10-15T12:30:51","slug":"connecting-your-services","status":"publish","type":"page","link":"https:\/\/glampex.hu\/hu\/connecting-your-services\/","title":{"rendered":"K\u00f6zm\u0171vek bek\u00f6t\u00e9se"},"content":{"rendered":"<div class=\"wp-block-cover alignfull is-light force-full-width\" style=\"min-height:669px;aspect-ratio:unset;\"><img loading=\"lazy\" decoding=\"async\" width=\"2560\" height=\"1707\" class=\"wp-block-cover__image-background wp-image-1801 size-full\" alt=\"\" src=\"https:\/\/glampex.hu\/wp-content\/uploads\/2025\/07\/pexels-lamiko-3615735-scaled.jpg\" data-object-fit=\"cover\" srcset=\"https:\/\/glampex.hu\/wp-content\/uploads\/2025\/07\/pexels-lamiko-3615735-scaled.jpg 2560w, https:\/\/glampex.hu\/wp-content\/uploads\/2025\/07\/pexels-lamiko-3615735-300x200.jpg 300w, https:\/\/glampex.hu\/wp-content\/uploads\/2025\/07\/pexels-lamiko-3615735-1024x683.jpg 1024w, https:\/\/glampex.hu\/wp-content\/uploads\/2025\/07\/pexels-lamiko-3615735-768x512.jpg 768w, https:\/\/glampex.hu\/wp-content\/uploads\/2025\/07\/pexels-lamiko-3615735-100x67.jpg 100w, https:\/\/glampex.hu\/wp-content\/uploads\/2025\/07\/pexels-lamiko-3615735-1536x1024.jpg 1536w, https:\/\/glampex.hu\/wp-content\/uploads\/2025\/07\/pexels-lamiko-3615735-2048x1365.jpg 2048w, https:\/\/glampex.hu\/wp-content\/uploads\/2025\/07\/pexels-lamiko-3615735-18x12.jpg 18w\" sizes=\"auto, (max-width: 2560px) 100vw, 2560px\" \/><span aria-hidden=\"true\" class=\"wp-block-cover__background has-background-dim\" style=\"background-color:#eee8e7\"><\/span><div class=\"wp-block-cover__inner-container has-global-padding is-layout-constrained wp-block-cover-is-layout-constrained\"><h2 style=\"background-color:#0000004f;\" class=\"has-text-align-center wp-block-post-title has-background\">K\u00f6zm\u0171vek bek\u00f6t\u00e9se<\/h2><\/div><\/div>\n\n\n\n<div style=\"height:65px\" aria-hidden=\"true\" class=\"wp-block-spacer\"><\/div>\n\n\n\n<p class=\"has-superbfont-large-font-size\"><strong>Fontos megjegyz\u00e9s<\/strong><\/p>\n\n\n\n<p style=\"padding-right:var(--wp--preset--spacing--superbspacing-small);padding-left:var(--wp--preset--spacing--superbspacing-small)\"><span class=\"has-superb-addons-text-align-justify\">Fontos tudni, hogy nem vagyunk villanyszerel\u0151k vagy v\u00edzvezet\u00e9k-szerel\u0151k, \u00edgy ebben a r\u00e9szben csak alapvet\u0151 ir\u00e1nymutat\u00e1sokat adunk, amelyek seg\u00edtenek elindulni ebben a k\u00fcl\u00f6n\u00f6sen fontos t\u00e9m\u00e1ban. Minden esetben javasoljuk szakk\u00e9pzett kivitelez\u0151 bevon\u00e1s\u00e1t, legyen sz\u00f3 b\u00e1rmilyen rendszer ki\u00e9p\u00edt\u00e9s\u00e9r\u0151l.<\/span><\/p>\n\n\n\n<p style=\"padding-right:var(--wp--preset--spacing--superbspacing-small);padding-left:var(--wp--preset--spacing--superbspacing-small)\"><span class=\"has-superb-addons-text-align-justify\"><br>A Glampex \u00fcgyfelei t\u00f6bbs\u00e9g\u00e9ben az off-grid, azaz h\u00e1l\u00f3zaton k\u00edv\u00fcli megold\u00e1sokat r\u00e9szes\u00edtik el\u0151nyben \u2013 ennek sz\u00e1mos oka van, amit itt most nem r\u00e9szletez\u00fcnk. A l\u00e9nyeg: ha te is az \u00f6nell\u00e1t\u00f3 m\u0171k\u00f6d\u00e9s mellett d\u00f6ntesz, akkor elengedhetetlen, hogy megfelel\u0151 kapacit\u00e1s\u00fa v\u00edz- \u00e9s energiat\u00e1rol\u00f3 rendszereket tervezz, melyek biztos\u00edtj\u00e1k a z\u00f6kken\u0151mentes m\u0171k\u00f6d\u00e9st \u00e9s vend\u00e9g\u00e9lm\u00e9nyt \u2013 minden k\u00f6r\u00fclm\u00e9nyek k\u00f6z\u00f6tt.<\/span><\/p>\n\n\n\n<div style=\"height:53px\" aria-hidden=\"true\" class=\"wp-block-spacer\"><\/div>\n\n\n\n<h2 class=\"wp-block-heading has-text-align-center has-superbfont-xlarge-font-size\">V\u00edzvezet\u00e9krendszer \u00e9s g\u00e1zell\u00e1t\u00e1s<\/h2>\n\n\n\n<p class=\"warning-box translation-block\" style=\"padding-right:var(--wp--preset--spacing--superbspacing-small);padding-left:var(--wp--preset--spacing--superbspacing-small)\">A d\u00f3m komfortos haszn\u00e1lat\u00e1hoz sz\u00fcks\u00e9g van a k\u00f6vetkez\u0151 vezet\u00e9kek ki\u00e9p\u00edt\u00e9s\u00e9re:<br>\n\u25cf\tFrissv\u00edz ell\u00e1t\u00e1s (konyh\u00e1hoz, f\u00fcrd\u0151h\u00f6z, egy\u00e9b vizes helyis\u00e9gekhez),\n<br>\n\u25cf\tSz\u00fcrkev\u00edz elvezet\u00e9s (haszn\u00e1lt, de nem szennyezett v\u00edz, pl. zuhany, mosd\u00f3),\n<br>\n\u25cf\tSzennyv\u00edzelvezet\u00e9s (WC \u00e9s egy\u00e9b szennyv\u00edzforr\u00e1sok).<\/p>\n\n\n\n<h2 class=\"wp-block-heading has-superbfont-large-font-size\"><strong>R\u00e1k\u00f6t\u00e9s a k\u00f6zm\u0171vekre<\/strong><\/h2>\n\n\n\n<p style=\"padding-right:var(--wp--preset--spacing--superbspacing-small);padding-left:var(--wp--preset--spacing--superbspacing-small)\"><span class=\"has-superb-addons-text-align-justify\">Amennyiben a telket h\u00e1l\u00f3zatra k\u00edv\u00e1nod k\u00f6tni, elengedhetetlen, hogy az illet\u00e9kes \u00f6nkorm\u00e1nyzat tudjon a csatlakoz\u00e1sr\u00f3l, \u00e9s j\u00f3v\u00e1hagyja azt. Emellett fontos, hogy a kivitelez\u00e9s sor\u00e1n r\u00e9szletes helysz\u00ednrajz k\u00e9sz\u00fclj\u00f6n a vezet\u00e9kek pontos elhelyezked\u00e9s\u00e9r\u0151l, amely k\u00e9s\u0151bbi karbantart\u00e1si munk\u00e1kn\u00e1l n\u00e9lk\u00fcl\u00f6zhetetlen lesz.<\/span><\/p>\n\n\n\n<h2 class=\"wp-block-heading has-superbfont-large-font-size\">K\u00f6zponti r\u00e1k\u00f6t\u00e9s n\u00e9lk\u00fcli  v\u00edzell\u00e1t\u00e1s<\/h2>\n\n\n\n<p style=\"padding-right:var(--wp--preset--spacing--superbspacing-small);padding-left:var(--wp--preset--spacing--superbspacing-small)\"><span class=\"has-superb-addons-text-align-justify\">A sz\u00e9ls\u0151s\u00e9ges \u00e9ghajlati viszonyok miatt nagyon fontos a megfelel\u0151 v\u00edzt\u00e1rol\u00f3 kapacit\u00e1s kialak\u00edt\u00e1sa. Az al\u00e1bbi megold\u00e1sok k\u00f6z\u00fcl v\u00e1laszthatsz \u2013 vagy ak\u00e1r kombin\u00e1lhatod is \u0151ket:<\/span><\/p>\n\n\n\n<ol class=\"wp-block-list\">\n<li style=\"padding-right:var(--wp--preset--spacing--superbspacing-small);padding-left:var(--wp--preset--spacing--superbspacing-small)\"><span class=\"has-superb-addons-text-align-justify\">A d\u00f3mr\u00f3l gy\u0171jt\u00f6tt es\u0151v\u00edz tart\u00e1lyba szivatty\u00faz\u00e1sa, majd onnan gravit\u00e1ci\u00f3val visszavezetve a d\u00f3mba.<\/span><\/li>\n\n\n\n<li style=\"padding-right:var(--wp--preset--spacing--superbspacing-small);padding-left:var(--wp--preset--spacing--superbspacing-small)\">A d\u00f3mr\u00f3l gy\u0171jt\u00f6tt v\u00edz gravit\u00e1ci\u00f3s \u00faton tart\u00e1lyba engedve, majd onnan szivatty\u00fazva vissza \u2013 <strong>ezt aj\u00e1nljuk legink\u00e1bb,<\/strong> mivel \u00edgy a szivatty\u00fa m\u0171k\u00f6d\u00e9se kev\u00e9sb\u00e9 hallhat\u00f3.<\/li>\n\n\n\n<li style=\"padding-right:var(--wp--preset--spacing--superbspacing-small);padding-left:var(--wp--preset--spacing--superbspacing-small)\">M\u00e1s tet\u0151fel\u00fcletr\u0151l (pl. h\u00e1z, gar\u00e1zs, t\u00e1rol\u00f3) gy\u0171jt\u00f6tt v\u00edz szivatty\u00faval t\u00f6rt\u00e9n\u0151 eljuttat\u00e1sa a d\u00f3mhoz \u2013 ez f\u0151k\u00e9nt akkor m\u0171k\u00f6d\u0151k\u00e9pes, ha a t\u00e1vols\u00e1g \u00e9s terepviszonyok ezt lehet\u0151v\u00e9 teszik.<\/li>\n\n\n\n<li style=\"padding-right:var(--wp--preset--spacing--superbspacing-small);padding-left:var(--wp--preset--spacing--superbspacing-small)\">V\u00edzgy\u0171jt\u00e9s \u00e9s -tiszt\u00edt\u00e1s t\u00f3b\u00f3l vagy v\u00edzt\u00e1roz\u00f3b\u00f3l.<\/li>\n\n\n\n<li style=\"padding-right:var(--wp--preset--spacing--superbspacing-small);padding-left:var(--wp--preset--spacing--superbspacing-small)\">Forr\u00e1s- vagy talajv\u00edz gy\u0171jt\u00e9se \u00e9s kezel\u00e9se.<\/li>\n<\/ol>\n\n\n\n<p style=\"padding-right:var(--wp--preset--spacing--superbspacing-small);padding-left:var(--wp--preset--spacing--superbspacing-small)\"><span class=\"has-superb-addons-text-align-justify\">Mivel az els\u0151 n\u00e9h\u00e1ny \u00e9vben neh\u00e9z pontosan meg\u00edt\u00e9lni a csapad\u00e9k mennyis\u00e9g\u00e9t \u00e9s eloszl\u00e1s\u00e1t, \u00e9rdemes a helyi lakosokkal besz\u00e9lgetni, hogy pontosabb k\u00e9pet kapj az adott r\u00e9gi\u00f3 id\u0151j\u00e1r\u00e1si saj\u00e1toss\u00e1gair\u00f3l.<\/span><\/p>\n\n\n\n<h2 class=\"wp-block-heading has-superbfont-large-font-size\"><strong>Tov\u00e1bbi szempontok<\/strong><\/h2>\n\n\n\n<p style=\"padding-right:var(--wp--preset--spacing--superbspacing-small);padding-left:var(--wp--preset--spacing--superbspacing-small)\" class=\"translation-block\">Szint\u00e9n fontos megtervezni a szennyv\u00edzkezel\u0151 rendszert \u00e9s a WC t\u00edpus\u00e1t. A piacon t\u00f6bbf\u00e9le megold\u00e1s l\u00e9tezik, ezek k\u00f6z\u00fcl n\u00e9h\u00e1ny:<br>\n\u25cf\thagyom\u00e1nyos \u00f6bl\u00edt\u0151s WC,<br>\n\n\u25cf\tmikro-\u00f6bl\u00edt\u00e9ses rendszer,<br>\n\n\u25cf\tkomposzt\u00e1l\u00f3 vagy sz\u00e1raz WC,<br>\n\n\u25cf\t\u00e9get\u0151 WC.<\/p>\n\n\n\n<p style=\"padding-right:var(--wp--preset--spacing--superbspacing-small);padding-left:var(--wp--preset--spacing--superbspacing-small)\"><span class=\"has-superb-addons-text-align-justify\">L\u00e9teznek kombin\u00e1lt <strong>sz\u00fcrkev\u00edz- \u00e9s szennyv\u00edzkezel\u0151 rendszerek<\/strong>, amelyek mind a hivatalos el\u0151\u00edr\u00e1soknak, mind a fenntarthat\u00f3s\u00e1gi szempontoknak megfelelnek. Ezek b\u00e1rmilyen t\u00edpus\u00fa lak\u00f3egys\u00e9gn\u00e9l sz\u00fcks\u00e9gesek, legyen az d\u00f3m, minih\u00e1z, jurta vagy m\u00e1s sz\u00e1ll\u00e1st\u00edpus.<\/span><\/p>\n\n\n\n<h2 class=\"wp-block-heading has-superbfont-large-font-size\">G\u00e1zell\u00e1t\u00e1s<\/h2>\n\n\n\n<p style=\"padding-right:var(--wp--preset--spacing--superbspacing-small);padding-left:var(--wp--preset--spacing--superbspacing-small)\"><span class=\"has-superb-addons-text-align-justify\">A g\u00e1z sok esetben kiv\u00e1l\u00f3 alternat\u00edv\u00e1ja a nagy energiaig\u00e9ny\u0171 elektromos eszk\u00f6z\u00f6knek \u2013 ilyen p\u00e9ld\u00e1ul a f\u0171t\u00e9s, f\u0151z\u00e9s, s\u0151t, ak\u00e1r egyes h\u0171t\u0151- \u00e9s kl\u00edmaberendez\u00e9sek is m\u0171k\u00f6dtethet\u0151k g\u00e1zzal. Ez k\u00fcl\u00f6n\u00f6sen el\u0151ny\u00f6s, ha nem szeretn\u00e9l dr\u00e1ga, t\u00falm\u00e9retezett napelemes rendszert ki\u00e9p\u00edteni.<\/span><\/p>\n\n\n\n<p style=\"padding-right:var(--wp--preset--spacing--superbspacing-small);padding-left:var(--wp--preset--spacing--superbspacing-small)\"><span class=\"has-superb-addons-text-align-justify\"><br>H\u00e1tr\u00e1nya, hogy a palackokat id\u0151nk\u00e9nt cser\u00e9lni kell, \u00e9s k\u00fcl\u00f6n g\u00e1zbek\u00f6t\u00e9si pontot kell l\u00e9trehozni, amit csak szakk\u00e9pes\u00edtett g\u00e1zszerel\u0151 v\u00e9gezhet el.<\/span><\/p>\n\n\n\n<h2 class=\"wp-block-heading has-text-align-center has-superbfont-xlarge-font-size\">Elektromos rendszer \u00e9s kl\u00edma<\/h2>\n\n\n\n<p class=\"warning-box\" style=\"padding-right:var(--wp--preset--spacing--superbspacing-small);padding-left:var(--wp--preset--spacing--superbspacing-small)\"><span class=\"has-superb-addons-text-align-justify\"><strong>Alap elektromos h\u00e1l\u00f3zat<\/strong><br>A d\u00f3m bels\u0151 vil\u00e1g\u00edt\u00e1s\u00e1hoz, konnektoraihoz \u00e9s egy\u00e9b elektromos eszk\u00f6zeihez vezet\u00e9kez\u00e9st kell ki\u00e9p\u00edteni, biztons\u00e1gosan \u00e9s a szabv\u00e1nyoknak megfelel\u0151en.<\/span><\/p>\n\n\n\n<h2 class=\"wp-block-heading has-superbfont-large-font-size\">K\u00f6zponti \u00e1ramell\u00e1t\u00e1s<\/h2>\n\n\n\n<p style=\"padding-right:var(--wp--preset--spacing--superbspacing-small);padding-left:var(--wp--preset--spacing--superbspacing-small)\"><span class=\"has-superb-addons-text-align-justify\">A villamosenergia-h\u00e1l\u00f3zatra t\u00f6rt\u00e9n\u0151 csatlakoz\u00e1s eset\u00e9n is k\u00f6telez\u0151 az \u00f6nkorm\u00e1nyzati bejelent\u00e9s, \u00e9s aj\u00e1nlott r\u00e9szletes dokument\u00e1ci\u00f3 k\u00e9sz\u00edt\u00e9se az elektromos rendszer elemeir\u0151l. A h\u00e1l\u00f3zati \u00e1ram kezel\u00e9se kiz\u00e1r\u00f3lag szakk\u00e9pzett villanyszerel\u0151 \u00e1ltal v\u00e9gezhet\u0151, hiszen itt m\u00e1r \u00e9letvesz\u00e9lyes kock\u00e1zatok is felmer\u00fclhetnek.<\/span><\/p>\n\n\n\n<h2 class=\"wp-block-heading has-superbfont-large-font-size\">K\u00f6zponti r\u00e1k\u00f6t\u00e9s n\u00e9lk\u00fcli \u00e1ramell\u00e1t\u00e1s<\/h2>\n\n\n\n<p style=\"padding-right:var(--wp--preset--spacing--superbspacing-small);padding-left:var(--wp--preset--spacing--superbspacing-small)\" class=\"translation-block\">A legn\u00e9pszer\u0171bb \u00f6nell\u00e1t\u00f3 \u00e1ramforr\u00e1s a napelemes rendszer, de l\u00e9teznek egy\u00e9b lehet\u0151s\u00e9gek is: sz\u00e9l- \u00e9s v\u00edzturbin\u00e1k, valamint aggreg\u00e1torok \u2013 ut\u00f3bbiak biztons\u00e1gi tartal\u00e9kk\u00e9nt k\u00fcl\u00f6n\u00f6sen hasznosak lehetnek.<br>\nA rendszer m\u00e9retez\u00e9sekor vedd figyelembe:<br>\n\u25cf\ta helyi id\u0151j\u00e1r\u00e1st \u00e9s naps\u00fct\u00e9ses \u00f3r\u00e1k sz\u00e1m\u00e1t,\n<br>\n\u25cf\ta f\u00e1kat, \u00e1rny\u00e9kot ad\u00f3 elemeket,\n<br>\n\u25cf\ta domborzatot, hegyek \u00e1rny\u00e9kol\u00e1s\u00e1t,\n<br>\n\u25cf\t\u00e9s a nap j\u00e1r\u00e1s\u00e1t \u00e9vszakonk\u00e9nt.<\/p>\n\n\n\n<p style=\"padding-right:var(--wp--preset--spacing--superbspacing-small);padding-left:var(--wp--preset--spacing--superbspacing-small)\" class=\"translation-block\">Fontos a megfelel\u0151 m\u00e9ret\u0171 akkumul\u00e1toros t\u00e1rol\u00f3rendszer is, hiszen ez hat\u00e1rozza meg, mennyi ideig tudod biztos\u00edtani az \u00e1ramell\u00e1t\u00e1st felh\u0151s vagy csapad\u00e9kos id\u0151szakban. L\u00e9teznek k\u00fcl\u00f6nb\u00f6z\u0151 akkumul\u00e1tort\u00edpusok, amelyek m\u00e1s-m\u00e1s \u00e9ghajlati \u00e9s haszn\u00e1lati felt\u00e9telekhez ide\u00e1lisak.\n<br>\nHasznos lehet helyi villanyszerel\u0151vel vagy napelemes kivitelez\u0151vel egyeztetni, illetve kik\u00e9rni a k\u00f6rny\u00e9ken \u00e9l\u0151k tapasztalatait is.<\/p>\n\n\n\n<h2 class=\"wp-block-heading has-superbfont-large-font-size\">Kl\u00edmaberendez\u00e9s<\/h2>\n\n\n\n<p style=\"padding-right:var(--wp--preset--spacing--superbspacing-small);padding-left:var(--wp--preset--spacing--superbspacing-small)\"><span class=\"has-superb-addons-text-align-justify\">\u00c9ghajlatt\u00f3l f\u00fcgg\u0151en \u00e9rdemes lehet f\u0171t\u00e9sre \u00e9s h\u0171t\u00e9sre is alkalmas kl\u00edmaberendez\u00e9st vagy mini split rendszert telep\u00edteni. Mi egy <strong>3.5 Kw<\/strong> kapacit\u00e1s\u00fa k\u00e9sz\u00fcl\u00e9ket aj\u00e1nlunk, mivel ez ide\u00e1lisan k\u00e9pes a d\u00f3m tereinek eg\u00e9sz \u00e9ves temper\u00e1l\u00e1s\u00e1ra. Fontos azonban szem el\u0151tt tartani, hogy a kl\u00edmarendszerek jelent\u0151s energi\u00e1t fogyasztanak, \u00e9s a vend\u00e9gek hajlamosak folyamatosan m\u0171k\u00f6d\u00e9sben hagyni \u0151ket, ha el\u00e9rhet\u0151ek.<br>Ez\u00e9rt ha ezt a megold\u00e1st v\u00e1lasztod, mindenk\u00e9ppen vedd figyelembe a kl\u00edmaberendez\u00e9s energiaig\u00e9ny\u00e9t a teljes rendszer kapacit\u00e1s\u00e1nak megtervez\u00e9sekor \u2013 bele\u00e9rtve a termel\u00e9st, a t\u00e1rol\u00e1st \u00e9s a fogyaszt\u00e1st is.<\/span><\/p>\n\n\n\n<hr class=\"wp-block-separator has-alpha-channel-opacity\"\/>\n\n\n\n<p style=\"padding-right:var(--wp--preset--spacing--superbspacing-small);padding-left:var(--wp--preset--spacing--superbspacing-small)\"><strong><span class=\"has-superb-addons-text-align-justify\">V\u00e9gezet\u00fcl ne feledd, hogy az energia- \u00e9s v\u00edzrendszerek tervez\u00e9se \u00f6sszef\u00fcgg a d\u00f3m alapoz\u00e1si m\u00f3dj\u00e1val, amelyet a k\u00f6vetkez\u0151 szakaszban r\u00e9szletez\u00fcnk.<\/span><\/strong><\/p>\n\n\n\n<div class=\"card\">\n  <h2>K\u00f6vetkez\u0151 l\u00e9p\u00e9sek<\/h2>\n  <p>Folytasd a k\u00f6vetkez\u0151 l\u00e9p\u00e9ssel, vagy l\u00e9pj vissza<\/p>\n  <div class=\"card-buttons\">\n    <a href=\"\/hu\/prepare-your-site\/\">El\u0151z\u0151<\/a>\n    <a href=\"\/hu\/build-your-foundation\/\">K\u00f6vetkez\u0151<\/a>\n  <\/div>\n<\/div>","protected":false},"excerpt":{"rendered":"<p>DISCLAIMER It\u2019s important to understand that we are not electricians or plumbers. Therefore, in this section, we only provide basic guidance to help you get started with this particularly important topic. We strongly recommend involving a qualified professional for any type of system installation. Most Glampex customers prefer off-grid solutions \u2013 for a variety of [&hellip;]<\/p>","protected":false},"author":1,"featured_media":0,"parent":0,"menu_order":0,"comment_status":"closed","ping_status":"closed","template":"wp-custom-template-pages-not-front","meta":{"om_disable_all_campaigns":false,"_monsterinsights_skip_tracking":false,"_monsterinsights_sitenote_active":false,"_monsterinsights_sitenote_note":"","_monsterinsights_sitenote_category":0,"footnotes":""},"class_list":["post-413","page","type-page","status-publish","hentry"],"aioseo_notices":[],"_links":{"self":[{"href":"https:\/\/glampex.hu\/hu\/wp-json\/wp\/v2\/pages\/413","targetHints":{"allow":["GET"]}}],"collection":[{"href":"https:\/\/glampex.hu\/hu\/wp-json\/wp\/v2\/pages"}],"about":[{"href":"https:\/\/glampex.hu\/hu\/wp-json\/wp\/v2\/types\/page"}],"author":[{"embeddable":true,"href":"https:\/\/glampex.hu\/hu\/wp-json\/wp\/v2\/users\/1"}],"replies":[{"embeddable":true,"href":"https:\/\/glampex.hu\/hu\/wp-json\/wp\/v2\/comments?post=413"}],"version-history":[{"count":20,"href":"https:\/\/glampex.hu\/hu\/wp-json\/wp\/v2\/pages\/413\/revisions"}],"predecessor-version":[{"id":1952,"href":"https:\/\/glampex.hu\/hu\/wp-json\/wp\/v2\/pages\/413\/revisions\/1952"}],"wp:attachment":[{"href":"https:\/\/glampex.hu\/hu\/wp-json\/wp\/v2\/media?parent=413"}],"curies":[{"name":"wp","href":"https:\/\/api.w.org\/{rel}","templated":true}]}}