{"id":43,"date":"2025-05-23T21:00:21","date_gmt":"2025-05-23T21:00:21","guid":{"rendered":"https:\/\/glampex.hu\/?page_id=43"},"modified":"2025-07-26T12:19:28","modified_gmt":"2025-07-26T12:19:28","slug":"gyik","status":"publish","type":"page","link":"https:\/\/glampex.hu\/hu\/gyik\/","title":{"rendered":"GYIK"},"content":{"rendered":"<div class=\"wp-block-cover force-full-width\"><img loading=\"lazy\" decoding=\"async\" width=\"2560\" height=\"1440\" class=\"wp-block-cover__image-background wp-image-1079 size-full\" alt=\"\" src=\"https:\/\/glampex.hu\/wp-content\/uploads\/2025\/06\/6m4-scaled.jpg\" data-object-fit=\"cover\" srcset=\"https:\/\/glampex.hu\/wp-content\/uploads\/2025\/06\/6m4-scaled.jpg 2560w, https:\/\/glampex.hu\/wp-content\/uploads\/2025\/06\/6m4-300x169.jpg 300w, https:\/\/glampex.hu\/wp-content\/uploads\/2025\/06\/6m4-1024x576.jpg 1024w, https:\/\/glampex.hu\/wp-content\/uploads\/2025\/06\/6m4-768x432.jpg 768w, https:\/\/glampex.hu\/wp-content\/uploads\/2025\/06\/6m4-100x56.jpg 100w, https:\/\/glampex.hu\/wp-content\/uploads\/2025\/06\/6m4-1536x864.jpg 1536w, https:\/\/glampex.hu\/wp-content\/uploads\/2025\/06\/6m4-2048x1152.jpg 2048w, https:\/\/glampex.hu\/wp-content\/uploads\/2025\/06\/6m4-18x10.jpg 18w\" sizes=\"auto, (max-width: 2560px) 100vw, 2560px\" \/><span aria-hidden=\"true\" class=\"wp-block-cover__background has-background-dim\" style=\"background-color:#563a28\"><\/span><div class=\"wp-block-cover__inner-container has-global-padding is-layout-constrained wp-block-cover-is-layout-constrained\"><h2 style=\"background-color:#0000004f;\" class=\"has-text-align-center wp-block-post-title has-background\">GYIK<\/h2><\/div><\/div>\n\n\n\n<h2 class=\"wp-block-heading\">GYIK<\/h2>\n\n\n\n<p>Itt megtal\u00e1lod a v\u00e1laszokat a leggyakrabban ism\u00e9telt k\u00e9rd\u00e9sekre a Kingdomes-al kapcsolatban<\/p>\n\n\n\n<div class=\"wp-block-group has-contrast-dark-color has-contrast-light-background-color has-text-color has-background has-link-color wp-elements-283dcbb491d03c0b34d6b5c5ea76cf4c is-vertical is-layout-flex wp-container-core-group-is-layout-5329e700 wp-block-group-is-layout-flex\" style=\"border-style:none;border-width:0px;border-radius:70px;padding-top:var(--wp--preset--spacing--superbspacing-small);padding-right:var(--wp--preset--spacing--superbspacing-small);padding-bottom:var(--wp--preset--spacing--superbspacing-small);padding-left:var(--wp--preset--spacing--superbspacing-small)\">\n<h6 class=\"wp-block-heading has-contrast-dark-color has-text-color has-link-color has-superbfont-large-font-size wp-elements-ecd7c0dfae32873dbad61a90d9eb7e47\">\u00c1ltal\u00e1nos \u2013 Dome \u2013 k\u00e9rd\u00e9sek<\/h6>\n\n\n\n<details class=\"wp-block-details is-layout-flow wp-container-core-details-is-layout-8a368f38 wp-block-details-is-layout-flow\"><summary><strong>Mib\u0151l k\u00e9sz\u00fclnek a Glampex D\u00f3mok?<\/strong><\/summary>\n<p class=\"translation-block\">Belem\u00e9lyedhetn\u00e9nk a technikai r\u00e9szletekbe, amit csak egy tapasztalt m\u00e9rn\u00f6k \u00e9rtene meg, de sejtem, hogy ink\u00e1bb arra vagy k\u00edv\u00e1ncsi, mennyire strapab\u00edr\u00f3ak \u00e9s tart\u00f3sak.\nR\u00f6viden: NAGYON.\nA v\u00e1z porfestett (vagy ipari megjelen\u00e9shez horganyzott) ac\u00e9lb\u00f3l k\u00e9sz\u00fcl. A burkolat PVC membr\u00e1n, amely dupla hegeszt\u00e9ssel k\u00e9sz\u00fcl, hogy a nap ne k\u00e1ros\u00edtsa id\u0151 el\u0151tt. A szigetel\u00e9s \u00e9s a f\u00fcgg\u00f6ny\u00f6k l\u00e1ng\u00e1ll\u00f3 poli\u00e9szterb\u0151l k\u00e9sz\u00fclnek, a szigetel\u00e9s h\u00e1tulj\u00e1n 4\u20136 mm vastag alum\u00ednium bubor\u00e9kf\u00f3lia tal\u00e1lhat\u00f3.\nAz \u00f6sszes szerelv\u00e9ny horganyzott vagy rozsdamentes ac\u00e9l.\nIgen, jogilag s\u00e1traknak min\u0151s\u00fclnek, de ez csak jogi besorol\u00e1s.\nHa m\u00e9rn\u00f6k vagy, \u00e9s \u00e9rdekelnek a m\u0171szaki r\u00e9szletek, n\u00e9zd meg az egyes m\u00e9reteket a r\u00e9szletes specifik\u00e1ci\u00f3k\u00e9rt.<\/p>\n\n\n\n<p><\/p>\n<\/details>\n\n\n\n<details class=\"wp-block-details is-layout-flow wp-block-details-is-layout-flow\"><summary><strong>Milyen m\u00e9retben kaphat\u00f3k a d\u00f3mok?<\/strong><\/summary>\n<div class=\"wp-block-group is-vertical is-layout-flex wp-container-core-group-is-layout-fe9cc265 wp-block-group-is-layout-flex\">\n<p class=\"translation-block\">A Glampex Dome-ok m\u00e9rete 5 m\u00e9teres \u201ecukis\u00e1gt\u00f3l\u201d a 10 m\u00e9teres \u00f3ri\u00e1sokig terjed.\n<br>M\u00e9ret \u00e9s belmagass\u00e1g:<\/p>\n\n\n\n<ul class=\"wp-block-list\">\n<li>5m = 2.9m magas<\/li>\n\n\n\n<li>6m = 3.5m<\/li>\n\n\n\n<li>7m = 3.5m<\/li>\n\n\n\n<li>8m = 4m<\/li>\n\n\n\n<li>10m = 5m<\/li>\n<\/ul>\n\n\n\n<ul class=\"wp-block-list\">\n<li>M5 = 19 n\u00e9gyzetm\u00e9ter<\/li>\n\n\n\n<li>M6 = 28 n\u00e9gyzetm\u00e9ter<\/li>\n\n\n\n<li>M7 = 28 n\u00e9gyzetm\u00e9ter<\/li>\n\n\n\n<li>M8 = 28 n\u00e9gyzetm\u00e9ter<\/li>\n\n\n\n<li>M10 = 28 n\u00e9gyzetm\u00e9ter<\/li>\n<\/ul>\n<\/div>\n<\/details>\n\n\n\n<details class=\"wp-block-details is-layout-flow wp-block-details-is-layout-flow\"><summary><strong>Mit jelent a m\u00e9ret pontosan?<\/strong><\/summary>\n<p class=\"translation-block\">A m\u00e9ret az <strong>\u00e1tm\u00e9r\u0151t<\/strong> jel\u00f6li \u2013 mert ki akar geometriai sz\u00e1m\u00edt\u00e1sokat v\u00e9gezni kempingez\u00e9s k\u00f6zben?\n<br>Ha azt mondjuk \u201e6m-es d\u00f3m\u201d, az azt jelenti, hogy az \u00e1tm\u00e9r\u0151je 6 m\u00e9ter.<\/p>\n\n\n\n<p><\/p>\n<\/details>\n\n\n\n<details class=\"wp-block-details is-layout-flow wp-block-details-is-layout-flow\"><summary>Mi az a geod\u00e9ziai d\u00f3m?<\/summary>\n<p class=\"translation-block\">Ez az, amikor egy s\u00e1tor \u00e9s egy matekzseninek gyereke lesz. <br>Egy g\u00f6mb alak\u00fa szerkezet, amely h\u00e1romsz\u00f6gek h\u00e1l\u00f3j\u00e1b\u00f3l \u00e1ll.\n<br>Nagyon er\u0151s \u00e9s l\u00e1tv\u00e1nyos. A form\u00e1t Buckminster Fuller tette h\u00edress\u00e9.\n<br>Ez az \u00e9p\u00edt\u00e9szet m\u00e9hsejtje: er\u0151s, hat\u00e9kony \u00e9s gy\u00f6ny\u00f6r\u0171.<\/p>\n\n\n\n<p><\/p>\n<\/details>\n\n\n\n<details class=\"wp-block-details is-layout-flow wp-block-details-is-layout-flow\"><summary><strong>Meddig b\u00edrj\u00e1k a dome-ok?<\/strong><\/summary>\n<p class=\"translation-block\">A burkolat 8\u201315 \u00e9vig tart.<br>\nAhogy a t\u00fal sok nap kisz\u00e1r\u00edtja a b\u0151rt, \u00fagy a nap a burkolatot is elhaszn\u00e1lja id\u0151vel.<br>\nDe nem kell az eg\u00e9szet cser\u00e9lni \u2013 csak \u00faj burkolat kell, \u00e9s olyan lesz, mint \u00faj kor\u00e1ban.<\/p>\n\n\n\n<p><\/p>\n<\/details>\n\n\n\n<details class=\"wp-block-details is-layout-flow wp-block-details-is-layout-flow\"><summary>Fennhagyhatom a d\u00f3mot eg\u00e9sz \u00e9vben?<\/summary>\n<p class=\"translation-block\">Abszol\u00fat! S\u0151t, javasoljuk is. Hagyd fenn eg\u00e9sz \u00e9vben, \u00e9s \u00e9lvezd a foglal\u00e1sokat!<\/p>\n\n\n\n<p><\/p>\n<\/details>\n<\/div>\n\n\n\n<div class=\"wp-block-group has-contrast-dark-color has-contrast-light-background-color has-text-color has-background has-link-color wp-elements-5a1dc926875fc68eae2acbe491e24039 is-vertical is-layout-flex wp-container-core-group-is-layout-5329e700 wp-block-group-is-layout-flex\" style=\"border-style:none;border-width:0px;border-radius:70px;padding-top:var(--wp--preset--spacing--superbspacing-small);padding-right:var(--wp--preset--spacing--superbspacing-small);padding-bottom:var(--wp--preset--spacing--superbspacing-small);padding-left:var(--wp--preset--spacing--superbspacing-small)\">\n<h6 class=\"wp-block-heading has-contrast-dark-color has-text-color has-link-color has-superbfont-large-font-size wp-elements-3051ed2f50805e3471b34ec19aa54cfb\">Id\u0151j\u00e1r\u00e1ssal kapcsolatos k\u00e9rd\u00e9sek<\/h6>\n\n\n\n<details class=\"wp-block-details is-layout-flow wp-container-core-details-is-layout-8a368f38 wp-block-details-is-layout-flow\"><summary><strong>Mennyire id\u0151j\u00e1r\u00e1s\u00e1ll\u00f3 a d\u00f3m?<\/strong><\/summary>\n<p class=\"translation-block\">A PVC anyagot az\u00e9rt v\u00e1lasztottuk, mert v\u00edz\u00e1ll\u00f3bb, mint a v\u00e1szon.<br>\nEgy egybef\u00fcgg\u0151 burkolat van rajta \u2013 mint egy es\u0151kab\u00e1t.<br>\nTipp: ahol a kieg\u00e9sz\u00edt\u0151k (ventil\u00e1tor, ablak stb.) kapcsol\u00f3dnak, ott szilikonnal \u00e9rdemes t\u00f6m\u00edteni.<\/p>\n\n\n\n<p><\/p>\n<\/details>\n\n\n\n<details class=\"wp-block-details is-layout-flow wp-block-details-is-layout-flow\"><summary>Mennyire b\u00edrja a szelet?<\/summary>\n<p class=\"translation-block\">120 km\/h-s szelet is b\u00edr.<br>\nA g\u00f6mb forma minimaliz\u00e1lja az ellen\u00e1ll\u00e1st, \u00edgy nem \u201eharcol\u201d a sz\u00e9llel, hanem egy\u00fctt mozog vele.<\/p>\n\n\n\n<p><\/p>\n<\/details>\n\n\n\n<details class=\"wp-block-details is-layout-flow wp-block-details-is-layout-flow\"><summary>T\u00e9nyleg nagyon meleg van benne ny\u00e1ron?<\/summary>\n<p class=\"translation-block\">Ez t\u00e9vhit. <br>B\u00e1r jogilag s\u00e1tor, a szigetel\u00e9s, elsz\u00edv\u00f3 ventil\u00e1tor, s\u00f6t\u00e9t\u00edt\u0151 f\u00fcgg\u00f6ny\u00f6k \u00e9s ablakok biztos\u00edtj\u00e1k a h\u0171v\u00f6s kl\u00edm\u00e1t.<br>\nA h\u0151 f\u0151k\u00e9nt a nagy ablakokon \u00e9s \u00e1ll\u00f3 leveg\u0151n kereszt\u00fcl j\u00f6n be \u2013 de ezek j\u00f3l kezelhet\u0151k.<br>\nIlletve mi 3,5 kW-os inverteres kl\u00edma be\u00e9p\u00edt\u00e9s\u00e9t aj\u00e1nljuk, ezzel megteremtve az eg\u00e9sz \u00e9ves komfortot.<\/p>\n\n\n\n<p><\/p>\n<\/details>\n\n\n\n<details class=\"wp-block-details is-layout-flow wp-block-details-is-layout-flow\"><summary>\u00c9s t\u00e9len?<\/summary>\n<p class=\"translation-block\">A kupola vil\u00e1gos r\u00e9szei napk\u00f6zben meleg\u00edtik a bels\u0151 teret. <br>\n\u00c9jszaka pedig a kellemes h\u0151m\u00e9rs\u00e9klet\u00e9rt szint\u00e9n az inverteres kl\u00edma felel.<br>A szigetel\u00e9s seg\u00edt bent tartani a meleget.<\/p>\n\n\n\n<p><\/p>\n<\/details>\n\n\n\n<details class=\"wp-block-details is-layout-flow wp-block-details-is-layout-flow\"><summary>Mi van j\u00e9ges\u0151 eset\u00e9n?<\/summary>\n<p class=\"translation-block\">Olyan, mintha kacs\u00e1t \u00e9rne az es\u0151 \u2013 lepereg r\u00f3la.<br>\nGolf-labda m\u00e9ret\u0171 j\u00e9g sem okozott k\u00e1rt.<br>\nAmi viszont vesz\u00e9lyes: az \u00e9les t\u00e1rgyak \u2013 azokat ker\u00fcld.<\/p>\n\n\n\n<p><\/p>\n<\/details>\n<\/div>\n\n\n\n<div class=\"wp-block-group has-contrast-dark-color has-contrast-light-background-color has-text-color has-background has-link-color wp-elements-2050625f3d4fbe3f0312751ea606cb06 is-vertical is-layout-flex wp-container-core-group-is-layout-5329e700 wp-block-group-is-layout-flex\" style=\"border-style:none;border-width:0px;border-radius:70px;padding-top:var(--wp--preset--spacing--superbspacing-small);padding-right:var(--wp--preset--spacing--superbspacing-small);padding-bottom:var(--wp--preset--spacing--superbspacing-small);padding-left:var(--wp--preset--spacing--superbspacing-small)\">\n<h6 class=\"wp-block-heading has-contrast-dark-color has-text-color has-link-color has-superbfont-large-font-size wp-elements-8edf967cd281a04dd6e852677ac759f4\">Karbantart\u00e1s<\/h6>\n\n\n\n<details class=\"wp-block-details is-layout-flow wp-container-core-details-is-layout-8a368f38 wp-block-details-is-layout-flow\"><summary><strong>Hogyan kell karbantartani a d\u00f3mot?<\/strong><\/summary>\n<p class=\"translation-block\"><strong>K\u00edv\u00fclr\u0151l:<\/strong> meleg, szappanos v\u00edz \u00e9s mosogat\u00f3szer \u2013 mint egy spa-nap. Ne haszn\u00e1lj er\u0151s vegyszert!<br>\n<strong>Szigetel\u00e9s:<\/strong> nedves ronggyal vagy porsz\u00edv\u00f3val. Ne \u00e1ztasd t\u00fal \u2013 a pen\u00e9sz nem j\u00f3 vend\u00e9g.<\/p>\n\n\n\n<p><\/p>\n<\/details>\n\n\n\n<details class=\"wp-block-details is-layout-flow wp-block-details-is-layout-flow\"><summary>Kell karbantartani a v\u00e1zat?<\/summary>\n<p class=\"translation-block\">A porfest\u00e9s miatt alig ig\u00e9nyel karbantart\u00e1st.\nHa a fest\u00e9k megs\u00e9r\u00fcl, \u00e9rdemes kijav\u00edtani, hogy ne rozsd\u00e1sodjon.\nRitk\u00e1n el\u0151fordulhat, hogy a fesz\u00edt\u0151rudakat meg kell h\u00fazni.<\/p>\n\n\n\n<p><\/p>\n<\/details>\n\n\n\n<details class=\"wp-block-details is-layout-flow wp-block-details-is-layout-flow\"><summary>Mi van, ha egy \u00e1g kisz\u00farja a burkolatot?<\/summary>\n<p class=\"translation-block\">Ne ess p\u00e1nikba!\nAdunk tartal\u00e9k \u00e1tl\u00e1tsz\u00f3 \u00e9s fedett r\u00e9szeket is \u2013 ez a kupola els\u0151seg\u00e9ly-k\u00e9szlete.<\/p>\n\n\n\n<p><\/p>\n<\/details>\n<\/div>\n\n\n\n<div class=\"wp-block-group has-contrast-dark-color has-contrast-light-background-color has-text-color has-background has-link-color wp-elements-29f0e1e943da084b7c769b0f35a24550 is-vertical is-layout-flex wp-container-core-group-is-layout-5329e700 wp-block-group-is-layout-flex\" style=\"border-style:none;border-width:0px;border-radius:70px;padding-top:var(--wp--preset--spacing--superbspacing-small);padding-right:var(--wp--preset--spacing--superbspacing-small);padding-bottom:var(--wp--preset--spacing--superbspacing-small);padding-left:var(--wp--preset--spacing--superbspacing-small)\">\n<h6 class=\"wp-block-heading has-contrast-dark-color has-text-color has-link-color has-superbfont-large-font-size wp-elements-7163094b362064fc04b41454db05e58e\"><strong>Testreszab\u00e1s<\/strong><\/h6>\n\n\n\n<details class=\"wp-block-details is-layout-flow wp-container-core-details-is-layout-8a368f38 wp-block-details-is-layout-flow\"><summary><strong>Testreszabhat\u00f3 a d\u00f3m?<\/strong><\/summary>\n<p>Teljes m\u00e9rt\u00e9kben! Mint egy \u00fcres v\u00e1szon \u2013 Te d\u00f6nt\u00f6d el, mi legyen rajta.<\/p>\n<\/details>\n\n\n\n<details class=\"wp-block-details is-layout-flow wp-block-details-is-layout-flow\"><summary><strong>Megv\u00e1ltoztathatom a burkolat sz\u00edn\u00e9t?<\/strong><\/summary>\n<p class=\"translation-block\">Igen, t\u00f6bbf\u00e9le sz\u00ednb\u0151l v\u00e1laszthatsz.<br>\nKeress minket az el\u00e9rhet\u0151 sz\u00ednek\u00e9rt \u00e9s az esetleges fel\u00e1rakr\u00f3l.<\/p>\n\n\n\n<p><\/p>\n<\/details>\n\n\n\n<details class=\"wp-block-details is-layout-flow wp-block-details-is-layout-flow\"><summary><strong>Hogyan lehet testreszabni?<\/strong><\/summary>\n<p>Kieg\u00e9sz\u00edt\u0151k, elrendez\u00e9s, f\u0171t\u00e9si rendszerek, sz\u00ednek \u2013 szinte b\u00e1rmi megoldhat\u00f3.<\/p>\n<\/details>\n\n\n\n<details class=\"wp-block-details is-layout-flow wp-block-details-is-layout-flow\"><summary>Szigetel\u00e9s \u00e9s f\u00fcgg\u00f6ny sz\u00edne is v\u00e1ltoztathat\u00f3?<\/summary>\n<p>Igen, t\u00f6bbf\u00e9le sz\u00ednopci\u00f3 l\u00e9tezik ezekre is \u2013 \u00edgy egys\u00e9ges bels\u0151 teret alak\u00edthatsz ki.<\/p>\n<\/details>\n<\/div>\n\n\n\n<div class=\"wp-block-group has-contrast-dark-color has-contrast-light-background-color has-text-color has-background has-link-color wp-elements-76a9c9994ee5692bfb8cd7497fb0d78d is-vertical is-layout-flex wp-container-core-group-is-layout-5329e700 wp-block-group-is-layout-flex\" style=\"border-style:none;border-width:0px;border-radius:70px;padding-top:var(--wp--preset--spacing--superbspacing-small);padding-right:var(--wp--preset--spacing--superbspacing-small);padding-bottom:var(--wp--preset--spacing--superbspacing-small);padding-left:var(--wp--preset--spacing--superbspacing-small)\">\n<h6 class=\"wp-block-heading has-contrast-dark-color has-text-color has-link-color has-superbfont-large-font-size wp-elements-dab9f8822d63cc601cdf60e4efb32486\">Sz\u00e1ll\u00edt\u00e1s<\/h6>\n\n\n\n<details class=\"wp-block-details is-layout-flow wp-container-core-details-is-layout-8a368f38 wp-block-details-is-layout-flow\"><summary><strong>V\u00e1llaltok kisz\u00e1ll\u00edt\u00e1st?<\/strong><\/summary>\n<p class=\"translation-block\">Igen.<br>\nEgyeztet\u00fcnk veled, hogy minden rendben \u00e9rkezzen.<\/p>\n\n\n\n<p><\/p>\n<\/details>\n\n\n\n<details class=\"wp-block-details is-layout-flow wp-block-details-is-layout-flow\"><summary><strong>Sz\u00e1ll\u00edtotok k\u00fclf\u00f6ldre is?<\/strong><\/summary>\n<p>Jelenleg f\u0151k\u00e9nt Magyarorsz\u00e1gra f\u00f3kusz\u00e1lunk, de egyedi esetekben nemzetk\u00f6zi sz\u00e1ll\u00edt\u00e1st is v\u00e1llalhatunk.<\/p>\n<\/details>\n\n\n\n<details class=\"wp-block-details is-layout-flow wp-block-details-is-layout-flow\"><summary><strong>Rendel\u00e9st\u0151l sz\u00e1m\u00edtva mikor kapom meg a dome-ot?<\/strong><\/summary>\n<p class=\"translation-block\">\u00c1ltal\u00e1ban 6\u201312 h\u00e9ten bel\u00fcl \u2013 a m\u00e9rett\u0151l \u00e9s helyt\u0151l f\u00fcgg\u0151en.<br>\nPontosan egyeztetj\u00fck a rendel\u00e9skor.<\/p>\n\n\n\n<p><\/p>\n<\/details>\n\n\n\n<details class=\"wp-block-details is-layout-flow wp-block-details-is-layout-flow\"><summary><strong>Mennyibe ker\u00fcl a sz\u00e1ll\u00edt\u00e1s?<\/strong><\/summary>\n<p class=\"translation-block\">A sz\u00e1ll\u00edt\u00e1s \u00e1ra a m\u00e9ret, a helysz\u00edn \u00e9s az egyedi ig\u00e9nyek alapj\u00e1n v\u00e1ltozik.<br>\nPontos aj\u00e1nlatot a rendel\u00e9s lead\u00e1sakor adunk.<\/p>\n\n\n\n<p><\/p>\n<\/details>\n<\/div>\n\n\n\n<div class=\"wp-block-columns is-layout-flex wp-container-core-columns-is-layout-28f84493 wp-block-columns-is-layout-flex\">\n<div class=\"wp-block-column is-layout-flow wp-block-column-is-layout-flow\">\n<div class=\"wp-block-cover\" style=\"min-height:807px;aspect-ratio:unset;\"><img loading=\"lazy\" decoding=\"async\" width=\"2560\" height=\"1440\" class=\"wp-block-cover__image-background wp-image-1079 size-full\" alt=\"\" src=\"https:\/\/glampex.hu\/wp-content\/uploads\/2025\/06\/6m4-scaled.jpg\" data-object-fit=\"cover\" srcset=\"https:\/\/glampex.hu\/wp-content\/uploads\/2025\/06\/6m4-scaled.jpg 2560w, https:\/\/glampex.hu\/wp-content\/uploads\/2025\/06\/6m4-300x169.jpg 300w, https:\/\/glampex.hu\/wp-content\/uploads\/2025\/06\/6m4-1024x576.jpg 1024w, https:\/\/glampex.hu\/wp-content\/uploads\/2025\/06\/6m4-768x432.jpg 768w, https:\/\/glampex.hu\/wp-content\/uploads\/2025\/06\/6m4-100x56.jpg 100w, https:\/\/glampex.hu\/wp-content\/uploads\/2025\/06\/6m4-1536x864.jpg 1536w, https:\/\/glampex.hu\/wp-content\/uploads\/2025\/06\/6m4-2048x1152.jpg 2048w, https:\/\/glampex.hu\/wp-content\/uploads\/2025\/06\/6m4-18x10.jpg 18w\" sizes=\"auto, (max-width: 2560px) 100vw, 2560px\" \/><span aria-hidden=\"true\" class=\"wp-block-cover__background has-background-dim\" style=\"background-color:#563a28\"><\/span><div class=\"wp-block-cover__inner-container has-global-padding is-layout-constrained wp-block-cover-is-layout-constrained\">\n<p class=\"has-text-align-center has-background has-large-font-size\" style=\"background-color:#0000004f\">Ha b\u00e1rmilyen egy\u00e9b k\u00e9rd\u00e9se van, forduljon hozz\u00e1nk bizalommal!<\/p>\n<\/div><\/div>\n<\/div>\n\n\n\n<div class=\"wp-block-column is-layout-flow wp-block-column-is-layout-flow\">\n<div class=\"forminator-guttenberg\"><div class=\"forminator-ui forminator-custom-form forminator-custom-form-497 forminator-design--material  forminator_ajax\" data-forminator-render=\"0\" data-form=\"forminator-module-497\" data-uid=\"69ff7152336e3\"><br\/><\/div><form\n\t\t\t\tid=\"forminator-module-497\"\n\t\t\t\tclass=\"forminator-ui forminator-custom-form forminator-custom-form-497 forminator-design--material  forminator_ajax\"\n\t\t\t\tmethod=\"post\"\n\t\t\t\tdata-forminator-render=\"0\"\n\t\t\t\tdata-form-id=\"497\"\n\t\t\t\t data-color-option=\"theme\" data-design=\"material\" data-grid=\"open\" style=\"display: none;\"\n\t\t\t\tdata-uid=\"69ff7152336e3\" action=\"\"\n\t\t\t><div role=\"alert\" aria-live=\"polite\" class=\"forminator-response-message forminator-error\" aria-hidden=\"true\"><\/div><div class=\"forminator-row\"><div id=\"section-1\" class=\"forminator-field-section forminator-col forminator-col-12\"><div class=\"forminator-field\"><h2 class=\"forminator-title\">\ud83c\udf3f K\u00e9rdezz minket k\u00f6zvetlen\u00fcl<\/h2><h3 class=\"forminator-subtitle\">*:sz\u00fcks\u00e9ges mez\u0151<\/h3><\/div><\/div><\/div><div class=\"forminator-row\"><div id=\"name-1\" class=\"forminator-field-name forminator-col forminator-col-12\"><div class=\"forminator-field\"><label for=\"forminator-field-name-1_69ff7152336e3\" id=\"forminator-field-name-1_69ff7152336e3-label\" class=\"forminator-label\">Keresztn\u00e9v <span class=\"forminator-required\">*<\/span><\/label><input type=\"text\" name=\"name-1\" value=\"\" placeholder=\"\" id=\"forminator-field-name-1_69ff7152336e3\" class=\"forminator-input forminator-name--field\" aria-required=\"true\" autocomplete=\"name\" \/><\/div><\/div><\/div><div class=\"forminator-row\"><div id=\"email-1\" class=\"forminator-field-email forminator-col forminator-col-12\"><div class=\"forminator-field\"><label for=\"forminator-field-email-1_69ff7152336e3\" id=\"forminator-field-email-1_69ff7152336e3-label\" class=\"forminator-label\">Email c\u00edm <span class=\"forminator-required\">*<\/span><\/label><input type=\"email\" name=\"email-1\" value=\"\" placeholder=\"\" id=\"forminator-field-email-1_69ff7152336e3\" class=\"forminator-input forminator-email--field\" data-required=\"true\" aria-required=\"true\" autocomplete=\"email\" \/><\/div><\/div><\/div><div class=\"forminator-row\"><div id=\"textarea-1\" class=\"forminator-field-textarea forminator-col forminator-col-12\"><div class=\"forminator-field\"><label for=\"forminator-field-textarea-1_69ff7152336e3\" id=\"forminator-field-textarea-1_69ff7152336e3-label\" class=\"forminator-label\">\u00cdrjon b\u00e1rmit <span class=\"forminator-required\">*<\/span><\/label><textarea name=\"textarea-1\" placeholder=\"\" id=\"forminator-field-textarea-1_69ff7152336e3\" class=\"forminator-textarea\" rows=\"6\" style=\"--forminator-textarea-min-height:140px;\" ><\/textarea><\/div><\/div><\/div><input type=\"hidden\" name=\"referer_url\" value=\"\" \/><div class=\"forminator-row forminator-row-last\"><div class=\"forminator-col\"><div class=\"forminator-field\"><button class=\"forminator-button forminator-button-submit\"><span>K\u00fcld\u00e9s<\/span><span aria-hidden=\"true\"><\/span><\/button><\/div><\/div><\/div><input type=\"hidden\" id=\"forminator_nonce\" name=\"forminator_nonce\" value=\"7a8b11140e\" \/><input type=\"hidden\" name=\"_wp_http_referer\" value=\"\/hu\/wp-json\/wp\/v2\/pages\/43\" \/><input type=\"hidden\" name=\"form_id\" value=\"497\"><input type=\"hidden\" name=\"page_id\" value=\"43\"><input type=\"hidden\" name=\"form_type\" value=\"default\"><input type=\"hidden\" name=\"current_url\" value=\"https:\/\/glampex.hu\/hu\/gyik\/\"><input type=\"hidden\" name=\"render_id\" value=\"0\"><input type=\"hidden\" name=\"action\" value=\"forminator_submit_form_custom-forms\"><input type=\"hidden\" name=\"trp-form-language\" value=\"hu\"\/><\/form><\/div>\n<\/div>\n<\/div>","protected":false},"excerpt":{"rendered":"<p>FAQ Here you will find the answers to the most frequently asked questions about Glampex domes. General &#8211; Dome &#8211; questions Weather-Related Questions Maintenance Customization Shipping<\/p>","protected":false},"author":1,"featured_media":0,"parent":0,"menu_order":0,"comment_status":"closed","ping_status":"closed","template":"wp-custom-template-pages-not-front","meta":{"om_disable_all_campaigns":false,"_monsterinsights_skip_tracking":false,"_monsterinsights_sitenote_active":false,"_monsterinsights_sitenote_note":"","_monsterinsights_sitenote_category":0,"footnotes":""},"class_list":["post-43","page","type-page","status-publish","hentry"],"aioseo_notices":[],"_links":{"self":[{"href":"https:\/\/glampex.hu\/hu\/wp-json\/wp\/v2\/pages\/43","targetHints":{"allow":["GET"]}}],"collection":[{"href":"https:\/\/glampex.hu\/hu\/wp-json\/wp\/v2\/pages"}],"about":[{"href":"https:\/\/glampex.hu\/hu\/wp-json\/wp\/v2\/types\/page"}],"author":[{"embeddable":true,"href":"https:\/\/glampex.hu\/hu\/wp-json\/wp\/v2\/users\/1"}],"replies":[{"embeddable":true,"href":"https:\/\/glampex.hu\/hu\/wp-json\/wp\/v2\/comments?post=43"}],"version-history":[{"count":11,"href":"https:\/\/glampex.hu\/hu\/wp-json\/wp\/v2\/pages\/43\/revisions"}],"predecessor-version":[{"id":1869,"href":"https:\/\/glampex.hu\/hu\/wp-json\/wp\/v2\/pages\/43\/revisions\/1869"}],"wp:attachment":[{"href":"https:\/\/glampex.hu\/hu\/wp-json\/wp\/v2\/media?parent=43"}],"curies":[{"name":"wp","href":"https:\/\/api.w.org\/{rel}","templated":true}]}}