{"id":433,"date":"2025-06-02T19:15:17","date_gmt":"2025-06-02T19:15:17","guid":{"rendered":"https:\/\/glampex.hu\/build-your-foundation\/"},"modified":"2025-10-15T12:36:38","modified_gmt":"2025-10-15T12:36:38","slug":"build-your-foundation","status":"publish","type":"page","link":"https:\/\/glampex.hu\/hu\/build-your-foundation\/","title":{"rendered":"Alapoz\u00e1s kialak\u00edt\u00e1sa"},"content":{"rendered":"<div class=\"wp-block-cover is-light force-full-width\"><img loading=\"lazy\" decoding=\"async\" width=\"2560\" height=\"1707\" class=\"wp-block-cover__image-background wp-image-1213 size-full\" alt=\"\" src=\"https:\/\/glampex.hu\/wp-content\/uploads\/2025\/07\/DSC_0332-scaled.jpg\" style=\"object-position:30% 73%\" data-object-fit=\"cover\" data-object-position=\"30% 73%\" srcset=\"https:\/\/glampex.hu\/wp-content\/uploads\/2025\/07\/DSC_0332-scaled.jpg 2560w, https:\/\/glampex.hu\/wp-content\/uploads\/2025\/07\/DSC_0332-300x200.jpg 300w, https:\/\/glampex.hu\/wp-content\/uploads\/2025\/07\/DSC_0332-1024x683.jpg 1024w, https:\/\/glampex.hu\/wp-content\/uploads\/2025\/07\/DSC_0332-768x512.jpg 768w, https:\/\/glampex.hu\/wp-content\/uploads\/2025\/07\/DSC_0332-100x67.jpg 100w, https:\/\/glampex.hu\/wp-content\/uploads\/2025\/07\/DSC_0332-1536x1024.jpg 1536w, https:\/\/glampex.hu\/wp-content\/uploads\/2025\/07\/DSC_0332-2048x1365.jpg 2048w, https:\/\/glampex.hu\/wp-content\/uploads\/2025\/07\/DSC_0332-18x12.jpg 18w\" sizes=\"auto, (max-width: 2560px) 100vw, 2560px\" \/><span aria-hidden=\"true\" class=\"wp-block-cover__background has-background-dim\" style=\"background-color:#917f78\"><\/span><div class=\"wp-block-cover__inner-container has-global-padding is-layout-constrained wp-container-core-cover-is-layout-034c2de3 wp-block-cover-is-layout-constrained\"><h2 style=\"background-color:#0000004f; border-radius:0px;\" class=\"has-text-align-center has-link-color wp-elements-eef1bc3674e8c481d76feb12dee3c334 wp-block-post-title has-text-color has-white-color has-background\">Alapoz\u00e1s kialak\u00edt\u00e1sa<\/h2><\/div><\/div>\n\n\n\n<div style=\"height:23px\" aria-hidden=\"true\" class=\"wp-block-spacer\"><\/div>\n\n\n\n<p style=\"padding-right:var(--wp--preset--spacing--superbspacing-small);padding-left:var(--wp--preset--spacing--superbspacing-small)\" class=\"translation-block\">A D\u00f3mjaink telep\u00edt\u00e9se sor\u00e1n k\u00e9t f\u0151 alapoz\u00e1si megold\u00e1s k\u00f6z\u00fcl v\u00e1laszthatunk:<strong> emelt terasz vagy betonalap.<\/strong><br>\n Mindkett\u0151nek megvannak az el\u0151nyei \u00e9s h\u00e1tr\u00e1nyai, a v\u00e1laszt\u00e1s pedig t\u00f6bb t\u00e9nyez\u0151t\u0151l f\u00fcgg: k\u00f6lts\u00e9gek, id\u0151, terepviszonyok, karbantart\u00e1s, k\u00f6zm\u0171bek\u00f6t\u00e9sek, valamint a helyi hat\u00f3s\u00e1gi szab\u00e1lyoz\u00e1sok.<br>\nEbben az \u00fatmutat\u00f3ban v\u00e9gigvessz\u00fck a legfontosabb szempontokat, \u00e9s k\u00e9rd\u00e9seket vet\u00fcnk fel, amelyek seg\u00edtenek a d\u00f6nt\u00e9s meghozatal\u00e1ban.<\/p>\n\n\n\n<div style=\"height:70px\" aria-hidden=\"true\" class=\"wp-block-spacer\"><\/div>\n\n\n\n<h2 class=\"wp-block-heading has-text-align-center has-superbfont-xlarge-font-size\">K\u00f6lts\u00e9gek \u2013 mit \u00e9rdemes figyelembe venni?<\/h2>\n\n\n\n<div style=\"height:50px\" aria-hidden=\"true\" class=\"wp-block-spacer\"><\/div>\n\n\n\n<div class=\"wp-block-columns is-layout-flex wp-container-core-columns-is-layout-ff79baa7 wp-block-columns-is-layout-flex\" style=\"margin-top:0;margin-bottom:0;padding-top:0;padding-right:0;padding-bottom:0;padding-left:0\">\n<div class=\"wp-block-column is-layout-flow wp-block-column-is-layout-flow\">\n<div class=\"wp-block-group is-vertical is-content-justification-center is-layout-flex wp-container-core-group-is-layout-ce155fab wp-block-group-is-layout-flex\">\n<h2 class=\"wp-block-heading has-text-align-center has-text-color has-link-color wp-elements-8ce2c147d247c25c36be7b0d085ebe66\" style=\"color:#654321;font-size:clamp(24.034px, 1.502rem + ((1vw - 3.2px) * 1.814), 40px);text-decoration:underline\">Emelt terasz<\/h2>\n\n\n\n<p class=\"has-border-color has-contrast-dark-border-color translation-block\" style=\"border-width:16px\">Az emelt terasz kialak\u00edt\u00e1sa \u00e1ltal\u00e1ban k\u00f6lts\u00e9gesebb, mint a betonalap\u00e9, k\u00fcl\u00f6n\u00f6sen, ha min\u0151s\u00e9gi faanyagb\u00f3l (kem\u00e9nyfa, kompozit vagy impregn\u00e1lt feny\u0151) k\u00e9sz\u00fcl. A munkad\u00edj is magasabb lehet.<br>\n Fontos megjegyezni, hogy a teraszos megold\u00e1s karbantart\u00e1sa is folyamatos k\u00f6lts\u00e9get jelent (pl. fel\u00fcletkezel\u00e9s, laz\u00faroz\u00e1s).<br>\n Biztons\u00e1gi \u00e9s k\u00e9nyelmi szempontb\u00f3l gyakran sz\u00fcks\u00e9g van korl\u00e1tok \u00e9s l\u00e9pcs\u0151k ki\u00e9p\u00edt\u00e9s\u00e9re, valamint statikai meger\u0151s\u00edt\u00e9sekre, k\u00fcl\u00f6n\u00f6sen akkor, ha a terasz magasabban helyezkedik el a talajszinthez k\u00e9pest.<\/p>\n<\/div>\n<\/div>\n\n\n\n<div class=\"wp-block-column is-vertically-aligned-top is-layout-flow wp-block-column-is-layout-flow\">\n<div class=\"wp-block-group is-vertical is-content-justification-center is-layout-flex wp-container-core-group-is-layout-ce155fab wp-block-group-is-layout-flex\">\n<h2 class=\"wp-block-heading has-text-align-center has-text-color has-link-color wp-elements-7ca41a17662455bbaaebd6cc57a7267c\" style=\"color:#666666;font-size:clamp(24.034px, 1.502rem + ((1vw - 3.2px) * 1.814), 40px);text-decoration:underline\">Betonalap<\/h2>\n\n\n\n<p class=\"has-border-color has-contrast-dark-border-color translation-block\" style=\"border-width:16px\">A betonalap \u00e1ltal\u00e1ban olcs\u00f3bb, azonban az \u00e1r jelent\u0151sen n\u0151het, ha tereprendez\u00e9sre, v\u00edzelvezet\u00e9sre vagy t\u00e1mfalak kialak\u00edt\u00e1s\u00e1ra van sz\u00fcks\u00e9g.<br>\n Gondolj arra is, hogy hogyan t\u00f6rt\u00e9nik a beton kisz\u00e1ll\u00edt\u00e1sa \u2013 ha mixeraut\u00f3 hozza, a telek megk\u00f6zel\u00edthet\u0151s\u00e9ge kulcsfontoss\u00e1g\u00fa t\u00e9nyez\u0151 lehet.<\/p>\n<\/div>\n<\/div>\n<\/div>\n\n\n\n<div style=\"height:70px\" aria-hidden=\"true\" class=\"wp-block-spacer\"><\/div>\n\n\n\n<h2 class=\"wp-block-heading has-text-align-center has-superbfont-xlarge-font-size\">Kivitelez\u00e9si id\u0151 \u2013 melyik gyorsabb?<\/h2>\n\n\n\n<div style=\"height:50px\" aria-hidden=\"true\" class=\"wp-block-spacer\"><\/div>\n\n\n\n<div class=\"wp-block-columns is-layout-flex wp-container-core-columns-is-layout-28f84493 wp-block-columns-is-layout-flex\">\n<div class=\"wp-block-column is-layout-flow wp-container-core-column-is-layout-8a368f38 wp-block-column-is-layout-flow\">\n<div class=\"wp-block-group is-vertical is-content-justification-center is-layout-flex wp-container-core-group-is-layout-ce155fab wp-block-group-is-layout-flex\">\n<h2 class=\"wp-block-heading has-text-align-center has-text-color has-link-color wp-elements-6760a4735a15204bc68bc9c2727d0cc4\" style=\"color:#654321;font-size:clamp(24.034px, 1.502rem + ((1vw - 3.2px) * 1.814), 40px);text-decoration:underline\">Emelt terasz<\/h2>\n\n\n\n<p class=\"has-border-color has-contrast-dark-border-color translation-block\" style=\"border-width:16px\">A fa terasz \u00e1ltal\u00e1ban gyorsabban kivitelezhet\u0151, mivel kevesebb f\u00f6ldmunka sz\u00fcks\u00e9ges hozz\u00e1, \u00e9s az \u00e9p\u00edt\u00e9si folyamat is egyszer\u0171bb.<br>\n N\u00e9h\u00e1ny id\u0151ig\u00e9nyesebb r\u00e9szlet, mint a tet\u0151szerkezet (pl. pergola), vagy a fel\u00fcletkezel\u00e9s, valamint a d\u00f3m el\u0151k\u00e9sz\u00edt\u00e9se, hosszabb id\u0151t vehet ig\u00e9nybe \u2013 ezekr\u0151l k\u00fcl\u00f6n r\u00e9szben \u00edrunk.<\/p>\n<\/div>\n<\/div>\n\n\n\n<div class=\"wp-block-column is-layout-flow wp-block-column-is-layout-flow\">\n<div class=\"wp-block-group is-vertical is-content-justification-center is-layout-flex wp-container-core-group-is-layout-4dda391f wp-block-group-is-layout-flex\" style=\"padding-right:var(--wp--preset--spacing--superbspacing-xsmall);padding-left:var(--wp--preset--spacing--superbspacing-xsmall)\">\n<h2 class=\"wp-block-heading has-text-align-center has-text-color has-link-color wp-elements-7ca41a17662455bbaaebd6cc57a7267c\" style=\"color:#666666;font-size:clamp(24.034px, 1.502rem + ((1vw - 3.2px) * 1.814), 40px);text-decoration:underline\">Betonalap<\/h2>\n\n\n\n<p class=\"has-border-color has-contrast-dark-border-color translation-block\" style=\"border-width:16px\">A betonalap kialak\u00edt\u00e1sa t\u00f6bb id\u0151t vesz ig\u00e9nybe, mivel sz\u00fcks\u00e9g van:<br>\n\u25cf\tf\u00f6ldmunk\u00e1ra,\n<br>\n\u25cf\tzsaluz\u00e1sra,\n<br>\n\u25cf\tvasal\u00e1sra,\n<br>\n\u25cf\tbetonoz\u00e1sra,\n<br>\n\u25cf\tk\u00f6t\u00e9si id\u0151 kiv\u00e1r\u00e1s\u00e1ra.<\/p>\n\n\n\n<p class=\"has-border-color has-contrast-dark-border-color\" style=\"border-width:16px\"><span class=\"has-superb-addons-text-align-justify\">Tov\u00e1bb\u00e1 sz\u00e1molni kell a k\u00f6zm\u0171vek (v\u00edz, \u00e1ram, g\u00e1z) be\u00e9p\u00edt\u00e9s\u00e9re sz\u00e1nt id\u0151vel, valamint a megfelel\u0151 v\u00edzelvezet\u00e9s \u00e9s t\u00e1mfalak kialak\u00edt\u00e1s\u00e1val is.<\/span><\/p>\n<\/div>\n<\/div>\n<\/div>\n\n\n\n<div style=\"height:70px\" aria-hidden=\"true\" class=\"wp-block-spacer\"><\/div>\n\n\n\n<h2 class=\"wp-block-heading has-text-align-center has-superbfont-xlarge-font-size\">K\u00f6zm\u0171vek telep\u00edt\u00e9se \u2013 hogyan egyszer\u0171bb?<\/h2>\n\n\n\n<div style=\"height:50px\" aria-hidden=\"true\" class=\"wp-block-spacer\"><\/div>\n\n\n\n<div class=\"wp-block-columns is-layout-flex wp-container-core-columns-is-layout-28f84493 wp-block-columns-is-layout-flex\">\n<div class=\"wp-block-column is-layout-flow wp-block-column-is-layout-flow\">\n<div class=\"wp-block-group is-vertical is-content-justification-center is-layout-flex wp-container-core-group-is-layout-ce155fab wp-block-group-is-layout-flex\">\n<h2 class=\"wp-block-heading has-text-align-center has-text-color has-link-color wp-elements-6760a4735a15204bc68bc9c2727d0cc4\" style=\"color:#654321;font-size:clamp(24.034px, 1.502rem + ((1vw - 3.2px) * 1.814), 40px);text-decoration:underline\">Emelt terasz<\/h2>\n\n\n\n<p class=\"has-border-color has-contrast-dark-border-color translation-block\" style=\"border-width:16px\">A k\u00f6zm\u0171vezet\u00e9kek (v\u00edz, \u00e1ram, g\u00e1z) telep\u00edt\u00e9se k\u00f6nnyebben kivitelezhet\u0151 egy emelt szerkezet alatt, mivel van hely a vezet\u00e9kek elhelyez\u00e9s\u00e9re \u00e9s hozz\u00e1f\u00e9r\u00e9sre.<br>\n A j\u00f6v\u0151beni b\u0151v\u00edt\u00e9sek (pl. kl\u00edma beszerel\u00e9se f\u00e9l \u00e9vvel k\u00e9s\u0151bb) is egyszer\u0171bben megoldhat\u00f3k.<\/p>\n<\/div>\n<\/div>\n\n\n\n<div class=\"wp-block-column is-layout-flow wp-block-column-is-layout-flow\">\n<div class=\"wp-block-group is-vertical is-content-justification-center is-layout-flex wp-container-core-group-is-layout-255cbeff wp-block-group-is-layout-flex\" style=\"padding-top:0;padding-right:var(--wp--preset--spacing--superbspacing-xsmall);padding-bottom:0;padding-left:var(--wp--preset--spacing--superbspacing-xsmall)\">\n<h2 class=\"wp-block-heading has-text-align-center has-text-color has-link-color wp-elements-7ca41a17662455bbaaebd6cc57a7267c\" style=\"color:#666666;font-size:clamp(24.034px, 1.502rem + ((1vw - 3.2px) * 1.814), 40px);text-decoration:underline\">Betonalap<\/h2>\n\n\n\n<p class=\"has-border-color has-contrast-dark-border-color translation-block\" style=\"border-width:16px\">A beton stabil \u00e9s er\u0151s alapot biztos\u00edt, ugyanakkor a k\u00f6zm\u0171vek el\u0151zetes be\u00e9p\u00edt\u00e9se elengedhetetlen.<br>\n A cs\u00f6veknek, vezet\u00e9keknek m\u00e1r az alapoz\u00e1s el\u0151tt a hely\u00fck\u00f6n kell lenni\u00fck, mivel a betonoz\u00e1s ut\u00e1n m\u00e1r nem, vagy csak nagyon nehezen m\u00f3dos\u00edthat\u00f3k.<\/p>\n\n\n\n<p class=\"has-border-color has-contrast-dark-border-color translation-block\" style=\"border-width:16px\"><strong>TIPP:<\/strong> gondosan tervezd meg az alaprajzot \u00e9s a hossz\u00fa t\u00e1v\u00fa fejleszt\u00e9seket, miel\u0151tt a beton le\u00f6nt\u00e9sre ker\u00fcl.<\/p>\n<\/div>\n<\/div>\n<\/div>\n\n\n\n<div style=\"height:70px\" aria-hidden=\"true\" class=\"wp-block-spacer\"><\/div>\n\n\n\n<h2 class=\"wp-block-heading has-text-align-center has-superbfont-xlarge-font-size\">\u00c1ltal\u00e1nos karbantart\u00e1s \u2013 melyik ig\u00e9nyel t\u00f6bbet?<\/h2>\n\n\n\n<div style=\"height:33px\" aria-hidden=\"true\" class=\"wp-block-spacer\"><\/div>\n\n\n\n<div class=\"wp-block-columns is-layout-flex wp-container-core-columns-is-layout-28f84493 wp-block-columns-is-layout-flex\">\n<div class=\"wp-block-column is-layout-flow wp-container-core-column-is-layout-8a368f38 wp-block-column-is-layout-flow\">\n<div class=\"wp-block-group is-vertical is-content-justification-center is-layout-flex wp-container-core-group-is-layout-ce155fab wp-block-group-is-layout-flex\">\n<h2 class=\"wp-block-heading has-text-align-center has-text-color has-link-color wp-elements-6760a4735a15204bc68bc9c2727d0cc4\" style=\"color:#654321;font-size:clamp(24.034px, 1.502rem + ((1vw - 3.2px) * 1.814), 40px);text-decoration:underline\">Emelt terasz<\/h2>\n\n\n\n<p class=\"has-border-color has-contrast-dark-border-color translation-block\" style=\"border-width:16px\">A fa terasz <strong>t\u00f6bb karbantart\u00e1st<\/strong> ig\u00e9nyel. Id\u0151nk\u00e9nti tiszt\u00edt\u00e1s, laz\u00faroz\u00e1s, fel\u00fcletkezel\u00e9s sz\u00fcks\u00e9ges ahhoz, hogy meg\u0151rizze tart\u00f3ss\u00e1g\u00e1t, \u00e9s v\u00e9dett legyen a nedvess\u00e9gt\u0151l, gomb\u00e1kt\u00f3l \u00e9s k\u00e1rtev\u0151kt\u0151l.<br>\n A karbantart\u00e1si ig\u00e9ny anyagt\u00edpust\u00f3l f\u00fcgg \u2013 p\u00e9ld\u00e1ul ac\u00e9lszerkezet \u00e9s kompozit burkolat haszn\u00e1lat\u00e1val ez jelent\u0151sen cs\u00f6kkenthet\u0151.<\/p>\n<\/div>\n<\/div>\n\n\n\n<div class=\"wp-block-column is-layout-flow wp-container-core-column-is-layout-9d693e98 wp-block-column-is-layout-flow\" style=\"padding-top:0;padding-right:var(--wp--preset--spacing--superbspacing-xsmall);padding-bottom:0;padding-left:var(--wp--preset--spacing--superbspacing-xsmall)\">\n<div class=\"wp-block-group is-vertical is-content-justification-center is-layout-flex wp-container-core-group-is-layout-7ed641e2 wp-block-group-is-layout-flex\">\n<h2 class=\"wp-block-heading has-text-align-center has-text-color has-link-color wp-elements-7ca41a17662455bbaaebd6cc57a7267c\" style=\"color:#666666;font-size:clamp(24.034px, 1.502rem + ((1vw - 3.2px) * 1.814), 40px);text-decoration:underline\">Betonalap<\/h2>\n\n\n\n<p class=\"has-border-color has-contrast-dark-border-color translation-block\" style=\"border-width:16px\">A beton <strong>kevesebb karbantart\u00e1st<\/strong> ig\u00e9nyel. K\u00f6nnyen tiszt\u00edthat\u00f3, nem ig\u00e9nyel fest\u00e9st vagy kezel\u00e9st. \n<br>Id\u0151vel hajsz\u00e1lreped\u00e9sek alakulhatnak ki, de ezek k\u00f6nnyen jav\u00edthat\u00f3k.<\/p>\n<\/div>\n<\/div>\n<\/div>\n\n\n\n<div style=\"height:70px\" aria-hidden=\"true\" class=\"wp-block-spacer\"><\/div>\n\n\n\n<h2 class=\"wp-block-heading has-text-align-center has-superbfont-xlarge-font-size\">Terepviszonyok \u2013 mi illik jobban a k\u00f6rnyezethez?<\/h2>\n\n\n\n<div style=\"height:33px\" aria-hidden=\"true\" class=\"wp-block-spacer\"><\/div>\n\n\n\n<div class=\"wp-block-columns is-layout-flex wp-container-core-columns-is-layout-28f84493 wp-block-columns-is-layout-flex\">\n<div class=\"wp-block-column is-layout-flow wp-block-column-is-layout-flow\">\n<div class=\"wp-block-group is-vertical is-content-justification-center is-layout-flex wp-container-core-group-is-layout-ce155fab wp-block-group-is-layout-flex\">\n<h2 class=\"wp-block-heading has-text-align-center has-text-color has-link-color wp-elements-6760a4735a15204bc68bc9c2727d0cc4\" style=\"color:#654321;font-size:clamp(24.034px, 1.502rem + ((1vw - 3.2px) * 1.814), 40px);text-decoration:underline\">Emelt terasz<\/h2>\n\n\n\n<p class=\"has-border-color has-contrast-dark-border-color\" style=\"border-width:16px\"><span class=\"has-superb-addons-text-align-justify\">Az emelt terasz sokkal rugalmasabban alkalmazhat\u00f3 meredek vagy egyenetlen terepen, illetve nehezen megk\u00f6zel\u00edthet\u0151 helyeken.<br>Kiemelhet\u0151, hogy k\u00f6rnyezetk\u00edm\u00e9l\u0151bb, \u00e9s l\u00e1tv\u00e1nyosabb elhelyez\u00e9st is lehet\u0151v\u00e9 tesz (pl. kil\u00e1t\u00e1sra t\u00e1jolt d\u00f3m).<\/span><\/p>\n<\/div>\n<\/div>\n\n\n\n<div class=\"wp-block-column is-layout-flow wp-block-column-is-layout-flow\">\n<div class=\"wp-block-group is-vertical is-content-justification-center is-layout-flex wp-container-core-group-is-layout-05a30dd3 wp-block-group-is-layout-flex\" style=\"margin-top:0;margin-bottom:0;padding-top:0;padding-right:var(--wp--preset--spacing--superbspacing-xxsmall);padding-bottom:0;padding-left:var(--wp--preset--spacing--superbspacing-xxsmall)\">\n<h2 class=\"wp-block-heading has-text-align-center has-text-color has-link-color wp-elements-7ca41a17662455bbaaebd6cc57a7267c\" style=\"color:#666666;font-size:clamp(24.034px, 1.502rem + ((1vw - 3.2px) * 1.814), 40px);text-decoration:underline\">Betonalap<\/h2>\n\n\n\n<p class=\"has-border-color has-contrast-dark-border-color translation-block\" style=\"border-width:16px\">A betonlemez lapos vagy enyh\u00e9n lejt\u0151s ter\u00fcleteken ide\u00e1lis, stabil \u00e9s v\u00edzszintes alapot biztos\u00edt.<br>\n Meredek vagy szikl\u00e1s terepen a kivitelez\u00e9s bonyolultabb: nagyobb f\u00f6ldmunka, t\u00e1mfalak, komolyabb v\u00edzelvezet\u00e9s sz\u00fcks\u00e9ges. <br>A talaj anyaga (agyagos, szikl\u00e1s stb.) szint\u00e9n befoly\u00e1solja a g\u00e9pi munk\u00e1k neh\u00e9zs\u00e9g\u00e9t.<\/p>\n<\/div>\n<\/div>\n<\/div>\n\n\n\n<div style=\"height:70px\" aria-hidden=\"true\" class=\"wp-block-spacer\"><\/div>\n\n\n\n<h2 class=\"wp-block-heading has-text-align-left has-superbfont-xlarge-font-size\">Hat\u00f3s\u00e1gi el\u0151\u00edr\u00e1sok \u2013 mit kell figyelembe venni?<\/h2>\n\n\n\n<div style=\"height:50px\" aria-hidden=\"true\" class=\"wp-block-spacer\"><\/div>\n\n\n\n<div class=\"wp-block-group is-horizontal is-content-justification-left is-layout-flex wp-container-core-group-is-layout-250a47e6 wp-block-group-is-layout-flex\" style=\"border-style:none;border-width:0px;border-radius:0px;margin-top:var(--wp--preset--spacing--superbspacing-xxsmall);margin-bottom:var(--wp--preset--spacing--superbspacing-xxsmall);padding-top:0;padding-right:0;padding-bottom:0;padding-left:0\">\n<h2 class=\"wp-block-heading has-text-align-center\" style=\"font-size:clamp(24.034px, 1.502rem + ((1vw - 3.2px) * 1.814), 40px);\">Emelt terasz \u00e9s betonalap<\/h2>\n\n\n\n<p class=\"has-border-color has-contrast-dark-border-color translation-block\" style=\"border-width:16px\"><strong>Emelt terasz \u00e9s betonalap egyar\u00e1nt:<\/strong> <br>\n B\u00e1rmilyen t\u00edpus\u00fa alapoz\u00e1sr\u00f3l legyen sz\u00f3, \u00e9rdemes el\u0151zetesen t\u00e1j\u00e9koz\u00f3dni a helyi \u00f6nkorm\u00e1nyzati szab\u00e1lyoz\u00e1sokr\u00f3l.\n Bizonyos \u00f6nkorm\u00e1nyzatok vagy r\u00e9gi\u00f3k mentess\u00e9get adnak egyes kisebb, ideiglenes szerkezetekre (pl. platform, s\u00e1tor, k\u00f6nny\u0171szerkezetes \u00e9p\u00edtm\u00e9nyek), m\u00e1s helyeken azonban enged\u00e9lyk\u00f6teles lehet m\u00e9g az alapoz\u00e1s is.<\/p>\n\n\n\n<p class=\"has-border-color has-contrast-dark-border-color\" style=\"border-width:16px\">Sok \u00fcgyfel\u00fcnk \u00fagy tekint d\u00f3mjainkra, mint:<\/p>\n<\/div>\n\n\n\n<div class=\"wp-block-group is-horizontal is-content-justification-left is-layout-flex wp-container-core-group-is-layout-e883ba2f wp-block-group-is-layout-flex\" style=\"border-style:none;border-width:0px;border-radius:0px;margin-top:var(--wp--preset--spacing--superbspacing-xxsmall);margin-bottom:var(--wp--preset--spacing--superbspacing-xxsmall);padding-top:var(--wp--preset--spacing--superbspacing-xxsmall);padding-right:0;padding-bottom:var(--wp--preset--spacing--superbspacing-xxsmall);padding-left:0\">\n<ul class=\"wp-block-list\">\n<li style=\"padding-right:var(--wp--preset--spacing--superbspacing-small);padding-left:var(--wp--preset--spacing--superbspacing-small)\">ideiglenes szerkezet,<\/li>\n\n\n\n<li style=\"padding-right:var(--wp--preset--spacing--superbspacing-small);padding-left:var(--wp--preset--spacing--superbspacing-small)\">mozgathat\u00f3 lak\u00f3egys\u00e9g,<\/li>\n\n\n\n<li style=\"padding-right:var(--wp--preset--spacing--superbspacing-small);padding-left:var(--wp--preset--spacing--superbspacing-small)\">pr\u00e9mium s\u00e1tor (kv\u00e1zi egy f\u00e9l\u00e1lland\u00f3 min\u0151s\u00e9g\u0171 glamping s\u00e1tor).<\/li>\n<\/ul>\n\n\n\n<p class=\"has-border-color has-contrast-dark-border-color translation-block\" style=\"border-width:16px\">Ezeket sokan nem jelentik be hivatalosan, mondv\u00e1n: \u201esaj\u00e1t telken s\u00e1tort fel\u00e1ll\u00edtani jogom van\u201d.\n<br>\n Mi\u00e9rt osztjuk meg ezt veled? Csak hogy tudd mi a gyakorlat. Ennek ellen\u00e9re, mindenkit arra \u00f6szt\u00f6nz\u00fcnk, hogy akkor is ha nem \u00fczleti c\u00e9lra haszn\u00e1lja, tegyen egy \u00e1ltal\u00e1nos bejelent\u00e9st a d\u00f3m \u00e9p\u00edt\u00e9s\u00e9re a helyi \u00f6nkorm\u00e1nyzatn\u00e1l.<\/p>\n\n\n\n<p class=\"has-border-color has-contrast-dark-border-color\" style=\"border-width:16px\"><span class=\"has-superb-addons-text-align-justify\">Viszont, ha m\u0171k\u00f6d\u00e9si enged\u00e9lyt szeretne kapni a d\u00f3mra mint sz\u00e1ll\u00e1shely, elengedhetetlen, hogy a bejelent\u00e9s megt\u00f6rt\u00e9njen, an\u00e9lk\u00fcl nem adhat\u00f3 ki vend\u00e9g\u00e9jszak\u00e1ra, teh\u00e1t illeg\u00e1lisan \u00fczemel.<\/span><\/p>\n\n\n\n<p class=\"has-border-color has-contrast-dark-border-color\" style=\"border-width:16px\"><span class=\"has-superb-addons-text-align-justify\">B\u00e1rmelyik megold\u00e1st is v\u00e1lasztod, r\u00e9szletes telep\u00edt\u00e9si \u00fatmutat\u00f3val seg\u00edt\u00fcnk a folyamat minden l\u00e9p\u00e9s\u00e9ben.<\/span><\/p>\n\n\n\n<h2 class=\"wp-block-heading has-text-align-left has-border-color has-contrast-dark-border-color has-superbfont-large-font-size\" style=\"border-width:16px\">B\u00e1rmit is v\u00e1lasztasz, seg\u00edt\u00fcnk neked egy \u00fatmutat\u00f3val.<\/h2>\n\n\n\n<div class=\"wp-block-columns force-full-width is-layout-flex wp-container-core-columns-is-layout-28f84493 wp-block-columns-is-layout-flex\">\n<div class=\"wp-block-column is-layout-flow wp-block-column-is-layout-flow\" style=\"padding-right:var(--wp--preset--spacing--superbspacing-small);padding-left:var(--wp--preset--spacing--superbspacing-small);flex-basis:20%\"><\/div>\n\n\n\n<div class=\"wp-block-column is-layout-flow wp-block-column-is-layout-flow\">\n<div class=\"flip-card\">\n  <div class=\"flip-card-inner\">\n    <div class=\"flip-card-front-slab\">\n      <h2>Ha a betonalapot v\u00e1lasztod<\/h2>\n    <\/div>\n    <div class=\"flip-card-back-slab\">\n      <p>Fedezz fel t\u00f6bbet a betonalap lehet\u0151s\u00e9geir\u0151l \u00e9s install\u00e1ci\u00f3j\u00e1r\u00f3l.<\/p>\n      <a href=\"\/hu\/slab\/\" class=\"btn\">Betonalap<\/a>\n    <\/div>\n  <\/div>\n<\/div>\n<\/div>\n\n\n\n<div class=\"wp-block-column is-layout-flow wp-container-core-column-is-layout-aaa2de09 wp-block-column-is-layout-flow\" style=\"border-radius:0px;padding-top:0;padding-right:var(--wp--preset--spacing--superbspacing-xxlarge);padding-bottom:0;padding-left:var(--wp--preset--spacing--superbspacing-xxlarge);flex-basis:10%\"><\/div>\n\n\n\n<div class=\"wp-block-column is-layout-flow wp-block-column-is-layout-flow\">\n<div class=\"flip-card\">\n  <div class=\"flip-card-inner\">\n    <div class=\"flip-card-front-deck\">\n      <h2>Ha az emelt teraszt v\u00e1lasztod<\/h2>\n    <\/div>\n    <div class=\"flip-card-back-deck\">\n      <p>Fedezz fel t\u00f6bbet az emelt terasz lehet\u0151s\u00e9geir\u0151l \u00e9s install\u00e1ci\u00f3j\u00e1r\u00f3l.<\/p>\n      <a href=\"\/hu\/decking\/\" class=\"btn\">Emelt terasz<\/a>\n    <\/div>\n  <\/div>\n<\/div>\n<\/div>\n\n\n\n<div class=\"wp-block-column is-layout-flow wp-block-column-is-layout-flow\" style=\"flex-basis:20%\"><\/div>\n<\/div>\n\n\n\n<div class=\"wp-block-group is-nowrap is-layout-flex wp-container-core-group-is-layout-5a55a173 wp-block-group-is-layout-flex\"><\/div>\n<\/div>\n\n\n\n<div style=\"height:100px\" aria-hidden=\"true\" class=\"wp-block-spacer\"><\/div>\n\n\n\n<p><\/p>\n\n\n\n<div class=\"card\">\n  <h2>K\u00f6vetkez\u0151 l\u00e9p\u00e9sek<\/h2>\n  <p>Folytasd a k\u00f6vetkez\u0151 l\u00e9p\u00e9ssel, vagy l\u00e9pj vissza<\/p>\n  <div class=\"card-buttons\">\n    <a href=\"\/hu\/connecting-your-services\/\">El\u0151z\u0151<\/a>\n    <a href=\"\/hu\/build-your-dome\/\">K\u00f6vetkez\u0151<\/a>\n  <\/div>\n<\/div>","protected":false},"excerpt":{"rendered":"<p>When installing our Domes, there are two main foundation options to choose from: elevated deck or concrete base.Both have their pros and cons, and the decision depends on several factors: cost, time, terrain conditions, maintenance, utility connections, and local regulatory requirements.In this guide, we\u2019ll walk you through the key considerations and raise questions that will [&hellip;]<\/p>","protected":false},"author":1,"featured_media":0,"parent":0,"menu_order":0,"comment_status":"closed","ping_status":"closed","template":"wp-custom-template-pages-not-front","meta":{"om_disable_all_campaigns":false,"_monsterinsights_skip_tracking":false,"_monsterinsights_sitenote_active":false,"_monsterinsights_sitenote_note":"","_monsterinsights_sitenote_category":0,"footnotes":""},"class_list":["post-433","page","type-page","status-publish","hentry"],"aioseo_notices":[],"_links":{"self":[{"href":"https:\/\/glampex.hu\/hu\/wp-json\/wp\/v2\/pages\/433","targetHints":{"allow":["GET"]}}],"collection":[{"href":"https:\/\/glampex.hu\/hu\/wp-json\/wp\/v2\/pages"}],"about":[{"href":"https:\/\/glampex.hu\/hu\/wp-json\/wp\/v2\/types\/page"}],"author":[{"embeddable":true,"href":"https:\/\/glampex.hu\/hu\/wp-json\/wp\/v2\/users\/1"}],"replies":[{"embeddable":true,"href":"https:\/\/glampex.hu\/hu\/wp-json\/wp\/v2\/comments?post=433"}],"version-history":[{"count":98,"href":"https:\/\/glampex.hu\/hu\/wp-json\/wp\/v2\/pages\/433\/revisions"}],"predecessor-version":[{"id":1956,"href":"https:\/\/glampex.hu\/hu\/wp-json\/wp\/v2\/pages\/433\/revisions\/1956"}],"wp:attachment":[{"href":"https:\/\/glampex.hu\/hu\/wp-json\/wp\/v2\/media?parent=433"}],"curies":[{"name":"wp","href":"https:\/\/api.w.org\/{rel}","templated":true}]}}