{"id":49,"date":"2025-05-23T21:03:55","date_gmt":"2025-05-23T21:03:55","guid":{"rendered":"https:\/\/glampex.hu\/?page_id=49"},"modified":"2025-11-08T14:37:53","modified_gmt":"2025-11-08T14:37:53","slug":"diy-hub","status":"publish","type":"page","link":"https:\/\/glampex.hu\/hu\/diy-hub\/","title":{"rendered":"\u00c9p\u00edtsd meg magad!"},"content":{"rendered":"<div class=\"wp-block-columns is-layout-flex wp-container-core-columns-is-layout-28f84493 wp-block-columns-is-layout-flex\">\n<div class=\"wp-block-column is-layout-flow wp-block-column-is-layout-flow\" style=\"flex-basis:100%\">\n<div class=\"wp-block-cover alignfull is-light force-full-width\" style=\"margin-top:var(--wp--preset--spacing--superbspacing-small);margin-bottom:0;padding-top:0;padding-bottom:0;min-height:388px;aspect-ratio:unset;\"><img loading=\"lazy\" decoding=\"async\" width=\"2016\" height=\"1512\" class=\"wp-block-cover__image-background wp-image-1785 size-full\" alt=\"\" src=\"https:\/\/glampex.hu\/wp-content\/uploads\/2025\/07\/WhatsApp-Image-2025-07-26-at-10.21.46_313b909f.jpg\" data-object-fit=\"cover\" srcset=\"https:\/\/glampex.hu\/wp-content\/uploads\/2025\/07\/WhatsApp-Image-2025-07-26-at-10.21.46_313b909f.jpg 2016w, https:\/\/glampex.hu\/wp-content\/uploads\/2025\/07\/WhatsApp-Image-2025-07-26-at-10.21.46_313b909f-300x225.jpg 300w, https:\/\/glampex.hu\/wp-content\/uploads\/2025\/07\/WhatsApp-Image-2025-07-26-at-10.21.46_313b909f-1024x768.jpg 1024w, https:\/\/glampex.hu\/wp-content\/uploads\/2025\/07\/WhatsApp-Image-2025-07-26-at-10.21.46_313b909f-768x576.jpg 768w, https:\/\/glampex.hu\/wp-content\/uploads\/2025\/07\/WhatsApp-Image-2025-07-26-at-10.21.46_313b909f-100x75.jpg 100w, https:\/\/glampex.hu\/wp-content\/uploads\/2025\/07\/WhatsApp-Image-2025-07-26-at-10.21.46_313b909f-1536x1152.jpg 1536w, https:\/\/glampex.hu\/wp-content\/uploads\/2025\/07\/WhatsApp-Image-2025-07-26-at-10.21.46_313b909f-16x12.jpg 16w\" sizes=\"auto, (max-width: 2016px) 100vw, 2016px\" \/><span aria-hidden=\"true\" class=\"wp-block-cover__background has-background-dim\" style=\"background-color:#6e87a6\"><\/span><div class=\"wp-block-cover__inner-container has-global-padding is-layout-constrained wp-block-cover-is-layout-constrained\">\n<div class=\"wp-block-group is-vertical is-layout-flex wp-container-core-group-is-layout-363bff37 wp-block-group-is-layout-flex\"><h2 class=\"has-text-align-left has-link-color wp-elements-fd95d76c8e10c6aa6b881030944c25e9 wp-block-post-title has-text-color has-white-color\">\u00c9p\u00edtsd meg magad!<\/h2>\n\n\n<p class=\"has-white-color has-text-color has-background has-link-color wp-elements-96c20c5bd38b2747a3df045d66e4f753\" style=\"background-color:#00000033;margin-right:var(--wp--preset--spacing--superbspacing-small);margin-left:var(--wp--preset--spacing--superbspacing-small)\"><span class=\"has-superb-addons-text-align-justify\">A glamping d\u00f3mod fel\u00e1ll\u00edt\u00e1sa k\u00f6nnyebb, mint gondoln\u00e1d. Ak\u00e1r els\u0151 alkalommal \u00e9p\u00edtesz, ak\u00e1r tapasztalt kivitelez\u0151 vagy, r\u00e9szletes \u00fatmutat\u00f3nk v\u00e9gigvezet az eg\u00e9sz folyamaton \u2013 a ter\u00fclet el\u0151k\u00e9sz\u00edt\u00e9s\u00e9t\u0151l eg\u00e9szen az utols\u00f3 csavar megh\u00faz\u00e1s\u00e1ig. \u00c1tl\u00e1that\u00f3 le\u00edr\u00e1sokkal, szak\u00e9rt\u0151i tippekkel \u00e9s gyakorlati tan\u00e1csokkal minden a kezedben lesz ahhoz, hogy magabiztosan val\u00f3s\u00edtsd meg geod\u00f3m projekted.<\/span><\/p>\n<\/div>\n<\/div><\/div>\n<\/div>\n<\/div>\n\n\n\n<div style=\"height:38px\" aria-hidden=\"true\" class=\"wp-block-spacer\"><\/div>\n\n\n\n<div class=\"wp-block-columns force-full-width is-layout-flex wp-container-core-columns-is-layout-e0e4babd wp-block-columns-is-layout-flex\" style=\"padding-right:0;padding-left:0\">\n<div class=\"wp-block-column is-layout-flow wp-block-column-is-layout-flow\" style=\"flex-basis:5%\"><\/div>\n\n\n\n<div class=\"wp-block-column is-layout-flow wp-block-column-is-layout-flow\">\n<div class=\"wp-block-group is-vertical is-content-justification-center is-layout-flex wp-container-core-group-is-layout-e6371ee9 wp-block-group-is-layout-flex\" style=\"min-height:100%;padding-right:0;padding-left:0\">\n<h2 class=\"wp-block-heading has-text-align-center has-mono-2-color has-text-color has-link-color has-superbfont-xlarge-font-size wp-elements-85226d7a3f974609941c2e57b6af27c8\">D\u00f3mfel\u00e1ll\u00edt\u00e1s L\u00e9p\u00e9sr\u0151l L\u00e9p\u00e9sre<\/h2>\n\n\n\n<p class=\"has-black-color has-text-color has-link-color wp-elements-75c0bee61d191e2d46e65689a27af8c9\">Meg tudod csin\u00e1lni!<\/p>\n\n\n\n<div style=\"height:0px\" aria-hidden=\"true\" class=\"wp-block-spacer wp-container-content-9760934e\"><\/div>\n\n\n\n<figure class=\"wp-block-image size-large has-custom-border\"><img loading=\"lazy\" decoding=\"async\" width=\"1024\" height=\"683\" src=\"https:\/\/glampex.hu\/wp-content\/uploads\/2025\/07\/DSC_0400-1-1024x683.jpg\" alt=\"Dome build image\" class=\"wp-image-1270\" style=\"border-radius:50px;aspect-ratio:1;object-fit:cover\" srcset=\"https:\/\/glampex.hu\/wp-content\/uploads\/2025\/07\/DSC_0400-1-1024x683.jpg 1024w, https:\/\/glampex.hu\/wp-content\/uploads\/2025\/07\/DSC_0400-1-300x200.jpg 300w, https:\/\/glampex.hu\/wp-content\/uploads\/2025\/07\/DSC_0400-1-768x512.jpg 768w, https:\/\/glampex.hu\/wp-content\/uploads\/2025\/07\/DSC_0400-1-100x67.jpg 100w, https:\/\/glampex.hu\/wp-content\/uploads\/2025\/07\/DSC_0400-1-1536x1024.jpg 1536w, https:\/\/glampex.hu\/wp-content\/uploads\/2025\/07\/DSC_0400-1-2048x1365.jpg 2048w, https:\/\/glampex.hu\/wp-content\/uploads\/2025\/07\/DSC_0400-1-18x12.jpg 18w\" sizes=\"auto, (max-width: 1024px) 100vw, 1024px\" \/><\/figure>\n\n\n\n<div class=\"wp-block-buttons is-layout-flex wp-block-buttons-is-layout-flex\">\n<div class=\"wp-block-button\"><a class=\"wp-block-button__link has-white-color has-text-color has-background has-link-color has-border-color has-mono-3-border-color wp-element-button\" href=\"https:\/\/glampex.hu\/hu\/build-your-dome\/\" style=\"border-width:3px;background-color:#4281a1\">D\u00f3mfel\u00e1ll\u00edt\u00e1s L\u00e9p\u00e9sr\u0151l L\u00e9p\u00e9sre<\/a><\/div>\n<\/div>\n<\/div>\n<\/div>\n\n\n\n<div class=\"wp-block-column is-layout-flow wp-block-column-is-layout-flow\" style=\"flex-basis:5%\">\n<div style=\"height:100px\" aria-hidden=\"true\" class=\"wp-block-spacer\"><\/div>\n<\/div>\n\n\n\n<div class=\"wp-block-column is-layout-flow wp-block-column-is-layout-flow\">\n<div class=\"wp-block-group is-vertical is-content-justification-center is-layout-flex wp-container-core-group-is-layout-ce155fab wp-block-group-is-layout-flex\" style=\"min-height:100%\">\n<h2 class=\"wp-block-heading has-text-align-center has-mono-2-color has-text-color has-link-color has-superbfont-xlarge-font-size wp-elements-9327e080e84393a497fc23b53e8ffcc4\">Teljes Helysz\u00edn\u00e9p\u00edt\u00e9s<\/h2>\n\n\n\n<p class=\"has-black-color has-text-color has-link-color wp-elements-5f6703eca2a341ce113cb33566339339\">Csin\u00e1ld meg az eg\u00e9sz projektet saj\u00e1t kez\u0171leg<\/p>\n\n\n\n<figure class=\"wp-block-image size-large has-custom-border\" style=\"margin-top:var(--wp--preset--spacing--superbspacing-small)\"><img loading=\"lazy\" decoding=\"async\" width=\"1024\" height=\"768\" src=\"https:\/\/glampex.hu\/wp-content\/uploads\/2025\/07\/IMG-20221015-WA0024-1024x768.jpg\" alt=\"\" class=\"wp-image-1224\" style=\"border-radius:53px;aspect-ratio:1;object-fit:cover\" srcset=\"https:\/\/glampex.hu\/wp-content\/uploads\/2025\/07\/IMG-20221015-WA0024-1024x768.jpg 1024w, https:\/\/glampex.hu\/wp-content\/uploads\/2025\/07\/IMG-20221015-WA0024-300x225.jpg 300w, https:\/\/glampex.hu\/wp-content\/uploads\/2025\/07\/IMG-20221015-WA0024-768x576.jpg 768w, https:\/\/glampex.hu\/wp-content\/uploads\/2025\/07\/IMG-20221015-WA0024-100x75.jpg 100w, https:\/\/glampex.hu\/wp-content\/uploads\/2025\/07\/IMG-20221015-WA0024-1536x1152.jpg 1536w, https:\/\/glampex.hu\/wp-content\/uploads\/2025\/07\/IMG-20221015-WA0024-16x12.jpg 16w, https:\/\/glampex.hu\/wp-content\/uploads\/2025\/07\/IMG-20221015-WA0024.jpg 2048w\" sizes=\"auto, (max-width: 1024px) 100vw, 1024px\" \/><\/figure>\n\n\n\n<div class=\"wp-block-buttons is-layout-flex wp-block-buttons-is-layout-flex\" style=\"margin-top:0\">\n<div class=\"wp-block-button\"><a class=\"wp-block-button__link has-white-color has-text-color has-background has-link-color has-border-color has-mono-2-border-color wp-element-button\" href=\"https:\/\/glampex.hu\/hu\/diy-project\/\" style=\"border-width:3px;background-color:#4281a1\">Teljes Helysz\u00edn\u00e9p\u00edt\u00e9s<\/a><\/div>\n<\/div>\n<\/div>\n<\/div>\n\n\n\n<div class=\"wp-block-column is-layout-flow wp-block-column-is-layout-flow\" style=\"flex-basis:5%\"><\/div>\n<\/div>\n\n\n\n<div style=\"height:100px\" aria-hidden=\"true\" class=\"wp-block-spacer\"><\/div>\n\n\n\n<div class=\"wp-block-columns is-layout-flex wp-container-core-columns-is-layout-dd4f5a31 wp-block-columns-is-layout-flex\">\n<div class=\"wp-block-column is-layout-flow wp-block-column-is-layout-flow\">\n<figure class=\"wp-block-image size-full superb-addons-hide-on-mobile superb-addons-hide-on-tablet\"><img loading=\"lazy\" decoding=\"async\" width=\"1707\" height=\"2560\" src=\"https:\/\/glampex.hu\/wp-content\/uploads\/2025\/06\/drift-08-1-scaled.jpg\" alt=\"\" class=\"wp-image-1021\" style=\"aspect-ratio:3\/4;object-fit:cover\" srcset=\"https:\/\/glampex.hu\/wp-content\/uploads\/2025\/06\/drift-08-1-scaled.jpg 1707w, https:\/\/glampex.hu\/wp-content\/uploads\/2025\/06\/drift-08-1-200x300.jpg 200w, https:\/\/glampex.hu\/wp-content\/uploads\/2025\/06\/drift-08-1-683x1024.jpg 683w, https:\/\/glampex.hu\/wp-content\/uploads\/2025\/06\/drift-08-1-768x1152.jpg 768w, https:\/\/glampex.hu\/wp-content\/uploads\/2025\/06\/drift-08-1-100x150.jpg 100w, https:\/\/glampex.hu\/wp-content\/uploads\/2025\/06\/drift-08-1-1024x1536.jpg 1024w, https:\/\/glampex.hu\/wp-content\/uploads\/2025\/06\/drift-08-1-1365x2048.jpg 1365w, https:\/\/glampex.hu\/wp-content\/uploads\/2025\/06\/drift-08-1-8x12.jpg 8w\" sizes=\"auto, (max-width: 1707px) 100vw, 1707px\" \/><\/figure>\n<\/div>\n\n\n\n<div class=\"wp-block-column is-layout-flow wp-block-column-is-layout-flow\">\n<div class=\"forminator-guttenberg\"><div class=\"forminator-ui forminator-custom-form forminator-custom-form-497 forminator-design--material  forminator_ajax\" data-forminator-render=\"0\" data-form=\"forminator-module-497\" data-uid=\"69ff7146c2f2d\"><br\/><\/div><form\n\t\t\t\tid=\"forminator-module-497\"\n\t\t\t\tclass=\"forminator-ui forminator-custom-form forminator-custom-form-497 forminator-design--material  forminator_ajax\"\n\t\t\t\tmethod=\"post\"\n\t\t\t\tdata-forminator-render=\"0\"\n\t\t\t\tdata-form-id=\"497\"\n\t\t\t\t data-color-option=\"theme\" data-design=\"material\" data-grid=\"open\" style=\"display: none;\"\n\t\t\t\tdata-uid=\"69ff7146c2f2d\" action=\"\"\n\t\t\t><div role=\"alert\" aria-live=\"polite\" class=\"forminator-response-message forminator-error\" aria-hidden=\"true\"><\/div><div class=\"forminator-row\"><div id=\"section-1\" class=\"forminator-field-section forminator-col forminator-col-12\"><div class=\"forminator-field\"><h2 class=\"forminator-title\">\ud83c\udf3f K\u00e9rdezz minket k\u00f6zvetlen\u00fcl<\/h2><h3 class=\"forminator-subtitle\">*:sz\u00fcks\u00e9ges mez\u0151<\/h3><\/div><\/div><\/div><div class=\"forminator-row\"><div id=\"name-1\" class=\"forminator-field-name forminator-col forminator-col-12\"><div class=\"forminator-field\"><label for=\"forminator-field-name-1_69ff7146c2f2d\" id=\"forminator-field-name-1_69ff7146c2f2d-label\" class=\"forminator-label\">Keresztn\u00e9v <span class=\"forminator-required\">*<\/span><\/label><input type=\"text\" name=\"name-1\" value=\"\" placeholder=\"\" id=\"forminator-field-name-1_69ff7146c2f2d\" class=\"forminator-input forminator-name--field\" aria-required=\"true\" autocomplete=\"name\" \/><\/div><\/div><\/div><div class=\"forminator-row\"><div id=\"email-1\" class=\"forminator-field-email forminator-col forminator-col-12\"><div class=\"forminator-field\"><label for=\"forminator-field-email-1_69ff7146c2f2d\" id=\"forminator-field-email-1_69ff7146c2f2d-label\" class=\"forminator-label\">Email c\u00edm <span class=\"forminator-required\">*<\/span><\/label><input type=\"email\" name=\"email-1\" value=\"\" placeholder=\"\" id=\"forminator-field-email-1_69ff7146c2f2d\" class=\"forminator-input forminator-email--field\" data-required=\"true\" aria-required=\"true\" autocomplete=\"email\" \/><\/div><\/div><\/div><div class=\"forminator-row\"><div id=\"textarea-1\" class=\"forminator-field-textarea forminator-col forminator-col-12\"><div class=\"forminator-field\"><label for=\"forminator-field-textarea-1_69ff7146c2f2d\" id=\"forminator-field-textarea-1_69ff7146c2f2d-label\" class=\"forminator-label\">\u00cdrjon b\u00e1rmit <span class=\"forminator-required\">*<\/span><\/label><textarea name=\"textarea-1\" placeholder=\"\" id=\"forminator-field-textarea-1_69ff7146c2f2d\" class=\"forminator-textarea\" rows=\"6\" style=\"--forminator-textarea-min-height:140px;\" ><\/textarea><\/div><\/div><\/div><input type=\"hidden\" name=\"referer_url\" value=\"\" \/><div class=\"forminator-row forminator-row-last\"><div class=\"forminator-col\"><div class=\"forminator-field\"><button class=\"forminator-button forminator-button-submit\"><span>K\u00fcld\u00e9s<\/span><span aria-hidden=\"true\"><\/span><\/button><\/div><\/div><\/div><input type=\"hidden\" id=\"forminator_nonce\" name=\"forminator_nonce\" value=\"7a8b11140e\" \/><input type=\"hidden\" name=\"_wp_http_referer\" value=\"\/hu\/wp-json\/wp\/v2\/pages\/49\" \/><input type=\"hidden\" name=\"form_id\" value=\"497\"><input type=\"hidden\" name=\"page_id\" value=\"49\"><input type=\"hidden\" name=\"form_type\" value=\"default\"><input type=\"hidden\" name=\"current_url\" value=\"https:\/\/glampex.hu\/hu\/diy-hub\/\"><input type=\"hidden\" name=\"render_id\" value=\"0\"><input type=\"hidden\" name=\"action\" value=\"forminator_submit_form_custom-forms\"><input type=\"hidden\" name=\"trp-form-language\" value=\"hu\"\/><\/form><\/div>\n<\/div>\n<\/div>\n\n\n\n<p><\/p>","protected":false},"excerpt":{"rendered":"<p>Build your Dome You can do it easily! DIY Project See how you can build the entire project yourself<\/p>","protected":false},"author":1,"featured_media":7,"parent":0,"menu_order":0,"comment_status":"closed","ping_status":"closed","template":"wp-custom-template-pages-not-front","meta":{"om_disable_all_campaigns":false,"_monsterinsights_skip_tracking":false,"_monsterinsights_sitenote_active":false,"_monsterinsights_sitenote_note":"","_monsterinsights_sitenote_category":0,"footnotes":""},"class_list":["post-49","page","type-page","status-publish","has-post-thumbnail","hentry"],"aioseo_notices":[],"_links":{"self":[{"href":"https:\/\/glampex.hu\/hu\/wp-json\/wp\/v2\/pages\/49","targetHints":{"allow":["GET"]}}],"collection":[{"href":"https:\/\/glampex.hu\/hu\/wp-json\/wp\/v2\/pages"}],"about":[{"href":"https:\/\/glampex.hu\/hu\/wp-json\/wp\/v2\/types\/page"}],"author":[{"embeddable":true,"href":"https:\/\/glampex.hu\/hu\/wp-json\/wp\/v2\/users\/1"}],"replies":[{"embeddable":true,"href":"https:\/\/glampex.hu\/hu\/wp-json\/wp\/v2\/comments?post=49"}],"version-history":[{"count":60,"href":"https:\/\/glampex.hu\/hu\/wp-json\/wp\/v2\/pages\/49\/revisions"}],"predecessor-version":[{"id":2073,"href":"https:\/\/glampex.hu\/hu\/wp-json\/wp\/v2\/pages\/49\/revisions\/2073"}],"wp:featuredmedia":[{"embeddable":true,"href":"https:\/\/glampex.hu\/hu\/wp-json\/wp\/v2\/media\/7"}],"wp:attachment":[{"href":"https:\/\/glampex.hu\/hu\/wp-json\/wp\/v2\/media?parent=49"}],"curies":[{"name":"wp","href":"https:\/\/api.w.org\/{rel}","templated":true}]}}