{"id":503,"date":"2025-06-05T19:55:20","date_gmt":"2025-06-05T19:55:20","guid":{"rendered":"https:\/\/glampex.hu\/build-your-interior\/"},"modified":"2025-10-15T12:55:10","modified_gmt":"2025-10-15T12:55:10","slug":"build-your-interior","status":"publish","type":"page","link":"https:\/\/glampex.hu\/hu\/build-your-interior\/","title":{"rendered":"Bels\u0151 t\u00e9r kialak\u00edt\u00e1sa"},"content":{"rendered":"<div class=\"wp-block-cover force-full-width\"><img loading=\"lazy\" decoding=\"async\" width=\"1024\" height=\"768\" class=\"wp-block-cover__image-background wp-image-1836 size-large\" alt=\"\" src=\"https:\/\/glampex.hu\/wp-content\/uploads\/2025\/07\/WhatsApp-Image-2025-07-26-at-13.06.30_269e01af-1024x768.jpg\" data-object-fit=\"cover\" srcset=\"https:\/\/glampex.hu\/wp-content\/uploads\/2025\/07\/WhatsApp-Image-2025-07-26-at-13.06.30_269e01af-1024x768.jpg 1024w, https:\/\/glampex.hu\/wp-content\/uploads\/2025\/07\/WhatsApp-Image-2025-07-26-at-13.06.30_269e01af-300x225.jpg 300w, https:\/\/glampex.hu\/wp-content\/uploads\/2025\/07\/WhatsApp-Image-2025-07-26-at-13.06.30_269e01af-768x576.jpg 768w, https:\/\/glampex.hu\/wp-content\/uploads\/2025\/07\/WhatsApp-Image-2025-07-26-at-13.06.30_269e01af-100x75.jpg 100w, https:\/\/glampex.hu\/wp-content\/uploads\/2025\/07\/WhatsApp-Image-2025-07-26-at-13.06.30_269e01af-1536x1152.jpg 1536w, https:\/\/glampex.hu\/wp-content\/uploads\/2025\/07\/WhatsApp-Image-2025-07-26-at-13.06.30_269e01af-16x12.jpg 16w, https:\/\/glampex.hu\/wp-content\/uploads\/2025\/07\/WhatsApp-Image-2025-07-26-at-13.06.30_269e01af.jpg 1600w\" sizes=\"auto, (max-width: 1024px) 100vw, 1024px\" \/><span aria-hidden=\"true\" class=\"wp-block-cover__background has-background-dim\" style=\"background-color:#716457\"><\/span><div class=\"wp-block-cover__inner-container has-global-padding is-layout-constrained wp-block-cover-is-layout-constrained\"><h2 style=\"background-color:#0000004f;\" class=\"has-text-align-center wp-block-post-title has-background\">Bels\u0151 t\u00e9r kialak\u00edt\u00e1sa<\/h2><\/div><\/div>\n\n\n\n<div style=\"height:11px\" aria-hidden=\"true\" class=\"wp-block-spacer\"><\/div>\n\n\n<h1 class=\"has-text-align-left wp-block-post-title has-superbfont-xlarge-font-size\">Bels\u0151 t\u00e9r kialak\u00edt\u00e1sa<\/h1>\n\n\n<p style=\"padding-right:var(--wp--preset--spacing--superbspacing-small);padding-left:var(--wp--preset--spacing--superbspacing-small)\"><span class=\"has-superb-addons-text-align-justify\">Ez az egyik legfontosabb l\u00e9p\u00e9s egyedi, term\u00e9szetk\u00f6zeli glamping \u00e9lm\u00e9ny megteremt\u00e9s\u00e9ben. Itt van lehet\u0151s\u00e9ged arra, hogy megval\u00f3s\u00edtsd saj\u00e1t elk\u00e9pzel\u00e9seidet, \u00e9s egy igaz\u00e1n hangulatos, funkcion\u00e1lis bels\u0151 teret alak\u00edts ki.<\/span><\/p>\n\n\n\n<div style=\"height:63px\" aria-hidden=\"true\" class=\"wp-block-spacer\"><\/div>\n\n\n\n<div class=\"wp-block-group is-vertical is-layout-flex wp-container-core-group-is-layout-fe9cc265 wp-block-group-is-layout-flex\">\n<div class=\"wp-block-group is-vertical is-content-justification-left is-layout-flex wp-container-core-group-is-layout-d2a0258d wp-block-group-is-layout-flex\">\n<h2 class=\"wp-block-heading has-text-align-left has-superbfont-large-font-size\">A bels\u0151 t\u00e9r tervez\u00e9s\u00e9nek f\u0151 szempontjai:<\/h2>\n\n\n\n<p class=\"has-text-align-left has-border-color has-contrast-dark-border-color\" style=\"border-width:20px\"><span class=\"has-superb-addons-text-align-justify\">A Glampex d\u00f3mok bels\u0151 elrendez\u00e9s\u00e9t \u00fagy tervezz\u00fck, hogy k\u00e9nyelmes \u00e9s praktikus helyet biztos\u00edtson vend\u00e9geknek. Ez mag\u00e1ban foglalja a bels\u0151 v\u00e1laszfalak, gal\u00e9ri\u00e1k, emeleti r\u00e9szek kialak\u00edt\u00e1s\u00e1t, valamint a legfontosabb helyis\u00e9gek \u2013 konyha, f\u00fcrd\u0151szoba, h\u00e1l\u00f3szoba, nappali \u2013 elhelyez\u00e9s\u00e9t. Emellett a kellemes hangulat\u00e9rt \u00e9s a hidegebb h\u00f3napok\u00e9rt gondoskodhatunk kandall\u00f3 vagy f\u0171t\u00e9si megold\u00e1sok be\u00e9p\u00edt\u00e9s\u00e9r\u0151l is.<\/span><\/p>\n<\/div>\n\n\n\n<h2 class=\"wp-block-heading has-superbfont-medium-font-size\"><em>Mi j\u00e1r az alapcsomagban?<\/em><\/h2>\n\n\n\n<p class=\"has-border-color has-contrast-dark-border-color\" style=\"border-width:20px\"><span class=\"has-superb-addons-text-align-justify\">Az alap \u00e1r tartalmazza a f\u00fcrd\u0151szobai egys\u00e9get. Minden egy\u00e9b b\u00fatorzat, f\u0171t\u00e9s, h\u0171t\u00e9s, illetve egyedi megold\u00e1sok egy\u00e9nileg szerezhet\u0151ek be.<\/span><\/p>\n<\/div>\n\n\n\n<div style=\"height:32px\" aria-hidden=\"true\" class=\"wp-block-spacer\"><\/div>\n\n\n\n<h3 class=\"wp-block-heading has-superbfont-large-font-size\">1) V\u00e1laszfalak, gal\u00e9ri\u00e1k \u00e9s emeleti terek<\/h3>\n\n\n\n<p style=\"padding-right:var(--wp--preset--spacing--superbspacing-small);padding-left:var(--wp--preset--spacing--superbspacing-small)\"><span class=\"has-superb-addons-text-align-justify\">Sok esetben \u00e9rdemes a D\u00f3mon bel\u00fcl k\u00fcl\u00f6n\u00e1ll\u00f3 helyis\u00e9geket kialak\u00edtani v\u00e1laszfalakkal vagy gal\u00e9ri\u00e1val, hogy min\u00e9l jobban kihaszn\u00e1ld a D\u00f3m bels\u0151 ter\u00e9t. Ezeket k\u00f6nny\u0171szerkezetes anyagokb\u00f3l, p\u00e9ld\u00e1ul fa v\u00e1zra szerelt gipszkartonb\u00f3l vagy modul\u00e1ris panelekb\u0151l \u00e9rdemes \u00e9p\u00edteni.<\/span><\/p>\n\n\n\n<p style=\"padding-right:var(--wp--preset--spacing--superbspacing-small);padding-left:var(--wp--preset--spacing--superbspacing-small)\"><span class=\"has-superb-addons-text-align-justify\">A gal\u00e9ri\u00e1k, emeleti pihen\u0151 r\u00e9szek extra alv\u00f3- vagy relax\u00e1ci\u00f3s teret biztos\u00edtanak, ehhez tart\u00f3gerend\u00e1kra \u00e9s megfelel\u0151 padl\u00f3burkolatra lesz sz\u00fcks\u00e9g. Fontos a biztons\u00e1gos korl\u00e1t kialak\u00edt\u00e1sa a gal\u00e9ri\u00e1k sz\u00e9l\u00e9n.<\/span><\/p>\n\n\n\n<p style=\"padding-right:var(--wp--preset--spacing--superbspacing-small);padding-left:var(--wp--preset--spacing--superbspacing-small)\"><span class=\"has-superb-addons-text-align-justify\">Mivel ezek a bels\u0151 falak \u00e1ltal\u00e1ban nem teherhord\u00f3k (kiv\u00e9ve ha emeletet \u00e9p\u00edtesz), nem kell t\u00falzottan bonyolult szerkezet\u0171ek legyenek, f\u0151 feladatuk a helyis\u00e9gek elv\u00e1laszt\u00e1sa \u00e9s az \u00e9p\u00fcletg\u00e9p\u00e9szeti vezet\u00e9kek elhelyez\u00e9se. (Fontos, hogy b\u00edrj\u00e1k a r\u00e1juk nehezed\u0151 terhel\u00e9st, p\u00e9ld\u00e1ul ha valaki nekid\u0151l.)<\/span><\/p>\n\n\n\n<div style=\"height:32px\" aria-hidden=\"true\" class=\"wp-block-spacer\"><\/div>\n\n\n\n<h3 class=\"wp-block-heading has-superbfont-large-font-size\">2) Konyha<\/h3>\n\n\n\n<p style=\"padding-right:var(--wp--preset--spacing--superbspacing-small);padding-left:var(--wp--preset--spacing--superbspacing-small)\"><span class=\"has-superb-addons-text-align-justify\">A konyha alapfelszerelts\u00e9ge a h\u0171t\u0151szekr\u00e9ny, f\u0151z\u0151lap \u00e9s mosogat\u00f3 legyen, lehet\u0151leg kompakt \u00e9s energiatakar\u00e9kos megold\u00e1sokkal. A t\u00e1rol\u00f3 \u00e9s munkafel\u00fclet kialak\u00edt\u00e1sa praktikus anyagokb\u00f3l, p\u00e9ld\u00e1ul rozsdamentes ac\u00e9lb\u00f3l vagy lamin\u00e1lt fel\u00fclettel t\u00f6rt\u00e9njen, hogy k\u00f6nny\u0171 legyen a tiszt\u00edt\u00e1sa.<\/span><\/p>\n\n\n\n<p style=\"padding-right:var(--wp--preset--spacing--superbspacing-xsmall);padding-left:var(--wp--preset--spacing--superbspacing-xsmall)\">H\u00e1rom jellemz\u0151 megold\u00e1s l\u00e9tezik glampinghez:<\/p>\n\n\n\n<ol class=\"wp-block-list\">\n<li style=\"padding-right:var(--wp--preset--spacing--superbspacing-small);padding-left:var(--wp--preset--spacing--superbspacing-small)\" class=\"translation-block\"><strong>Nincs bels\u0151 konyha:<\/strong> a glamping szabadt\u00e9ri \u00e9lm\u00e9ny, \u00edgy a konyh\u00e1t kint lehet kialak\u00edtani, hogy a vend\u00e9gek a term\u00e9szetben f\u0151zhessenek.<\/li>\n\n\n\n<li style=\"padding-right:var(--wp--preset--spacing--superbspacing-small);padding-left:var(--wp--preset--spacing--superbspacing-small)\"><strong><strong>Kis teakonyha vagy mosogat\u00f3 a d\u00f3mon bel\u00fcl:<\/strong><\/strong>ide\u00e1lis megold\u00e1s, ha a f\u0151z\u0151hely kint vagy k\u00f6z\u00f6ss\u00e9gi t\u00e9rben van. Ezzel cs\u00f6kken a takar\u00edt\u00e1si id\u0151, mik\u00f6zben megmarad a term\u00e9szetk\u00f6zeli \u00e9lm\u00e9ny.<\/li>\n\n\n\n<li style=\"padding-right:var(--wp--preset--spacing--superbspacing-small);padding-left:var(--wp--preset--spacing--superbspacing-small)\"><strong>Teljes \u00e9rt\u00e9k\u0171 konyha:<\/strong>nagyobb d\u00f3mok eset\u00e9n elf\u00e9r egy teljes konyha is, de figyelni kell a takar\u00edt\u00e1sra \u00e9s az \u00e9tel szagokra.<\/li>\n<\/ol>\n\n\n\n<p style=\"padding-right:var(--wp--preset--spacing--superbspacing-small);padding-left:var(--wp--preset--spacing--superbspacing-small)\"><span class=\"has-superb-addons-text-align-justify\">Mindig gondolj arra, hogy a tiszt\u00edt\u00e1si id\u0151 \u00e9s a vend\u00e9gek ig\u00e9nyei is sz\u00e1m\u00edtanak.<\/span><\/p>\n\n\n\n<div style=\"height:32px\" aria-hidden=\"true\" class=\"wp-block-spacer\"><\/div>\n\n\n\n<h3 class=\"wp-block-heading has-superbfont-large-font-size\">3) F\u00fcrd\u0151szoba<\/h3>\n\n\n\n<p style=\"padding-right:var(--wp--preset--spacing--superbspacing-small);padding-left:var(--wp--preset--spacing--superbspacing-small)\"><span class=\"has-superb-addons-text-align-justify\">Tervezz zuhanyz\u00f3val, WC-vel \u00e9s mosd\u00f3val felszerelt f\u00fcrd\u0151szob\u00e1t, strapab\u00edr\u00f3, nedvess\u00e9g\u00e1ll\u00f3 burkolatokkal, p\u00e9ld\u00e1ul csemp\u00e9vel vagy j\u00e1r\u00f3lappal.<\/span><\/p>\n\n\n\n<p style=\"padding-right:var(--wp--preset--spacing--superbspacing-xsmall);padding-left:var(--wp--preset--spacing--superbspacing-xsmall)\">F\u00fcrd\u0151szob\u00e1t t\u00f6bbf\u00e9lek\u00e9ppen lehet kialak\u00edtani:<\/p>\n\n\n\n<ol class=\"wp-block-list\">\n<li style=\"padding-right:var(--wp--preset--spacing--superbspacing-small);padding-left:var(--wp--preset--spacing--superbspacing-small)\" class=\"translation-block\"><strong>Belt\u00e9ri f\u00fcrd\u0151szoba:<\/strong> a vend\u00e9gek luxus \u00e9lm\u00e9ny\u00e9nek r\u00e9sze, k\u00fcl\u00f6n\u00f6sen hideg vagy rossz id\u0151 eset\u00e9n praktikus, hiszen nem kell kimenni a szabadba.<\/li>\n\n\n\n<li style=\"padding-right:var(--wp--preset--spacing--superbspacing-small);padding-left:var(--wp--preset--spacing--superbspacing-small)\" class=\"translation-block\"><strong>Vegyes megold\u00e1s:<\/strong> a WC \u00e9s mosd\u00f3 lehet bent, m\u00edg a zuhanyz\u00f3 a szabadban, \u00edgy a term\u00e9szetet is \u00e9lvezhetik a vend\u00e9gek, de m\u00e9gis k\u00e9nyelmes a haszn\u00e1lat.<\/li>\n\n\n\n<li style=\"padding-right:var(--wp--preset--spacing--superbspacing-small);padding-left:var(--wp--preset--spacing--superbspacing-small)\" class=\"translation-block\"><strong>K\u00fcl\u00f6n\u00e1ll\u00f3, k\u00fclt\u00e9ri vagy k\u00f6z\u00f6s f\u00fcrd\u0151:<\/strong> kisebb d\u00f3mok eset\u00e9n k\u00f6lts\u00e9ghat\u00e9kony megold\u00e1s, de kevesebb priv\u00e1t szf\u00e9r\u00e1t biztos\u00edt.<\/li>\n<\/ol>\n\n\n\n<p style=\"padding-right:var(--wp--preset--spacing--superbspacing-small);padding-left:var(--wp--preset--spacing--superbspacing-small)\"><span class=\"has-superb-addons-text-align-justify\">A f\u00fcrd\u0151szobai szagokat \u00e9s p\u00e1r\u00e1t hat\u00e9kony szell\u0151ztet\u00e9ssel, elsz\u00edv\u00f3ventil\u00e1torral, \u00e9s j\u00f3l megtervezett v\u00edz- \u00e9s szennyv\u00edzrendszerrel kezelj\u00fck, ahogy egy hagyom\u00e1nyos h\u00e1zban is.<\/span><\/p>\n\n\n\n<div style=\"height:32px\" aria-hidden=\"true\" class=\"wp-block-spacer\"><\/div>\n\n\n\n<h3 class=\"wp-block-heading has-superbfont-large-font-size\">Glampex F\u00fcrd\u0151szoba Kabin<\/h3>\n\n\n\n<p style=\"padding-right:var(--wp--preset--spacing--superbspacing-small);padding-left:var(--wp--preset--spacing--superbspacing-small)\"><span class=\"has-superb-addons-text-align-justify\">A Glampex k\u00edn\u00e1lat\u00e1ban el\u00e9rhet\u0151, kifejezetten d\u00f3mjainkhoz tervezett f\u00fcrd\u0151szoba kabin egy kompakt, helytakar\u00e9kos megold\u00e1s, amely t\u00f6k\u00e9letesen illeszkedik a bels\u0151 t\u00e9r ar\u00e1nyaihoz. A kabin k\u00f6nnyen, n\u00e9h\u00e1ny \u00f3r\u00e1n bel\u00fcl \u00f6sszeszerelhet\u0151 \u2013 a r\u00e9szletes \u00fatmutat\u00f3 alapj\u00e1n \u2013, kiv\u00e9ve a v\u00edz- \u00e9s csatornah\u00e1l\u00f3zatra t\u00f6rt\u00e9n\u0151 csatlakoz\u00e1st, amit szakk\u00e9pzett kivitelez\u0151nek kell elv\u00e9geznie.<\/span><\/p>\n\n\n\n<div style=\"height:33px\" aria-hidden=\"true\" class=\"wp-block-spacer\"><\/div>\n\n\n\n<h2 class=\"wp-block-heading has-superbfont-large-font-size\">Fel\u00e9p\u00edt\u00e9s \u00e9s kialak\u00edt\u00e1s<\/h2>\n\n\n\n<p style=\"padding-right:var(--wp--preset--spacing--superbspacing-small);padding-left:var(--wp--preset--spacing--superbspacing-small)\"><span class=\"has-superb-addons-text-align-justify\">A kabin egy \u00e1ll\u00edthat\u00f3 l\u00e1bakkal ell\u00e1tott, v\u00edzelvezet\u0151 peremmel kialak\u00edtott talapzatra \u00e9p\u00fcl, \u00edgy k\u00f6nnyen illeszthet\u0151 b\u00e1rmilyen padl\u00f3zathoz. A bels\u0151 t\u00e9r k\u00e9t k\u00fcl\u00f6n\u00e1ll\u00f3 r\u00e9szre oszlik:<br>\u25cf\tegy zuhanyz\u00f3 r\u00e9szre,<br>\u25cf\tvalamint egy k\u00fcl\u00f6n\u00e1ll\u00f3 helyis\u00e9gre, amely mosd\u00f3val, WC-vel, t\u00fck\u00f6rrel \u00e9s t\u00f6r\u00f6lk\u00f6z\u0151tart\u00f3val van felszerelve.<\/span><\/p>\n\n\n\n<p style=\"padding-right:var(--wp--preset--spacing--superbspacing-small);padding-left:var(--wp--preset--spacing--superbspacing-small)\">A kabint n\u00e9gy fal hat\u00e1rolja:<br>\u25cf\tk\u00e9t csempehat\u00e1s\u00fa oldalfal,<br>\u25cf\tvalamint k\u00e9t edzett tej\u00fcveg fel\u00fclet, amelyek k\u00f6z\u00fcl az egyik egy \u00fcvegb\u0151l k\u00e9sz\u00fclt tol\u00f3ajt\u00f3k\u00e9nt szolg\u00e1l bej\u00e1ratk\u00e9nt.\n A k\u00e9t bels\u0151 t\u00e9r elv\u00e1laszt\u00e1s\u00e1r\u00f3l szint\u00e9n egy \u00fcveg tol\u00f3ajt\u00f3 gondoskodik.<\/p>\n\n\n\n<p style=\"padding-right:var(--wp--preset--spacing--superbspacing-small);padding-left:var(--wp--preset--spacing--superbspacing-small)\"><span class=\"has-superb-addons-text-align-justify\">A fels\u0151 alum\u00ednium tet\u0151elem integr\u00e1lt szagelsz\u00edv\u00f3 ventil\u00e1torral \u00e9s vil\u00e1g\u00edt\u00e1ssal van felszerelve, amelyeket egy falra szerelhet\u0151 kapcsol\u00f3k\u00e9szlet vez\u00e9rel \u2013 k\u00e9nyelmesen el\u00e9rhet\u0151 magass\u00e1gban.<br>The top aluminum roof panel includes an integrated exhaust fan and lighting, operated via a wall-mounted switch at a convenient height.<\/span><\/p>\n\n\n\n<p style=\"padding-right:var(--wp--preset--spacing--superbspacing-small);padding-left:var(--wp--preset--spacing--superbspacing-small)\" class=\"translation-block\"><strong>A kabin tartoz\u00e9kai:<\/strong><br>\n\u25cf\tPorcel\u00e1n WC be\u00e9p\u00edtett \u00f6bl\u00edt\u0151tart\u00e1llyal \u00e9s csatlakoz\u00f3cs\u00f6vekkel<br>\n\n\u25cf\tPorcel\u00e1n mosd\u00f3kagyl\u00f3<br>\n\n\u25cf\tCsaptelep \u00e9s bek\u00f6t\u0151cs\u00f6vek (k\u00f6zvetlen\u00fcl csatlakoztathat\u00f3 a v\u00edzh\u00e1l\u00f3zatra)<br>\n\n\u25cf\tFali t\u00f6r\u00f6lk\u00f6z\u0151tart\u00f3<br>\n\n\u25cf\tFali t\u00fck\u00f6r<br>\n\n\u25cf\tZuhanyfej \u00e9s zuhanycs\u0151<br>\n\n\u25cf\tCsap alatti f\u00fcrd\u0151szobai t\u00e1rol\u00f3szekr\u00e9ny<br>\n\n\u25cf\tFali vez\u00e9rl\u0151panel a vil\u00e1g\u00edt\u00e1s \u00e9s szagelsz\u00edv\u00f3 m\u0171k\u00f6dtet\u00e9s\u00e9re<br><\/p>\n\n\n\n<div style=\"height:73px\" aria-hidden=\"true\" class=\"wp-block-spacer\"><\/div>\n\n\n\n<h2 class=\"wp-block-heading has-superbfont-large-font-size\"><strong>Mi\u00e9rt \u00e9rdemes a Glampex f\u00fcrd\u0151szoba kabint v\u00e1lasztani?<\/strong><\/h2>\n\n\n\n<p style=\"padding-right:var(--wp--preset--spacing--superbspacing-small);padding-left:var(--wp--preset--spacing--superbspacing-small)\"><span class=\"has-superb-addons-text-align-justify\">A kabin megrendel\u00e9se opcion\u00e1lis, de er\u0151sen aj\u00e1nlott azoknak az \u00fcgyfeleknek, akik t\u00f6bb vend\u00e9get szeretn\u00e9nek elsz\u00e1ll\u00e1solni a d\u00f3mban.<br><strong>F\u0151 el\u0151nye:<\/strong> A kabin egy lez\u00e1rt, szagtalan\u00edtott egys\u00e9g, amely jelent\u0151sen n\u00f6veli a k\u00e9nyelmet a d\u00f3mban. Egy egyszer\u0171, elv\u00e1lasztott WC-vel ellent\u00e9tben ez a teljesen z\u00e1rt, szell\u0151ztetett kabin hat\u00e9konyan szab\u00e1lyozza a kellemetlen szagokat \u00e9s hangokat \u2013 ami k\u00fcl\u00f6n\u00f6sen fontos, ha t\u00f6bb ember osztozik a d\u00f3mon.<br><strong>Egy\u00e9b el\u0151ny:<\/strong> A kabin mozgathat\u00f3 \u00e9s k\u00f6nnyen elhelyezhet\u0151, leegyszer\u0171s\u00edtve a d\u00f3m bels\u0151 elrendez\u00e9s\u00e9t, mik\u00f6zben eszt\u00e9tikailag illeszkedik az \u00f6sszk\u00e9phez.<\/span><\/p>\n\n\n\n<div style=\"height:32px\" aria-hidden=\"true\" class=\"wp-block-spacer\"><\/div>\n\n\n\n<h3 class=\"wp-block-heading has-superbfont-large-font-size\">4) H\u00e1l\u00f3szoba<\/h3>\n\n\n\n<p style=\"padding-right:var(--wp--preset--spacing--superbspacing-small);padding-left:var(--wp--preset--spacing--superbspacing-small)\"><span class=\"has-superb-addons-text-align-justify\">K\u00e9nyelmes \u00e1gy, elegend\u0151 t\u00e1rol\u00f3hely (be\u00e9p\u00edtett szekr\u00e9ny vagy \u00e1gynem\u0171tart\u00f3) seg\u00edti vend\u00e9gek pihen\u00e9s\u00e9t. \u00c9rdemes \u00e9jjeli szekr\u00e9nyeket vagy polcokat is elhelyezni.<\/span><\/p>\n\n\n\n<p style=\"padding-right:var(--wp--preset--spacing--superbspacing-small);padding-left:var(--wp--preset--spacing--superbspacing-small)\" class=\"translation-block\">A technikai megold\u00e1sok, mint termoszt\u00e1t, l\u00e9gkondicion\u00e1l\u00f3 vagy vil\u00e1g\u00edt\u00e1s k\u00e9nyelmes vez\u00e9rl\u00e9se plusz komfortot ny\u00fajt.<br>\n\u00c1ltal\u00e1ban a h\u00e1l\u00f3szob\u00e1t a d\u00f3m erk\u00e9lyes r\u00e9sz\u00e9re vagy az emeletre \u00e9rdemes tervezni.<\/p>\n\n\n\n<div style=\"height:32px\" aria-hidden=\"true\" class=\"wp-block-spacer\"><\/div>\n\n\n\n<h3 class=\"wp-block-heading has-superbfont-large-font-size\">5) Nappali r\u00e9sz<\/h3>\n\n\n\n<p style=\"padding-right:var(--wp--preset--spacing--superbspacing-small);padding-left:var(--wp--preset--spacing--superbspacing-small)\"><span class=\"has-superb-addons-text-align-justify\">A vend\u00e9gek pihen\u00e9s\u00e9t egy k\u00e9nyelmes, hangulatos nappali seg\u00edti. Kanap\u00e9k, fotelek, esetleg f\u00f6ld\u00f6n p\u00e1rn\u00e1k, kisebb asztalok alkotj\u00e1k a teret.<\/span><\/p>\n\n\n\n<p style=\"padding-right:var(--wp--preset--spacing--superbspacing-small);padding-left:var(--wp--preset--spacing--superbspacing-small)\"><span class=\"has-superb-addons-text-align-justify\"><br>A nappalit gyakran a h\u00e1l\u00f3val szemben, az erk\u00e9lyes r\u00e9sz fel\u00e9 helyezz\u00fck, hogy a panor\u00e1ma mindk\u00e9t helyis\u00e9gb\u0151l \u00e9lvezhet\u0151 legyen. Kandall\u00f3 elhelyez\u00e9se is n\u00f6veli a hangulatot.<\/span><\/p>\n\n\n\n<div style=\"height:32px\" aria-hidden=\"true\" class=\"wp-block-spacer\"><\/div>\n\n\n\n<h3 class=\"wp-block-heading has-superbfont-large-font-size\">6) T\u00e1rol\u00f3helyek<\/h3>\n\n\n\n<p style=\"padding-right:var(--wp--preset--spacing--superbspacing-small);padding-left:var(--wp--preset--spacing--superbspacing-small)\"><span class=\"has-superb-addons-text-align-justify\">Fontos, hogy a vend\u00e9geknek legyen elegend\u0151 hely\u00fck poggy\u00e1szuk \u00e9s alapvet\u0151 eszk\u00f6zeik, p\u00e9ld\u00e1ul t\u00f6r\u00f6lk\u00f6z\u0151k, \u00e1gynem\u0171, tiszt\u00edt\u00f3szerek t\u00e1rol\u00e1s\u00e1ra.<\/span><\/p>\n\n\n\n<div style=\"height:32px\" aria-hidden=\"true\" class=\"wp-block-spacer\"><\/div>\n\n\n\n<h3 class=\"wp-block-heading has-superbfont-large-font-size\">7) Kl\u00edma \u00e9s f\u0171t\u00e9s<\/h3>\n\n\n\n<p style=\"padding-right:var(--wp--preset--spacing--superbspacing-small);padding-left:var(--wp--preset--spacing--superbspacing-small)\"><span class=\"has-superb-addons-text-align-justify\">Eg\u00e9sz \u00e9vben k\u00e9nyelmes k\u00f6rnyezetet biztos\u00edt a 3,5 kW-os inverteres l\u00e9gkondicion\u00e1l\u00f3, amely h\u0171t \u00e9s f\u0171t is energiatakar\u00e9kosan.<\/span><\/p>\n\n\n\n<div style=\"height:32px\" aria-hidden=\"true\" class=\"wp-block-spacer\"><\/div>\n\n\n\n<h3 class=\"wp-block-heading has-superbfont-large-font-size\">8) Bels\u0151 burkolatok<\/h3>\n\n\n\n<p style=\"padding-right:var(--wp--preset--spacing--superbspacing-small);padding-left:var(--wp--preset--spacing--superbspacing-small)\"><span class=\"has-superb-addons-text-align-justify\">A belt\u00e9ri padl\u00f3 nagyban meghat\u00e1rozza a hangulatot. Legn\u00e9pszer\u0171bb a lamin\u00e1lt vagy lebeg\u0151 padl\u00f3, de v\u00e1laszthat\u00f3 vinyl, sz\u0151nyeg vagy ak\u00e1r pol\u00edrozott beton is. A padl\u00f3 nem r\u00e9sze az alapcsomagnak, \u00edgy szabad a kreativit\u00e1s.<\/span><\/p>\n\n\n\n<div style=\"height:32px\" aria-hidden=\"true\" class=\"wp-block-spacer\"><\/div>\n\n\n\n<h3 class=\"wp-block-heading has-superbfont-large-font-size\">9) Vil\u00e1g\u00edt\u00e1s<\/h3>\n\n\n\n<p style=\"padding-right:var(--wp--preset--spacing--superbspacing-small);padding-left:var(--wp--preset--spacing--superbspacing-small)\"><span class=\"has-superb-addons-text-align-justify\">Javasolt a hangulatvil\u00e1g\u00edt\u00e1s, munkal\u00e1mp\u00e1k (pl. konyha, f\u00fcrd\u0151), valamint dekor\u00e1ci\u00f3s f\u00e9nyek alkalmaz\u00e1sa.<\/span><\/p>\n\n\n\n<p style=\"padding-right:var(--wp--preset--spacing--superbspacing-small);padding-left:var(--wp--preset--spacing--superbspacing-small)\"><span class=\"has-superb-addons-text-align-justify\">Energiahat\u00e9kony LED-ek \u00e9s dimmer kapcsol\u00f3k seg\u00edts\u00e9g\u00e9vel a f\u00e9nyer\u0151 \u00e9s hangulat egyar\u00e1nt szab\u00e1lyozhat\u00f3.<\/span><\/p>\n\n\n\n<div style=\"height:32px\" aria-hidden=\"true\" class=\"wp-block-spacer\"><\/div>\n\n\n\n<h3 class=\"wp-block-heading has-superbfont-large-font-size\">10) Dekor\u00e1ci\u00f3<\/h3>\n\n\n\n<p style=\"padding-right:var(--wp--preset--spacing--superbspacing-small);padding-left:var(--wp--preset--spacing--superbspacing-small)\"><span class=\"has-superb-addons-text-align-justify\">V\u00e1lassz egys\u00e9ges st\u00edlust, sz\u00ednvil\u00e1got, haszn\u00e1lj term\u00e9szetes anyagokat \u2013 fa, k\u0151, fonott textilek \u2013, hogy a bels\u0151 harm\u00f3ni\u00e1ban legyen a k\u00f6rnyezettel.<\/span><\/p>\n\n\n\n<p style=\"padding-right:var(--wp--preset--spacing--superbspacing-small);padding-left:var(--wp--preset--spacing--superbspacing-small)\"><span class=\"has-superb-addons-text-align-justify\">A b\u00fatorok legyenek k\u00e9nyelmesek \u00e9s praktikusak. Sz\u0151nyegek, takar\u00f3k, p\u00e1rn\u00e1k melegs\u00e9get adnak, mik\u00f6zben a t\u00e1rol\u00f3k, polcok, akaszt\u00f3k rendben tartj\u00e1k a teret.<\/span><\/p>\n\n\n\n<div style=\"height:63px\" aria-hidden=\"true\" class=\"wp-block-spacer\"><\/div>\n\n\n\n<div class=\"card\">\n  <h2>K\u00f6vetkez\u0151 l\u00e9p\u00e9sek<\/h2>\n  <p>Folytasd a k\u00f6vetkez\u0151 l\u00e9p\u00e9ssel, vagy l\u00e9pj vissza<\/p>\n  <div class=\"card-buttons\">\n    <a href=\"\/hu\/build-your-dome\/\">El\u0151z\u0151<\/a>\n    <a href=\"\/hu\/building-your-exterior\/\">K\u00f6vetkez\u0151<\/a>\n  <\/div>\n<\/div>","protected":false},"excerpt":{"rendered":"<p>This (we think) is the most important step in creating a unique glamping-style accommodation. This is where you can let your imagination run wild and to express a sense of self in a beautiful interior layout. Considerations for building your interior: Design and construct the internal layout of your Glampex Dome to provide a cosy [&hellip;]<\/p>","protected":false},"author":1,"featured_media":0,"parent":0,"menu_order":0,"comment_status":"closed","ping_status":"closed","template":"wp-custom-template-pages-not-front","meta":{"om_disable_all_campaigns":false,"_monsterinsights_skip_tracking":false,"_monsterinsights_sitenote_active":false,"_monsterinsights_sitenote_note":"","_monsterinsights_sitenote_category":0,"footnotes":""},"class_list":["post-503","page","type-page","status-publish","hentry"],"aioseo_notices":[],"_links":{"self":[{"href":"https:\/\/glampex.hu\/hu\/wp-json\/wp\/v2\/pages\/503","targetHints":{"allow":["GET"]}}],"collection":[{"href":"https:\/\/glampex.hu\/hu\/wp-json\/wp\/v2\/pages"}],"about":[{"href":"https:\/\/glampex.hu\/hu\/wp-json\/wp\/v2\/types\/page"}],"author":[{"embeddable":true,"href":"https:\/\/glampex.hu\/hu\/wp-json\/wp\/v2\/users\/1"}],"replies":[{"embeddable":true,"href":"https:\/\/glampex.hu\/hu\/wp-json\/wp\/v2\/comments?post=503"}],"version-history":[{"count":21,"href":"https:\/\/glampex.hu\/hu\/wp-json\/wp\/v2\/pages\/503\/revisions"}],"predecessor-version":[{"id":1965,"href":"https:\/\/glampex.hu\/hu\/wp-json\/wp\/v2\/pages\/503\/revisions\/1965"}],"wp:attachment":[{"href":"https:\/\/glampex.hu\/hu\/wp-json\/wp\/v2\/media?parent=503"}],"curies":[{"name":"wp","href":"https:\/\/api.w.org\/{rel}","templated":true}]}}