{"id":509,"date":"2025-06-05T20:04:15","date_gmt":"2025-06-05T20:04:15","guid":{"rendered":"https:\/\/glampex.hu\/building-your-exterior\/"},"modified":"2025-10-15T12:57:30","modified_gmt":"2025-10-15T12:57:30","slug":"building-your-exterior","status":"publish","type":"page","link":"https:\/\/glampex.hu\/hu\/building-your-exterior\/","title":{"rendered":"A k\u00fcls\u0151 t\u00e9r megalkot\u00e1sa"},"content":{"rendered":"<div class=\"wp-block-cover force-full-width\"><img loading=\"lazy\" decoding=\"async\" width=\"1024\" height=\"574\" class=\"wp-block-cover__image-background wp-image-1838 size-large\" alt=\"\" src=\"https:\/\/glampex.hu\/wp-content\/uploads\/2025\/07\/WhatsApp-Image-2025-07-26-at-13.10.43_5acfcc46-1024x574.jpg\" data-object-fit=\"cover\" srcset=\"https:\/\/glampex.hu\/wp-content\/uploads\/2025\/07\/WhatsApp-Image-2025-07-26-at-13.10.43_5acfcc46-1024x574.jpg 1024w, https:\/\/glampex.hu\/wp-content\/uploads\/2025\/07\/WhatsApp-Image-2025-07-26-at-13.10.43_5acfcc46-300x168.jpg 300w, https:\/\/glampex.hu\/wp-content\/uploads\/2025\/07\/WhatsApp-Image-2025-07-26-at-13.10.43_5acfcc46-768x430.jpg 768w, https:\/\/glampex.hu\/wp-content\/uploads\/2025\/07\/WhatsApp-Image-2025-07-26-at-13.10.43_5acfcc46-100x56.jpg 100w, https:\/\/glampex.hu\/wp-content\/uploads\/2025\/07\/WhatsApp-Image-2025-07-26-at-13.10.43_5acfcc46-18x10.jpg 18w, https:\/\/glampex.hu\/wp-content\/uploads\/2025\/07\/WhatsApp-Image-2025-07-26-at-13.10.43_5acfcc46.jpg 1280w\" sizes=\"auto, (max-width: 1024px) 100vw, 1024px\" \/><span aria-hidden=\"true\" class=\"wp-block-cover__background has-background-dim\" style=\"background-color:#667266\"><\/span><div class=\"wp-block-cover__inner-container has-global-padding is-layout-constrained wp-block-cover-is-layout-constrained\"><h2 style=\"background-color:#0000004f;\" class=\"has-text-align-center wp-block-post-title has-background\">A k\u00fcls\u0151 t\u00e9r megalkot\u00e1sa<\/h2><\/div><\/div>\n\n\n\n<div style=\"height:33px\" aria-hidden=\"true\" class=\"wp-block-spacer\"><\/div>\n\n\n<h1 class=\"wp-block-post-title has-superbfont-xlarge-font-size\">A k\u00fcls\u0151 t\u00e9r megalkot\u00e1sa<\/h1>\n\n\n<p style=\"padding-right:var(--wp--preset--spacing--superbspacing-small);padding-left:var(--wp--preset--spacing--superbspacing-small)\"><span class=\"has-superb-addons-text-align-justify\">A glamping egyik legnagyobb vonzereje a luxus \u00e9s a term\u00e9szet k\u00f6zels\u00e9g\u00e9nek k\u00fcl\u00f6nleges egyvelege. A vend\u00e9gek \u00e9lm\u00e9ny\u00e9t nemcsak a d\u00f3m belseje adja, hanem az azt k\u00f6r\u00fclvev\u0151 sz\u00e9p kert \u00e9s k\u00fclt\u00e9ri szolg\u00e1ltat\u00e1sok is. Ebben a r\u00e9szben arr\u00f3l besz\u00e9l\u00fcnk, hogyan teheted igaz\u00e1n vonz\u00f3v\u00e1 \u00e9s k\u00e9nyelmess\u00e9 a Glampex d\u00f3m k\u00f6rnyezet\u00e9t, hogy a vend\u00e9gek teljesen \u00e1tadhass\u00e1k magukat a term\u00e9szet \u00e9lvezet\u00e9nek.<\/span><\/p>\n\n\n\n<div style=\"height:32px\" aria-hidden=\"true\" class=\"wp-block-spacer\"><\/div>\n\n\n\n<div class=\"wp-block-group is-vertical is-layout-flex wp-container-core-group-is-layout-fe9cc265 wp-block-group-is-layout-flex\">\n<div class=\"wp-block-group is-vertical is-layout-flex wp-container-core-group-is-layout-c2310d08 wp-block-group-is-layout-flex\">\n<h2 class=\"wp-block-heading has-superbfont-large-font-size\"><strong>Fontos szempontok a k\u00fcls\u0151 t\u00e9r kialak\u00edt\u00e1s\u00e1hoz:<\/strong><\/h2>\n\n\n\n<p class=\"has-border-color has-contrast-dark-border-color\" style=\"border-width:20px\"><span class=\"has-superb-addons-text-align-justify\">Egy j\u00f3l megtervezett kert \u00e9s \u00e1tgondolt k\u00fclt\u00e9ri funkci\u00f3k jelent\u0151sen n\u00f6velik a vend\u00e9g\u00e9lm\u00e9nyt. Ezek nemcsak a d\u00f3m eleganci\u00e1j\u00e1t eg\u00e9sz\u00edtik ki, hanem lehet\u0151s\u00e9get adnak a pihen\u00e9sre, felt\u00f6lt\u0151d\u00e9sre \u00e9s maradand\u00f3 \u00e9lm\u00e9nyek szerz\u00e9s\u00e9re a szabadban, ami a glamping \u00e9lm\u00e9ny esszenci\u00e1ja.<\/span><\/p>\n<\/div>\n<\/div>\n\n\n\n<div style=\"height:32px\" aria-hidden=\"true\" class=\"wp-block-spacer\"><\/div>\n\n\n\n<h3 class=\"wp-block-heading has-superbfont-large-font-size\">1) Kapcsol\u00f3d\u00e1s a term\u00e9szethez<\/h3>\n\n\n\n<p style=\"padding-right:var(--wp--preset--spacing--superbspacing-small);padding-left:var(--wp--preset--spacing--superbspacing-small)\"><span class=\"has-superb-addons-text-align-justify\">A term\u00e9szet k\u00f6zels\u00e9ge az egyik legf\u0151bb ok, ami\u00e9rt sokan v\u00e1lasztj\u00e1k a glampinget. A helyi n\u00f6v\u00e9nyekkel kialak\u00edtott kert \u00e9s term\u00e9szetes s\u00e9t\u00e1nyok seg\u00edtenek, hogy a vend\u00e9gek k\u00f6zelebb ker\u00fcljenek a term\u00e9szethez. Haszn\u00e1lj \u0151shonos n\u00f6v\u00e9nyeket, amelyek illeszkednek a helyi \u00f6kosziszt\u00e9m\u00e1hoz, \u00e9s tervezz k\u00e9nyelmes, h\u00edvogat\u00f3 s\u00e9t\u00e1nyokat, amelyek v\u00e9gigvezetik a vend\u00e9geket a term\u00e9szetes k\u00f6rnyezeten.<\/span><\/p>\n\n\n\n<p style=\"padding-right:var(--wp--preset--spacing--superbspacing-small);padding-left:var(--wp--preset--spacing--superbspacing-small)\"><span class=\"has-superb-addons-text-align-justify\">K\u00e9nyelmes k\u00fclt\u00e9ri pihen\u0151helyek \u2013 p\u00e9ld\u00e1ul egy pad egy \u00e1rnyas fa alatt, egy f\u00fcgg\u0151\u00e1gy egy csendes sarokban vagy napoz\u00f3\u00e1gyak leny\u0171g\u00f6z\u0151 kil\u00e1t\u00e1ssal \u2013 ide\u00e1lis lehet\u0151s\u00e9get k\u00edn\u00e1lnak a kikapcsol\u00f3d\u00e1sra \u00e9s felt\u00f6lt\u0151d\u00e9sre.<\/span><\/p>\n\n\n\n<div style=\"height:33px\" aria-hidden=\"true\" class=\"wp-block-spacer\"><\/div>\n\n\n\n<h3 class=\"wp-block-heading has-superbfont-large-font-size\">2) Kert\u00e9p\u00edt\u00e9s<\/h3>\n\n\n\n<p style=\"padding-right:var(--wp--preset--spacing--superbspacing-small);padding-left:var(--wp--preset--spacing--superbspacing-small)\"><span class=\"has-superb-addons-text-align-justify\">A kert nemcsak eszt\u00e9tikai szerepet t\u00f6lt be, hanem akt\u00edv r\u00e9sze a vend\u00e9g\u00e9lm\u00e9nynek is. Egy gondosan megtervezett kert igazi o\u00e1zis lehet, ahol minden a nyugalmat \u00e9s a term\u00e9szet k\u00f6zels\u00e9g\u00e9t szolg\u00e1lja.<\/span><\/p>\n\n\n\n<div style=\"height:33px\" aria-hidden=\"true\" class=\"wp-block-spacer\"><\/div>\n\n\n\n<h3 class=\"wp-block-heading has-superbfont-large-font-size\">3) Vizes elemek<\/h3>\n\n\n\n<p style=\"padding-right:var(--wp--preset--spacing--superbspacing-small);padding-left:var(--wp--preset--spacing--superbspacing-small)\"><span class=\"has-superb-addons-text-align-justify\">Tavacska, sz\u00f6k\u0151k\u00fat vagy csobog\u00f3 forr\u00e1s k\u00fcl\u00f6nleges hangulatot teremt, mik\u00f6zben a v\u00edz csobog\u00e1sa megnyugtat\u00f3 hat\u00e1s\u00fa. Ezek az elemek vonzz\u00e1k a madarakat \u00e9s lepk\u00e9ket, m\u00e9g \u00e9l\u0151bb\u00e9 t\u00e9ve a k\u00f6rnyezetet.<br><\/span><\/p>\n\n\n\n<p style=\"padding-right:var(--wp--preset--spacing--superbspacing-small);padding-left:var(--wp--preset--spacing--superbspacing-small)\"><span class=\"has-superb-addons-text-align-justify\">Fontos, hogy ezek az elemek biztons\u00e1gosak legyenek, \u00e9s j\u00f3l jel\u00f6lve, hogy elker\u00fclj\u00fck a baleseteket.<\/span><\/p>\n\n\n\n<div style=\"height:33px\" aria-hidden=\"true\" class=\"wp-block-spacer\"><\/div>\n\n\n\n<h3 class=\"wp-block-heading has-superbfont-large-font-size\">4) Kertterv \u00e9s kem\u00e9ny burkolatok<\/h3>\n\n\n\n<p style=\"padding-right:var(--wp--preset--spacing--superbspacing-small);padding-left:var(--wp--preset--spacing--superbspacing-small)\"><span class=\"has-superb-addons-text-align-justify\">A tervez\u00e9s sor\u00e1n vedd figyelembe a telek adotts\u00e1gait \u2013 p\u00e9ld\u00e1ul f\u00e1kat, domborzatot, v\u00edzfel\u00fcleteket vagy k\u00fcl\u00f6nleges kil\u00e1t\u00e1sokat \u2013, \u00e9s ezekhez igaz\u00edtsd a kert kialak\u00edt\u00e1s\u00e1t. Alak\u00edts ki k\u00fcl\u00f6nb\u00f6z\u0151 z\u00f3n\u00e1kat: pihen\u0151helyet, szabadt\u00e9ri f\u0151z\u0151- vagy \u00e9tkez\u0151helyet, term\u00e9szetes s\u00e9t\u00e1nyokat.<\/span><\/p>\n\n\n\n<p style=\"padding-right:var(--wp--preset--spacing--superbspacing-small);padding-left:var(--wp--preset--spacing--superbspacing-small)\"><span class=\"has-superb-addons-text-align-justify\"><br>Az \u0151shonos n\u00f6v\u00e9nyek mellett a kem\u00e9ny burkolatok \u2013 mint a s\u00e9t\u00e1nyok, teraszok vagy t\u0171zrak\u00f3helyek \u2013 adj\u00e1k a t\u00e9r szerkezet\u00e9t \u00e9s praktikuss\u00e1g\u00e1t.<\/span><\/p>\n\n\n\n<p style=\"padding-right:var(--wp--preset--spacing--superbspacing-small);padding-left:var(--wp--preset--spacing--superbspacing-small)\"><span class=\"has-superb-addons-text-align-justify\"><br>Az utak k\u00e9sz\u00fclhetnek faforg\u00e1csb\u00f3l, kavicsb\u00f3l vagy k\u0151lapokb\u00f3l, amik \u00f6sszek\u00f6tik a d\u00f3mot a k\u00fclt\u00e9ri funkci\u00f3kkal, parkol\u00f3val vagy t\u00fara\u00fatvonalakkal. Gondoskodj megfelel\u0151, energiatakar\u00e9kos vil\u00e1g\u00edt\u00e1sr\u00f3l is a biztons\u00e1g \u00e9rdek\u00e9ben.<\/span><\/p>\n\n\n\n<div style=\"height:33px\" aria-hidden=\"true\" class=\"wp-block-spacer\"><\/div>\n\n\n\n<h3 class=\"wp-block-heading has-superbfont-large-font-size\">5) \u00dcltet\u00e9s \u00e9s karbantart\u00e1s<\/h3>\n\n\n\n<p style=\"padding-right:var(--wp--preset--spacing--superbspacing-small);padding-left:var(--wp--preset--spacing--superbspacing-small)\"><span class=\"has-superb-addons-text-align-justify\">A n\u00f6v\u00e9nyek telep\u00edt\u00e9se ut\u00e1n j\u00f6n a rendszeres gondoz\u00e1s: ny\u00edr\u00e1s, lehullott levelek elt\u00e1vol\u00edt\u00e1sa, utak tiszt\u00e1n tart\u00e1sa, v\u00edzes\u00e9sek ellen\u0151rz\u00e9se. Az \u0151shonos n\u00f6v\u00e9nyek kev\u00e9sb\u00e9 ig\u00e9nyelnek \u00e1lland\u00f3 t\u00f6r\u0151d\u00e9st, \u00edgy k\u00f6nnyebb fenntartani a kert sz\u00e9ps\u00e9g\u00e9t.<\/span><\/p>\n\n\n\n<div style=\"height:33px\" aria-hidden=\"true\" class=\"wp-block-spacer\"><\/div>\n\n\n\n<h3 class=\"wp-block-heading has-superbfont-large-font-size\">6) K\u00fclt\u00e9ri \u00e9lett\u00e9r kialak\u00edt\u00e1sa<\/h3>\n\n\n\n<p style=\"padding-right:var(--wp--preset--spacing--superbspacing-small);padding-left:var(--wp--preset--spacing--superbspacing-small)\"><span class=\"has-superb-addons-text-align-justify\">A k\u00fclt\u00e9ri nappali vagy \u00e9tkez\u0151 a val\u00f3di glamping \u00e9lm\u00e9ny kulcsa. Ezek az \u201eextra \u00e9letterek\u201d k\u00e9nyelmes, id\u0151j\u00e1r\u00e1s\u00e1ll\u00f3 b\u00fatorokkal, k\u00fclt\u00e9ri sz\u0151nyegekkel \u00e9s p\u00e1rn\u00e1kkal berendezve olyan helyek, ahol a vend\u00e9gek a csillagos \u00e9g alatt pihenhetnek, besz\u00e9lgethetnek vagy vacsor\u00e1zhatnak.<\/span><\/p>\n\n\n\n<p style=\"padding-right:var(--wp--preset--spacing--superbspacing-small);padding-left:var(--wp--preset--spacing--superbspacing-small)\"><span class=\"has-superb-addons-text-align-justify\"><br>Egy j\u00f3l felszerelt grillez\u0151hely k\u00e9nyelmes \u00fcl\u0151helyekkel \u00e9s el\u0151k\u00e9sz\u00edt\u0151 fel\u00fclettel igazi pluszt ad. Ha m\u00e9g exkluz\u00edvabb \u00e9lm\u00e9nyt szeretn\u00e9l, k\u00fclt\u00e9ri f\u00fcrd\u0151k\u00e1d vagy zuhanyz\u00f3 is ker\u00fclhet ide, ami k\u00fcl\u00f6nleges \u00e9lm\u00e9nyt ny\u00fajt.<\/span><\/p>\n\n\n\n<div style=\"height:33px\" aria-hidden=\"true\" class=\"wp-block-spacer\"><\/div>\n\n\n\n<h3 class=\"wp-block-heading has-superbfont-large-font-size\">7) K\u00fclt\u00e9ri vil\u00e1g\u00edt\u00e1s<\/h3>\n\n\n\n<p style=\"padding-right:var(--wp--preset--spacing--superbspacing-small);padding-left:var(--wp--preset--spacing--superbspacing-small)\"><span class=\"has-superb-addons-text-align-justify\">A k\u00fclt\u00e9ri vil\u00e1g\u00edt\u00e1s biztos\u00edtja a biztons\u00e1got \u00e9s megteremti a hangulatot. Az utak ment\u00e9n elhelyezett l\u00e1mp\u00e1k seg\u00edtik a t\u00e1j\u00e9koz\u00f3d\u00e1st, m\u00edg a f\u00e9nyf\u00fcz\u00e9rek, napelemes l\u00e1mp\u00e1k vagy a t\u0171zrak\u00f3hely f\u00e9nye var\u00e1zslatos l\u00e9gk\u00f6rt teremtenek.<\/span><\/p>\n\n\n\n<div style=\"height:33px\" aria-hidden=\"true\" class=\"wp-block-spacer\"><\/div>\n\n\n\n<h3 class=\"wp-block-heading has-superbfont-large-font-size\">8) Jakuzzi \u00e9s egy\u00e9b luxus kieg\u00e9sz\u00edt\u0151k<\/h3>\n\n\n\n<p style=\"padding-right:var(--wp--preset--spacing--superbspacing-small);padding-left:var(--wp--preset--spacing--superbspacing-small)\"><span class=\"has-superb-addons-text-align-justify\">A jakuzzi vagy k\u00fclt\u00e9ri j\u00f3gasz\u0151nyeg, hinta, szauna, mer\u00fcl\u0151 medence, szabadt\u00e9ri mozihelysz\u00edn vagy ak\u00e1r t\u0171zrak\u00f3hely k\u00fcl\u00f6nleges \u00e9lm\u00e9nyt ad, amit a hagyom\u00e1nyos sz\u00e1ll\u00e1sok nem k\u00edn\u00e1lnak.<\/span><\/p>\n\n\n\n<p style=\"padding-right:var(--wp--preset--spacing--superbspacing-small);padding-left:var(--wp--preset--spacing--superbspacing-small)\"><span class=\"has-superb-addons-text-align-justify\">Ezek a pluszok emelik a Glampex d\u00f3mok sz\u00ednvonal\u00e1t \u00e9s felejthetetlenn\u00e9 teszik a vend\u00e9gek tart\u00f3zkod\u00e1s\u00e1t.<\/span><\/p>\n\n\n\n<div style=\"height:50px\" aria-hidden=\"true\" class=\"wp-block-spacer\"><\/div>\n\n\n\n<div class=\"card\">\n  <h2>K\u00f6vetkez\u0151 l\u00e9p\u00e9sek<\/h2>\n  <p>Folytasd a k\u00f6vetkez\u0151 l\u00e9p\u00e9ssel, vagy l\u00e9pj vissza<\/p>\n  <div class=\"card-buttons\">\n    <a href=\"\/hu\/build-your-interior\/\">El\u0151z\u0151<\/a>\n  <\/div>\n<\/div>","protected":false},"excerpt":{"rendered":"<p>One of the biggest attractions of glamping is the unique blend of luxury and closeness to nature. The guest experience is shaped not only by the interior of the dome, but also by the surrounding beautiful garden and outdoor amenities. In this section, we discuss how to make the Glampex dome\u2019s surroundings truly inviting and [&hellip;]<\/p>","protected":false},"author":1,"featured_media":0,"parent":0,"menu_order":0,"comment_status":"closed","ping_status":"closed","template":"wp-custom-template-pages-not-front","meta":{"om_disable_all_campaigns":false,"_monsterinsights_skip_tracking":false,"_monsterinsights_sitenote_active":false,"_monsterinsights_sitenote_note":"","_monsterinsights_sitenote_category":0,"footnotes":""},"class_list":["post-509","page","type-page","status-publish","hentry"],"aioseo_notices":[],"_links":{"self":[{"href":"https:\/\/glampex.hu\/hu\/wp-json\/wp\/v2\/pages\/509","targetHints":{"allow":["GET"]}}],"collection":[{"href":"https:\/\/glampex.hu\/hu\/wp-json\/wp\/v2\/pages"}],"about":[{"href":"https:\/\/glampex.hu\/hu\/wp-json\/wp\/v2\/types\/page"}],"author":[{"embeddable":true,"href":"https:\/\/glampex.hu\/hu\/wp-json\/wp\/v2\/users\/1"}],"replies":[{"embeddable":true,"href":"https:\/\/glampex.hu\/hu\/wp-json\/wp\/v2\/comments?post=509"}],"version-history":[{"count":10,"href":"https:\/\/glampex.hu\/hu\/wp-json\/wp\/v2\/pages\/509\/revisions"}],"predecessor-version":[{"id":1967,"href":"https:\/\/glampex.hu\/hu\/wp-json\/wp\/v2\/pages\/509\/revisions\/1967"}],"wp:attachment":[{"href":"https:\/\/glampex.hu\/hu\/wp-json\/wp\/v2\/media?parent=509"}],"curies":[{"name":"wp","href":"https:\/\/api.w.org\/{rel}","templated":true}]}}