{"id":59,"date":"2025-05-23T21:09:35","date_gmt":"2025-05-23T21:09:35","guid":{"rendered":"https:\/\/glampex.hu\/?page_id=59"},"modified":"2025-10-15T13:35:38","modified_gmt":"2025-10-15T13:35:38","slug":"quotation","status":"publish","type":"page","link":"https:\/\/glampex.hu\/hu\/quotation\/","title":{"rendered":"\u00c1ll\u00edtsd \u00f6ssze saj\u00e1t Glampex d\u00f3modat"},"content":{"rendered":"<h2 style=\"padding-top:var(--wp--preset--spacing--superbspacing-large);padding-bottom:var(--wp--preset--spacing--superbspacing-large);margin-top:var(--wp--preset--spacing--superbspacing-xxlarge);\" class=\"wp-block-post-title\">\u00c1ll\u00edtsd \u00f6ssze saj\u00e1t Glampex d\u00f3modat<\/h2>\n\n\n<p class=\"has-border-color has-contrast-dark-border-color has-fontprimary-font-family\" style=\"border-width:20px;margin-top:0;margin-right:0;margin-bottom:0;margin-left:0\">\u00c1ll\u00edtsd \u00f6ssze \u00e1lmaid d\u00f3mj\u00e1t \u00f6t l\u00e9p\u00e9sben \u00e9s k\u00e9rj azonnal \u00e1raj\u00e1nlatot! A felt\u00fcntetett \u00e1rak az \u00c1FA-t nem tartalmazz\u00e1k.<\/p>\n\n\n\n<p class=\"has-border-color has-contrast-dark-border-color\" style=\"border-width:20px;margin-top:0;margin-right:0;margin-bottom:0;margin-left:0\">A m\u00e9retv\u00e1laszt\u00e1sn\u00e1l (els\u0151 l\u00e9p\u00e9s) felt\u0171ntetett \u00e1rak csak a v\u00e1zat, a k\u00fcls\u0151 ponyv\u00e1t, a szigetel\u00e9st \u00e9s a bej\u00e1rati ajt\u00f3t tartalmazz\u00e1k.<\/p>\n\n\n<form id=\"forminator-module-1519\" class=\"forminator-custom-form forminator-custom-form-1519\" method=\"post\" data-forminator-render=\"0\" data-uid=\"69ff7145e8bbb\" action=\"\"><div role=\"alert\" aria-live=\"polite\" class=\"forminator-response-message forminator-error\" aria-hidden=\"true\"><\/div><input type=\"hidden\" name=\"trp-form-language\" value=\"hu\"\/><\/form>\n\n\n\n<p style=\"padding-right:var(--wp--preset--spacing--superbspacing-small);padding-left:var(--wp--preset--spacing--superbspacing-small)\">Az \u00e1rkalkul\u00e1ci\u00f3 automatikusan k\u00e9sz\u00fcl, de a v\u00e9gleges r\u00e9szleteket \u2013 mint a sz\u00e1ll\u00edt\u00e1si id\u0151, fizet\u00e9si felt\u00e9telek \u00e9s opcion\u00e1lis szolg\u00e1ltat\u00e1sok d\u00edja \u2013 koll\u00e9g\u00e1nk e-mailben er\u0151s\u00edti meg a szem\u00e9lyes egyeztet\u00e9st k\u00f6vet\u0151en.<\/p>\n\n\n\n<p style=\"padding-right:var(--wp--preset--spacing--superbspacing-small);padding-left:var(--wp--preset--spacing--superbspacing-small)\"><br><strong>A megrendel\u00e9s v\u00e9gleges\u00edt\u00e9s\u00e9hez els\u0151sorban telefonos egyeztet\u00e9st k\u00e9r\u00fcnk, mivel minden telep\u00edt\u00e9si helysz\u00edn egyedi, \u00e9s a r\u00e9szletek gyorsabban, pontosabban tiszt\u00e1zhat\u00f3k sz\u00f3ban.<\/strong><\/p>\n\n\n\n<p style=\"padding-right:var(--wp--preset--spacing--superbspacing-small);padding-left:var(--wp--preset--spacing--superbspacing-small)\"><br><strong>K\u00e9rj\u00fck, a le\u00edr\u00e1s mez\u0151ben jelezd, hogy mikor tudunk el\u00e9rni telefonon.<\/strong><\/p>","protected":false},"excerpt":{"rendered":"<p>Use our easy-to use customer friendly Shop to build the Dome of your dreams, and immediately know the price. The prices exclude VAT. The price you see at the first step, includes the frame, the outer cover, the insulation and the entrance door. The pricing is calculated automatically, but final details \u2014 such as delivery [&hellip;]<\/p>","protected":false},"author":1,"featured_media":0,"parent":0,"menu_order":0,"comment_status":"closed","ping_status":"closed","template":"wp-custom-template-pages-not-front","meta":{"om_disable_all_campaigns":false,"_monsterinsights_skip_tracking":false,"_monsterinsights_sitenote_active":false,"_monsterinsights_sitenote_note":"","_monsterinsights_sitenote_category":0,"footnotes":""},"class_list":["post-59","page","type-page","status-publish","hentry"],"aioseo_notices":[],"_links":{"self":[{"href":"https:\/\/glampex.hu\/hu\/wp-json\/wp\/v2\/pages\/59","targetHints":{"allow":["GET"]}}],"collection":[{"href":"https:\/\/glampex.hu\/hu\/wp-json\/wp\/v2\/pages"}],"about":[{"href":"https:\/\/glampex.hu\/hu\/wp-json\/wp\/v2\/types\/page"}],"author":[{"embeddable":true,"href":"https:\/\/glampex.hu\/hu\/wp-json\/wp\/v2\/users\/1"}],"replies":[{"embeddable":true,"href":"https:\/\/glampex.hu\/hu\/wp-json\/wp\/v2\/comments?post=59"}],"version-history":[{"count":25,"href":"https:\/\/glampex.hu\/hu\/wp-json\/wp\/v2\/pages\/59\/revisions"}],"predecessor-version":[{"id":1982,"href":"https:\/\/glampex.hu\/hu\/wp-json\/wp\/v2\/pages\/59\/revisions\/1982"}],"wp:attachment":[{"href":"https:\/\/glampex.hu\/hu\/wp-json\/wp\/v2\/media?parent=59"}],"curies":[{"name":"wp","href":"https:\/\/api.w.org\/{rel}","templated":true}]}}