{"id":646,"date":"2025-06-09T11:12:44","date_gmt":"2025-06-09T11:12:44","guid":{"rendered":"https:\/\/glampex.hu\/?page_id=646"},"modified":"2025-07-14T16:03:10","modified_gmt":"2025-07-14T16:03:10","slug":"diy","status":"publish","type":"page","link":"https:\/\/glampex.hu\/hu\/diy\/","title":{"rendered":"Tud\u00e1st\u00e1r"},"content":{"rendered":"<div class=\"wp-block-cover alignfull force-full-width\"><img loading=\"lazy\" decoding=\"async\" width=\"2560\" height=\"1707\" class=\"wp-block-cover__image-background wp-image-946 size-full\" alt=\"dome sunny M10\" src=\"https:\/\/glampex.hu\/wp-content\/uploads\/2025\/06\/DJI_0073-scaled.jpg\" style=\"object-position:48% 92%\" data-object-fit=\"cover\" data-object-position=\"48% 92%\" srcset=\"https:\/\/glampex.hu\/wp-content\/uploads\/2025\/06\/DJI_0073-scaled.jpg 2560w, https:\/\/glampex.hu\/wp-content\/uploads\/2025\/06\/DJI_0073-300x200.jpg 300w, https:\/\/glampex.hu\/wp-content\/uploads\/2025\/06\/DJI_0073-1024x683.jpg 1024w, https:\/\/glampex.hu\/wp-content\/uploads\/2025\/06\/DJI_0073-768x512.jpg 768w, https:\/\/glampex.hu\/wp-content\/uploads\/2025\/06\/DJI_0073-1536x1024.jpg 1536w, https:\/\/glampex.hu\/wp-content\/uploads\/2025\/06\/DJI_0073-2048x1365.jpg 2048w, https:\/\/glampex.hu\/wp-content\/uploads\/2025\/06\/DJI_0073-18x12.jpg 18w\" sizes=\"auto, (max-width: 2560px) 100vw, 2560px\" \/><span aria-hidden=\"true\" class=\"wp-block-cover__background has-background-dim\" style=\"background-color:#797e81\"><\/span><div class=\"wp-block-cover__inner-container has-global-padding is-layout-constrained wp-block-cover-is-layout-constrained\">\n<div class=\"wp-block-group is-vertical is-content-justification-center is-layout-flex wp-container-core-group-is-layout-2f3f8f86 wp-block-group-is-layout-flex\">\n<p class=\"has-text-align-center\" style=\"font-size:clamp(36.518px, 2.282rem + ((1vw - 3.2px) * 3.464), 67px);\">Tud\u00e1st\u00e1r<\/p>\n\n\n\n<p class=\"has-text-align-center\" style=\"font-size:clamp(14.082px, 0.88rem + ((1vw - 3.2px) * 0.786), 21px);\">Ismerj meg r\u00e9szletes inform\u00e1ci\u00f3kat a pr\u00e9mium glamping kupol\u00e1kr\u00f3l, hasznos bark\u00e1cs\u00fatmutat\u00f3kat, m\u00e9ret\u00f6sszehasonl\u00edt\u00e1sokat \u00e9s \u00e9rt\u00e9kes partneri lehet\u0151s\u00e9geket. Mer\u00fclj el a fenntarthat\u00f3 luxussz\u00e1ll\u00e1sok vil\u00e1g\u00e1ban, \u00e9s tudd meg, hogyan alak\u00edthatod ki a saj\u00e1t, egyedi pihen\u0151helyedet.<\/p>\n<\/div>\n<\/div><\/div>\n\n\n\n<div class=\"wp-block-group is-layout-grid wp-container-core-group-is-layout-478b6e6b wp-block-group-is-layout-grid\">\n<div class=\"wp-block-group wp-container-content-e29552f7 is-vertical is-content-justification-center is-layout-flex wp-container-core-group-is-layout-ce155fab wp-block-group-is-layout-flex\">\n<h2 class=\"wp-block-heading has-text-align-center has-superbfont-xlarge-font-size wp-container-content-e29552f7\">GYIK<\/h2>\n\n\n\n<p>Gyakran ism\u00e9telt k\u00e9rd\u00e9sek<\/p>\n\n\n\n<figure class=\"wp-block-image size-full is-resized wp-duotone-purple-green\"><img loading=\"lazy\" decoding=\"async\" width=\"612\" height=\"612\" src=\"https:\/\/glampex.hu\/wp-content\/uploads\/2025\/05\/sample-pic-1.jpg\" alt=\"\" class=\"wp-image-17\" style=\"width:183px;height:auto\" srcset=\"https:\/\/glampex.hu\/wp-content\/uploads\/2025\/05\/sample-pic-1.jpg 612w, https:\/\/glampex.hu\/wp-content\/uploads\/2025\/05\/sample-pic-1-300x300.jpg 300w, https:\/\/glampex.hu\/wp-content\/uploads\/2025\/05\/sample-pic-1-150x150.jpg 150w\" sizes=\"auto, (max-width: 612px) 100vw, 612px\" \/><\/figure>\n\n\n\n<div class=\"wp-block-buttons is-layout-flex wp-block-buttons-is-layout-flex\">\n<div class=\"wp-block-button\"><a class=\"wp-block-button__link wp-element-button\" href=\"https:\/\/glampex.hu\/hu\/gyik\/\">Click here<\/a><\/div>\n<\/div>\n<\/div>\n\n\n\n<div class=\"wp-block-group wp-container-content-e29552f7 is-vertical is-content-justification-center is-layout-flex wp-container-core-group-is-layout-ce155fab wp-block-group-is-layout-flex\">\n<h2 class=\"wp-block-heading has-text-align-center has-superbfont-xlarge-font-size wp-container-content-e29552f7\">Blog<\/h2>\n\n\n\n<p class=\"wp-container-content-69bc4bdf\">N\u00e9zd meg a blogunkat!<\/p>\n\n\n\n<figure class=\"wp-block-image size-full is-resized wp-duotone-purple-green\"><img loading=\"lazy\" decoding=\"async\" width=\"612\" height=\"612\" src=\"https:\/\/glampex.hu\/wp-content\/uploads\/2025\/05\/sample-pic-1.jpg\" alt=\"\" class=\"wp-image-17\" style=\"width:183px;height:auto\" srcset=\"https:\/\/glampex.hu\/wp-content\/uploads\/2025\/05\/sample-pic-1.jpg 612w, https:\/\/glampex.hu\/wp-content\/uploads\/2025\/05\/sample-pic-1-300x300.jpg 300w, https:\/\/glampex.hu\/wp-content\/uploads\/2025\/05\/sample-pic-1-150x150.jpg 150w\" sizes=\"auto, (max-width: 612px) 100vw, 612px\" \/><\/figure>\n\n\n\n<div class=\"wp-block-buttons is-layout-flex wp-block-buttons-is-layout-flex\">\n<div class=\"wp-block-button\"><a class=\"wp-block-button__link wp-element-button\" href=\"https:\/\/glampex.hu\/hu\/blog\/\">Click here<\/a><\/div>\n<\/div>\n<\/div>\n<\/div>\n\n\n\n<div class=\"wp-block-group is-layout-grid wp-container-core-group-is-layout-478b6e6b wp-block-group-is-layout-grid\">\n<div class=\"wp-block-group wp-container-content-e29552f7 is-vertical is-content-justification-center is-layout-flex wp-container-core-group-is-layout-ce155fab wp-block-group-is-layout-flex\">\n<h2 class=\"wp-block-heading has-text-align-center has-superbfont-xlarge-font-size wp-container-content-e29552f7\">D\u00f3mfel\u00e1ll\u00edt\u00e1s L\u00e9p\u00e9sr\u0151l L\u00e9p\u00e9sre<\/h2>\n\n\n\n<p>\u00cdgy \u00e9p\u00fcl a d\u00f3mod<\/p>\n\n\n\n<figure class=\"wp-block-image size-full is-resized wp-duotone-purple-green\"><img loading=\"lazy\" decoding=\"async\" width=\"612\" height=\"612\" src=\"https:\/\/glampex.hu\/wp-content\/uploads\/2025\/05\/sample-pic-1.jpg\" alt=\"\" class=\"wp-image-17\" style=\"width:186px;height:auto\" srcset=\"https:\/\/glampex.hu\/wp-content\/uploads\/2025\/05\/sample-pic-1.jpg 612w, https:\/\/glampex.hu\/wp-content\/uploads\/2025\/05\/sample-pic-1-300x300.jpg 300w, https:\/\/glampex.hu\/wp-content\/uploads\/2025\/05\/sample-pic-1-150x150.jpg 150w\" sizes=\"auto, (max-width: 612px) 100vw, 612px\" \/><\/figure>\n\n\n\n<div class=\"wp-block-buttons is-layout-flex wp-block-buttons-is-layout-flex\">\n<div class=\"wp-block-button\"><a class=\"wp-block-button__link wp-element-button\" href=\"https:\/\/glampex.hu\/hu\/build-your-dome\/\">Click here<\/a><\/div>\n<\/div>\n<\/div>\n\n\n\n<div class=\"wp-block-group wp-container-content-e29552f7 is-vertical is-content-justification-center is-layout-flex wp-container-core-group-is-layout-ce155fab wp-block-group-is-layout-flex\">\n<h2 class=\"wp-block-heading has-text-align-center has-superbfont-xlarge-font-size wp-container-content-e29552f7\">DIY projekt<\/h2>\n\n\n\n<p>\u00c9p\u00edtsd meg saj\u00e1t glamping helysz\u00ednedet a Glampex-szel!<\/p>\n\n\n\n<figure class=\"wp-block-image size-full is-resized wp-duotone-purple-green\"><img loading=\"lazy\" decoding=\"async\" width=\"612\" height=\"612\" src=\"https:\/\/glampex.hu\/wp-content\/uploads\/2025\/05\/sample-pic-1.jpg\" alt=\"\" class=\"wp-image-17\" style=\"width:183px;height:auto\" srcset=\"https:\/\/glampex.hu\/wp-content\/uploads\/2025\/05\/sample-pic-1.jpg 612w, https:\/\/glampex.hu\/wp-content\/uploads\/2025\/05\/sample-pic-1-300x300.jpg 300w, https:\/\/glampex.hu\/wp-content\/uploads\/2025\/05\/sample-pic-1-150x150.jpg 150w\" sizes=\"auto, (max-width: 612px) 100vw, 612px\" \/><\/figure>\n\n\n\n<div class=\"wp-block-buttons is-layout-flex wp-block-buttons-is-layout-flex\">\n<div class=\"wp-block-button\"><a class=\"wp-block-button__link wp-element-button\" href=\"https:\/\/glampex.hu\/hu\/diy-project\/\">Click here<\/a><\/div>\n<\/div>\n<\/div>\n<\/div>\n\n\n\n<div class=\"wp-block-group alignwide is-content-justification-center is-nowrap is-layout-flex wp-container-core-group-is-layout-23441af8 wp-block-group-is-layout-flex\">\n<figure class=\"wp-block-image size-full is-resized\"><img loading=\"lazy\" decoding=\"async\" width=\"612\" height=\"612\" src=\"https:\/\/glampex.hu\/wp-content\/uploads\/2025\/05\/sample-pic-edited.jpg\" alt=\"\" class=\"wp-image-189\" style=\"width:612px;height:auto\" srcset=\"https:\/\/glampex.hu\/wp-content\/uploads\/2025\/05\/sample-pic-edited.jpg 612w, https:\/\/glampex.hu\/wp-content\/uploads\/2025\/05\/sample-pic-edited-300x300.jpg 300w, https:\/\/glampex.hu\/wp-content\/uploads\/2025\/05\/sample-pic-edited-150x150.jpg 150w\" sizes=\"auto, (max-width: 612px) 100vw, 612px\" \/><figcaption class=\"wp-element-caption\">Sample ink rubber stamp isolated on white background<\/figcaption><\/figure>\n\n\n\n<div class=\"forminator-guttenberg\"><div class=\"forminator-ui forminator-custom-form forminator-custom-form-497 forminator-design--material  forminator_ajax\" data-forminator-render=\"0\" data-form=\"forminator-module-497\" data-uid=\"69ff7151a5f8d\"><br\/><\/div><form\n\t\t\t\tid=\"forminator-module-497\"\n\t\t\t\tclass=\"forminator-ui forminator-custom-form forminator-custom-form-497 forminator-design--material  forminator_ajax\"\n\t\t\t\tmethod=\"post\"\n\t\t\t\tdata-forminator-render=\"0\"\n\t\t\t\tdata-form-id=\"497\"\n\t\t\t\t data-color-option=\"theme\" data-design=\"material\" data-grid=\"open\" style=\"display: none;\"\n\t\t\t\tdata-uid=\"69ff7151a5f8d\" action=\"\"\n\t\t\t><div role=\"alert\" aria-live=\"polite\" class=\"forminator-response-message forminator-error\" aria-hidden=\"true\"><\/div><div class=\"forminator-row\"><div id=\"section-1\" class=\"forminator-field-section forminator-col forminator-col-12\"><div class=\"forminator-field\"><h2 class=\"forminator-title\">\ud83c\udf3f K\u00e9rdezz minket k\u00f6zvetlen\u00fcl<\/h2><h3 class=\"forminator-subtitle\">*:sz\u00fcks\u00e9ges mez\u0151<\/h3><\/div><\/div><\/div><div class=\"forminator-row\"><div id=\"name-1\" class=\"forminator-field-name forminator-col forminator-col-12\"><div class=\"forminator-field\"><label for=\"forminator-field-name-1_69ff7151a5f8d\" id=\"forminator-field-name-1_69ff7151a5f8d-label\" class=\"forminator-label\">Keresztn\u00e9v <span class=\"forminator-required\">*<\/span><\/label><input type=\"text\" name=\"name-1\" value=\"\" placeholder=\"\" id=\"forminator-field-name-1_69ff7151a5f8d\" class=\"forminator-input forminator-name--field\" aria-required=\"true\" autocomplete=\"name\" \/><\/div><\/div><\/div><div class=\"forminator-row\"><div id=\"email-1\" class=\"forminator-field-email forminator-col forminator-col-12\"><div class=\"forminator-field\"><label for=\"forminator-field-email-1_69ff7151a5f8d\" id=\"forminator-field-email-1_69ff7151a5f8d-label\" class=\"forminator-label\">Email c\u00edm <span class=\"forminator-required\">*<\/span><\/label><input type=\"email\" name=\"email-1\" value=\"\" placeholder=\"\" id=\"forminator-field-email-1_69ff7151a5f8d\" class=\"forminator-input forminator-email--field\" data-required=\"true\" aria-required=\"true\" autocomplete=\"email\" \/><\/div><\/div><\/div><div class=\"forminator-row\"><div id=\"textarea-1\" class=\"forminator-field-textarea forminator-col forminator-col-12\"><div class=\"forminator-field\"><label for=\"forminator-field-textarea-1_69ff7151a5f8d\" id=\"forminator-field-textarea-1_69ff7151a5f8d-label\" class=\"forminator-label\">\u00cdrjon b\u00e1rmit <span class=\"forminator-required\">*<\/span><\/label><textarea name=\"textarea-1\" placeholder=\"\" id=\"forminator-field-textarea-1_69ff7151a5f8d\" class=\"forminator-textarea\" rows=\"6\" style=\"--forminator-textarea-min-height:140px;\" ><\/textarea><\/div><\/div><\/div><input type=\"hidden\" name=\"referer_url\" value=\"\" \/><div class=\"forminator-row forminator-row-last\"><div class=\"forminator-col\"><div class=\"forminator-field\"><button class=\"forminator-button forminator-button-submit\"><span>K\u00fcld\u00e9s<\/span><span aria-hidden=\"true\"><\/span><\/button><\/div><\/div><\/div><input type=\"hidden\" id=\"forminator_nonce\" name=\"forminator_nonce\" value=\"7a8b11140e\" \/><input type=\"hidden\" name=\"_wp_http_referer\" value=\"\/hu\/wp-json\/wp\/v2\/pages\/646\" \/><input type=\"hidden\" name=\"form_id\" value=\"497\"><input type=\"hidden\" name=\"page_id\" value=\"646\"><input type=\"hidden\" name=\"form_type\" value=\"default\"><input type=\"hidden\" name=\"current_url\" value=\"https:\/\/glampex.hu\/hu\/diy\/\"><input type=\"hidden\" name=\"render_id\" value=\"0\"><input type=\"hidden\" name=\"action\" value=\"forminator_submit_form_custom-forms\"><input type=\"hidden\" name=\"trp-form-language\" value=\"hu\"\/><\/form><\/div>\n<\/div>","protected":false},"excerpt":{"rendered":"<p>FaQ Our answers for frequently asked questions Blog Check out our blog! Build your Dome Check out our guide on how to build your dome DIY the whole project Build Your Own Glampex Glamping Site!<\/p>","protected":false},"author":1,"featured_media":0,"parent":0,"menu_order":0,"comment_status":"closed","ping_status":"closed","template":"wp-custom-template-pages-not-front","meta":{"om_disable_all_campaigns":false,"_monsterinsights_skip_tracking":false,"_monsterinsights_sitenote_active":false,"_monsterinsights_sitenote_note":"","_monsterinsights_sitenote_category":0,"footnotes":""},"class_list":["post-646","page","type-page","status-publish","hentry"],"aioseo_notices":[],"_links":{"self":[{"href":"https:\/\/glampex.hu\/hu\/wp-json\/wp\/v2\/pages\/646","targetHints":{"allow":["GET"]}}],"collection":[{"href":"https:\/\/glampex.hu\/hu\/wp-json\/wp\/v2\/pages"}],"about":[{"href":"https:\/\/glampex.hu\/hu\/wp-json\/wp\/v2\/types\/page"}],"author":[{"embeddable":true,"href":"https:\/\/glampex.hu\/hu\/wp-json\/wp\/v2\/users\/1"}],"replies":[{"embeddable":true,"href":"https:\/\/glampex.hu\/hu\/wp-json\/wp\/v2\/comments?post=646"}],"version-history":[{"count":14,"href":"https:\/\/glampex.hu\/hu\/wp-json\/wp\/v2\/pages\/646\/revisions"}],"predecessor-version":[{"id":1482,"href":"https:\/\/glampex.hu\/hu\/wp-json\/wp\/v2\/pages\/646\/revisions\/1482"}],"wp:attachment":[{"href":"https:\/\/glampex.hu\/hu\/wp-json\/wp\/v2\/media?parent=646"}],"curies":[{"name":"wp","href":"https:\/\/api.w.org\/{rel}","templated":true}]}}