{"id":738,"date":"2025-06-14T05:19:32","date_gmt":"2025-06-14T05:19:32","guid":{"rendered":"https:\/\/glampex.hu\/?page_id=738"},"modified":"2025-07-25T17:59:01","modified_gmt":"2025-07-25T17:59:01","slug":"privacy-policy-2","status":"publish","type":"page","link":"https:\/\/glampex.hu\/hu\/privacy-policy-2\/","title":{"rendered":"Adatkezel\u00e9si T\u00e1j\u00e9koztat\u00f3"},"content":{"rendered":"<h2 class=\"wp-block-heading has-superbfont-xlarge-font-size\" style=\"margin-top:0;margin-bottom:0;padding-top:var(--wp--preset--spacing--superbspacing-medium);padding-bottom:var(--wp--preset--spacing--superbspacing-medium)\">GLAMPEX KFT<\/h2>\n\n\n\n<p><strong>Orsz\u00e1g:<\/strong> Magyarorsz\u00e1g<\/p>\n\n\n\n<p><strong>Adatkezel\u00e9si T\u00e1j\u00e9koztat\u00f3<\/strong><br>Utolj\u00e1ra friss\u00edtve: J\u00fanius 10, 2025<\/p>\n\n\n\n<p>Ez a Glampex Kft. adatkezel\u00e9si t\u00e1j\u00e9koztat\u00f3ja (C\u00e9gjegyz\u00e9ksz\u00e1m: [c\u00e9gjegyz\u00e9ksz\u00e1m beilleszt\u00e9se], a tov\u00e1bbiakban: \u201emi\u201d, \u201eminket\u201d vagy \u201emi\u00e9nk\u201d).<\/p>\n\n\n\n<h3 class=\"wp-block-heading has-superbfont-xlarge-font-size\">Tiszteletben tartjuk az \u00d6n adatait<\/h3>\n\n\n\n<ul class=\"wp-block-list\">\n<li>1.1 Tiszteletben tartjuk az \u00d6n mag\u00e1n\u00e9lethez val\u00f3 jog\u00e1t, \u00e9s elk\u00f6telezettek vagyunk \u00fcgyfeleink \u00e9s weboldalunk l\u00e1togat\u00f3inak szem\u00e9lyes adatainak v\u00e9delme ir\u00e1nt. Ez a szab\u00e1lyzat felv\u00e1zolja, hogyan gy\u0171jtj\u00fck \u00e9s kezelj\u00fck az \u00d6n szem\u00e9lyes adatait.<\/li>\n\n\n\n<li>1.2 Betartjuk az inform\u00e1ci\u00f3s \u00f6nrendelkez\u00e9si jogr\u00f3l \u00e9s az inform\u00e1ci\u00f3szabads\u00e1gr\u00f3l sz\u00f3l\u00f3 2011. \u00e9vi CXII. t\u00f6rv\u00e9nyt, valamint az EU \u00e1ltal\u00e1nos adatv\u00e9delmi rendelet\u00e9t (GDPR, 2016\/679 rendelet).<\/li>\n\n\n\n<li>1.3 A \u201eszem\u00e9lyes adat\u201d kifejez\u00e9s minden olyan inform\u00e1ci\u00f3t jelent, amelyet \u00d6nr\u0151l t\u00e1rolunk, \u00e9s amely azonos\u00edtja \u00d6nt, p\u00e9ld\u00e1ul a nev\u00e9t, e-mail c\u00edm\u00e9t vagy b\u00e1rmely m\u00e1s olyan inform\u00e1ci\u00f3t, amely k\u00f6zvetlen\u00fcl vagy k\u00f6zvetve azonos\u00edtja \u00d6nt.<\/li>\n\n\n\n<li>1.4 Az adatv\u00e9delmmel kapcsolatos tov\u00e1bbi inform\u00e1ci\u00f3k\u00e9rt k\u00e9rj\u00fck, \u00edr\u00e1sban vegye fel vel\u00fcnk a kapcsolatot a k\u00f6vetkez\u0151 c\u00edmen: <a href=\"mailto:info@glampex.hu\">info@glampex.hu<\/a>.<\/li>\n<\/ul>\n\n\n\n<h3 class=\"wp-block-heading has-superbfont-xlarge-font-size\">Milyen szem\u00e9lyes adatokat gy\u0171jt\u00fcnk<\/h3>\n\n\n\n<ul class=\"wp-block-list\">\n<li>2.1 Id\u0151r\u0151l id\u0151re megkaphatjuk \u00e9s t\u00e1rolhatjuk azokat a szem\u00e9lyes adatokat, amelyeket \u00d6n a weboldalunkon kereszt\u00fcl, p\u00e9ld\u00e1ul a \u201eKapcsolat\u201d \u0171rlapon vagy a \u201eFeliratkoz\u00e1s\u201d funkci\u00f3n kereszt\u00fcl ad meg nek\u00fcnk.<\/li>\n\n\n\n<li>2.2 Ez mag\u00e1ban foglalhatja az \u00d6n nev\u00e9t, e-mail c\u00edm\u00e9t, telefonsz\u00e1m\u00e1t, beoszt\u00e1s\u00e1t, szervezet\u00e9t \u00e9s v\u00e1ros\u00e1t, hogy v\u00e1laszolni tudjunk a megkeres\u00e9s\u00e9re.<\/li>\n\n\n\n<li>2.3 Ezenk\u00edv\u00fcl b\u00e1rmilyen m\u00e1s inform\u00e1ci\u00f3t is gy\u0171jthet\u00fcnk, amelyet \u00d6n megad, amikor kapcsolatba l\u00e9p vel\u00fcnk.<\/li>\n<\/ul>\n\n\n\n<h3 class=\"wp-block-heading has-superbfont-xlarge-font-size\">Hogyan gy\u0171jtj\u00fck az \u00d6n szem\u00e9lyes adatait<\/h3>\n\n\n\n<ul class=\"wp-block-list\">\n<li>3.1 Szem\u00e9lyes adatokat k\u00fcl\u00f6nf\u00e9le m\u00f3dokon gy\u0171jt\u00fcnk, t\u00f6bbek k\u00f6z\u00f6tt akkor, amikor v\u00e1s\u00e1rol, k\u00e9rd\u00e9ssel fordul hozz\u00e1nk, feliratkozik h\u00edrlevel\u00fcnkre, vagy weboldalunkat haszn\u00e1lja. S\u00fctiket haszn\u00e1lhatunk, amelyek kis sz\u00f6veges f\u00e1jlok, amelyeket az eszk\u00f6z\u00e9re helyez\u00fcnk el, hogy megjegyezz\u00e9k a be\u00e1ll\u00edt\u00e1sait. A s\u00fctiket letilthatja a b\u00f6ng\u00e9sz\u0151 be\u00e1ll\u00edt\u00e1sain kereszt\u00fcl.<\/li>\n\n\n\n<li>3.2 Szem\u00e9lyes adatainak megad\u00e1s\u00e1val \u00d6n hozz\u00e1j\u00e1rul azok jelen Adatv\u00e9delmi Szab\u00e1lyzatnak megfelel\u0151 feldolgoz\u00e1s\u00e1hoz.<\/li>\n<\/ul>\n\n\n\n<h3 class=\"wp-block-heading has-superbfont-xlarge-font-size\">Hogyan haszn\u00e1ljuk fel az \u00d6n szem\u00e9lyes adatait<\/h3>\n\n\n\n<ul class=\"wp-block-list\">\n<li>4.1 Szem\u00e9lyes adatait kiz\u00e1r\u00f3lag az \u00d6n \u00e1ltal j\u00f3v\u00e1hagyott c\u00e9lokra haszn\u00e1ljuk fel, amelyek magukban foglalhatj\u00e1k:\n<ul class=\"wp-block-list\">\n<li>a) Term\u00e9kek \u00e9s szolg\u00e1ltat\u00e1sok ny\u00fajt\u00e1sa \u00fczleti tev\u00e9kenys\u00e9g\u00fcnk r\u00e9szek\u00e9nt;<\/li>\n\n\n\n<li>b) \u00dczleti tev\u00e9kenys\u00e9g\u00fcnk adminisztr\u00e1l\u00e1sa;<\/li>\n\n\n\n<li>c) Term\u00e9keink \u00e9s szolg\u00e1ltat\u00e1saink kezel\u00e9se, kutat\u00e1sa \u00e9s fejleszt\u00e9se;<\/li>\n\n\n\n<li>d) T\u00e1j\u00e9koztat\u00e1st ny\u00fajtunk term\u00e9keinkr\u0151l \u00e9s szolg\u00e1ltat\u00e1sainkr\u00f3l;<\/li>\n\n\n\n<li>e) Kommunik\u00e1ci\u00f3 \u00d6nnel k\u00fcl\u00f6nb\u00f6z\u0151 csatorn\u00e1kon kereszt\u00fcl, bele\u00e9rtve a telefonot, e-mailt, SMS-t vagy postai \u00faton;<\/li>\n\n\n\n<li>f) Panaszok kivizsg\u00e1l\u00e1sa.<\/li>\n<\/ul>\n<\/li>\n\n\n\n<li>Ha nem adja meg szem\u00e9lyes adatait, el\u0151fordulhat, hogy nem tudjuk \u00d6nnek term\u00e9keinket vagy szolg\u00e1ltat\u00e1sainkat k\u00edn\u00e1lni, vagy el\u0151fordulhat, hogy nem tudja teljes m\u00e9rt\u00e9kben haszn\u00e1lni weboldalunkat.<\/li>\n\n\n\n<li>4.2 Szem\u00e9lyes adatait nyilv\u00e1noss\u00e1gra hozhatjuk, ha azt t\u00f6rv\u00e9ny, rendelet, b\u00edr\u00f3s\u00e1gi v\u00e9gz\u00e9s, id\u00e9z\u00e9s, hivatalos k\u00e9r\u00e9s vagy jogi elj\u00e1r\u00e1s el\u0151\u00edrja.<\/li>\n\n\n\n<li>4.3 Amennyiben v\u00e1llalkoz\u00e1sunk tulajdonjoga megv\u00e1ltozik, vagy eszk\u00f6zeink elad\u00e1sra vagy \u00e1truh\u00e1z\u00e1sra ker\u00fclnek, fenntartjuk a jogot a felhaszn\u00e1l\u00f3i adatok, bele\u00e9rtve a szem\u00e9lyes \u00e9s nem szem\u00e9lyes adatokat is, a t\u00f6rv\u00e9ny \u00e1ltal megengedett m\u00f3don t\u00f6rt\u00e9n\u0151 \u00e1tad\u00e1s\u00e1ra.<\/li>\n<\/ul>\n\n\n\n<h3 class=\"wp-block-heading has-superbfont-xlarge-font-size\">Szem\u00e9lyes adatok k\u00f6zz\u00e9t\u00e9tele<\/h3>\n\n\n\n<ul class=\"wp-block-list\">\n<li>5.1 Szem\u00e9lyes adatokat k\u00f6z\u00f6lhet\u00fcnk alkalmazottainkkal, tisztvisel\u0151inkkel, biztos\u00edt\u00f3inkkal, szakmai tan\u00e1csad\u00f3inkkal, \u00fcgyn\u00f6keinkkel, besz\u00e1ll\u00edt\u00f3inkkal vagy alv\u00e1llalkoz\u00f3inkkal, amennyiben az a jelen szab\u00e1lyzatban meghat\u00e1rozott c\u00e9lokb\u00f3l \u00e9szszer\u0171en sz\u00fcks\u00e9ges.<\/li>\n\n\n\n<li>5.2 Amennyiben szem\u00e9lyes adatait harmadik feleknek kiadjuk, biztos\u00edtjuk azok v\u00e9delm\u00e9t a jelen Adatv\u00e9delmi Szab\u00e1lyzatnak megfelel\u0151en.<\/li>\n<\/ul>\n\n\n\n<h3 class=\"wp-block-heading has-superbfont-xlarge-font-size\">Adatt\u00e1rol\u00e1s \u00e9s nemzetk\u00f6zi adat\u00e1tvitel<\/h3>\n\n\n\n<ul class=\"wp-block-list\">\n<li>6.1 A gy\u0171jt\u00f6tt adatokat t\u00e1rolhatjuk, feldolgozhatjuk vagy tov\u00e1bb\u00edthatjuk Magyarorsz\u00e1gon k\u00edv\u00fcli feleknek vagy helysz\u00ednekre.<\/li>\n\n\n\n<li>6.2 Irod\u00e1ink \u00e9s l\u00e9tes\u00edtm\u00e9nyeink Magyarorsz\u00e1gon tal\u00e1lhat\u00f3k. Amennyiben Magyarorsz\u00e1gon k\u00edv\u00fcl nyitunk irod\u00e1kat, biztos\u00edtjuk, hogy minden nemzetk\u00f6zi adattov\u00e1bb\u00edt\u00e1s megfeleljen a GDPR k\u00f6vetelm\u00e9nyeinek.<\/li>\n\n\n\n<li>6.3 \u00d6n tudom\u00e1sul veszi, hogy a weboldalunkon vagy szolg\u00e1ltat\u00e1sainkon kereszt\u00fcl k\u00f6zz\u00e9tett szem\u00e9lyes adatai vil\u00e1gszerte hozz\u00e1f\u00e9rhet\u0151k lehetnek. Nem tudjuk megakad\u00e1lyozni, hogy m\u00e1sok felhaszn\u00e1lj\u00e1k vagy vissza\u00e9ljenek az ilyen adatokkal.<\/li>\n<\/ul>\n\n\n\n<h3 class=\"wp-block-heading has-superbfont-xlarge-font-size\">Szem\u00e9lyes adatainak v\u00e9delme<\/h3>\n\n\n\n<ul class=\"wp-block-list\">\n<li>7.1 Elk\u00f6telezettek vagyunk az \u00d6n adatainak v\u00e9delme ir\u00e1nt. Megfelel\u0151 fizikai, elektronikus \u00e9s vezet\u00e9si elj\u00e1r\u00e1sokat alkalmazunk a jogosulatlan hozz\u00e1f\u00e9r\u00e9s, nyilv\u00e1noss\u00e1gra hozatal, vissza\u00e9l\u00e9s, elveszt\u00e9s, megv\u00e1ltoztat\u00e1s vagy megsemmis\u00edt\u00e9s elleni v\u00e9delem \u00e9rdek\u00e9ben.<\/li>\n\n\n\n<li>7.2 Az interneten kereszt\u00fcli adat\u00e1tvitel saj\u00e1t felel\u0151ss\u00e9g\u00e9re t\u00f6rt\u00e9nik. B\u00e1r int\u00e9zked\u00e9seket tesz\u00fcnk a szem\u00e9lyes adatok v\u00e9delme \u00e9rdek\u00e9ben, az \u00e1tvitel sor\u00e1n nem tudjuk garant\u00e1lni azok biztons\u00e1g\u00e1t.<\/li>\n<\/ul>\n\n\n\n<h3 class=\"wp-block-heading has-superbfont-xlarge-font-size\">Hozz\u00e1f\u00e9r\u00e9s a szem\u00e9lyes adataihoz<\/h3>\n\n\n\n<ul class=\"wp-block-list\">\n<li>8.1 A 2011. \u00e9vi CXII. t\u00f6rv\u00e9nynek \u00e9s a GDPR-nak megfelel\u0151en k\u00e9rheti az \u00d6nr\u0151l t\u00e1rolt szem\u00e9lyes adatok r\u00e9szleteit. Hozz\u00e1f\u00e9r\u00e9s k\u00e9r\u00e9s\u00e9hez, vagy ha \u00fagy gondolja, hogy az \u00d6nr\u0151l t\u00e1rolt adatok helytelenek, elavultak, hi\u00e1nyosak, irrelev\u00e1nsak vagy f\u00e9lrevezet\u0151ek, k\u00e9rj\u00fck, \u00edrjon a k\u00f6vetkez\u0151 c\u00edmre: <a href=\"mailto:info@glampex.hu\">info@glampex.hu<\/a>.<\/li>\n\n\n\n<li>8.2 Fenntartjuk a jogot, hogy inform\u00e1ci\u00f3kat visszatartsunk, amennyiben azt az alkalmazand\u00f3 jogszab\u00e1lyok megengedik.<\/li>\n<\/ul>\n\n\n\n<h3 class=\"wp-block-heading has-superbfont-xlarge-font-size\">Mennyi ideig t\u00e1roljuk az adatait<\/h3>\n\n\n\n<ul class=\"wp-block-list\">\n<li>9.1 Szem\u00e9lyes adatait nem \u0151rizz\u00fck meg hosszabb ideig, mint amennyi a jelen Adatv\u00e9delmi Szab\u00e1lyzatban meghat\u00e1rozott konkr\u00e9t c\u00e9lok teljes\u00edt\u00e9s\u00e9hez \u00e9s jogi k\u00f6telezetts\u00e9geinknek val\u00f3 megfelel\u00e9shez sz\u00fcks\u00e9ges.<\/li>\n<\/ul>\n\n\n\n<h3 class=\"wp-block-heading has-superbfont-xlarge-font-size\">Adatv\u00e9delmi panaszok<\/h3>\n\n\n\n<ul class=\"wp-block-list\">\n<li>10.1 Ha panasza van adatv\u00e9delmi gyakorlatunkkal kapcsolatban, k\u00e9rj\u00fck, k\u00fcldje el a r\u00e9szleteket a k\u00f6vetkez\u0151 c\u00edmre: <a href=\"mailto:info@glampex.hu\">info@glampex.hu<\/a>. A panaszokat komolyan vessz\u00fck, \u00e9s igyeksz\u00fcnk az \u00edr\u00e1sos panasz k\u00e9zhezv\u00e9tel\u00e9t\u0151l sz\u00e1m\u00edtott 30 napon bel\u00fcl v\u00e1laszolni.<\/li>\n<\/ul>\n\n\n\n<h3 class=\"wp-block-heading has-superbfont-xlarge-font-size\">Adatv\u00e9delmi ir\u00e1nyelvek m\u00f3dos\u00edt\u00e1sai<\/h3>\n\n\n\n<ul class=\"wp-block-list\">\n<li>11.1 Saj\u00e1t bel\u00e1t\u00e1sunk szerint m\u00f3dos\u00edthatjuk ezt az Adatv\u00e9delmi Szab\u00e1lyzatot. A friss\u00edt\u00e9sek a weboldalunkon val\u00f3 k\u00f6zz\u00e9t\u00e9tel\u00fcket k\u00f6vet\u0151en azonnal hat\u00e1lyba l\u00e9pnek. K\u00e9rj\u00fck, rendszeresen tekintse \u00e1t ezt a szab\u00e1lyzatot.<\/li>\n<\/ul>\n\n\n\n<p><\/p>","protected":false},"excerpt":{"rendered":"<p>GLAMPEX KFT Address: Hungary Privacy PolicyLast updated: June 10, 2025 This is the Privacy Policy of Glampex Kft (Company registration number: [insert registration number], hereinafter: \u201cwe\u201d, \u201cus\u201d, or \u201cour\u201d). We Respect Your Privacy What Personal Data We Collect How We Collect Your Personal Data How We Use Your Personal Data Disclosure of Personal Data Data [&hellip;]<\/p>","protected":false},"author":1,"featured_media":0,"parent":0,"menu_order":0,"comment_status":"closed","ping_status":"closed","template":"wp-custom-template-pages-not-front","meta":{"om_disable_all_campaigns":false,"_monsterinsights_skip_tracking":false,"_monsterinsights_sitenote_active":false,"_monsterinsights_sitenote_note":"","_monsterinsights_sitenote_category":0,"footnotes":""},"class_list":["post-738","page","type-page","status-publish","hentry"],"aioseo_notices":[],"_links":{"self":[{"href":"https:\/\/glampex.hu\/hu\/wp-json\/wp\/v2\/pages\/738","targetHints":{"allow":["GET"]}}],"collection":[{"href":"https:\/\/glampex.hu\/hu\/wp-json\/wp\/v2\/pages"}],"about":[{"href":"https:\/\/glampex.hu\/hu\/wp-json\/wp\/v2\/types\/page"}],"author":[{"embeddable":true,"href":"https:\/\/glampex.hu\/hu\/wp-json\/wp\/v2\/users\/1"}],"replies":[{"embeddable":true,"href":"https:\/\/glampex.hu\/hu\/wp-json\/wp\/v2\/comments?post=738"}],"version-history":[{"count":3,"href":"https:\/\/glampex.hu\/hu\/wp-json\/wp\/v2\/pages\/738\/revisions"}],"predecessor-version":[{"id":1767,"href":"https:\/\/glampex.hu\/hu\/wp-json\/wp\/v2\/pages\/738\/revisions\/1767"}],"wp:attachment":[{"href":"https:\/\/glampex.hu\/hu\/wp-json\/wp\/v2\/media?parent=738"}],"curies":[{"name":"wp","href":"https:\/\/api.w.org\/{rel}","templated":true}]}}